{"id":131723,"date":"2022-09-08T14:10:08","date_gmt":"2022-09-08T12:10:08","guid":{"rendered":"https:\/\/moldbrothers.nl\/?post_type=product&#038;p=131723"},"modified":"2025-11-18T09:15:54","modified_gmt":"2025-11-18T08:15:54","slug":"moule-a-langoustine","status":"publish","type":"product","link":"https:\/\/shop.moldbrothers.com\/fr\/produit\/moule-a-langoustine\/","title":{"rendered":"Langoustine Mold"},"content":{"rendered":"","protected":false},"excerpt":{"rendered":"<p>Ce moule en silicone de haute qualit\u00e9, avec la forme d'une pince de langoustine tr\u00e8s r\u00e9aliste, contient 6 formes et est fabriqu\u00e9 en silicone alimentaire 100%. Le moule peut supporter une temp\u00e9rature comprise entre -40\u00b0C et +200\u00b0C. Il convient donc aussi bien pour le cong\u00e9lateur (choc) que pour le four.<\/p>","protected":false},"featured_media":131750,"template":"","meta":{"_seopress_robots_primary_cat":"none","_seopress_titles_title":"","_seopress_titles_desc":"","_seopress_robots_index":""},"product_brand":[],"product_cat":[159,194],"product_tag":[481,642,641,482,619,559,606,498,643,575],"woo-feed-brand":[],"class_list":{"0":"post-131723","1":"product","2":"type-product","3":"status-publish","4":"has-post-thumbnail","6":"product_cat-3dmolds","7":"product_cat-realistic","8":"product_tag-caviar","9":"product_tag-claw","10":"product_tag-crab","11":"product_tag-kaviaar","12":"product_tag-moul","13":"product_tag-moule","14":"product_tag-moulle","15":"product_tag-sea","16":"product_tag-shrimp","17":"product_tag-zee","19":"first","20":"instock","21":"taxable","22":"shipping-taxable","23":"purchasable","24":"product-type-simple"},"_links":{"self":[{"href":"https:\/\/shop.moldbrothers.com\/fr\/wp-json\/wp\/v2\/product\/131723","targetHints":{"allow":["GET"]}}],"collection":[{"href":"https:\/\/shop.moldbrothers.com\/fr\/wp-json\/wp\/v2\/product"}],"about":[{"href":"https:\/\/shop.moldbrothers.com\/fr\/wp-json\/wp\/v2\/types\/product"}],"wp:featuredmedia":[{"embeddable":true,"href":"https:\/\/shop.moldbrothers.com\/fr\/wp-json\/wp\/v2\/media\/131750"}],"wp:attachment":[{"href":"https:\/\/shop.moldbrothers.com\/fr\/wp-json\/wp\/v2\/media?parent=131723"}],"wp:term":[{"taxonomy":"product_brand","embeddable":true,"href":"https:\/\/shop.moldbrothers.com\/fr\/wp-json\/wp\/v2\/product_brand?post=131723"},{"taxonomy":"product_cat","embeddable":true,"href":"https:\/\/shop.moldbrothers.com\/fr\/wp-json\/wp\/v2\/product_cat?post=131723"},{"taxonomy":"product_tag","embeddable":true,"href":"https:\/\/shop.moldbrothers.com\/fr\/wp-json\/wp\/v2\/product_tag?post=131723"},{"taxonomy":"woo-feed-brand","embeddable":true,"href":"https:\/\/shop.moldbrothers.com\/fr\/wp-json\/wp\/v2\/woo-feed-brand?post=131723"}],"curies":[{"name":"wp","href":"https:\/\/api.w.org\/{rel}","templated":true}]}}