{"id":129996,"date":"2022-07-19T11:23:10","date_gmt":"2022-07-19T09:23:10","guid":{"rendered":"https:\/\/moldbrothers.nl\/?post_type=product&#038;p=129996"},"modified":"2026-01-13T09:16:26","modified_gmt":"2026-01-13T08:16:26","slug":"kit-de-pressage-de-fleurs","status":"publish","type":"product","link":"https:\/\/shop.moldbrothers.com\/fr\/produit\/kit-de-pressage-de-fleurs\/","title":{"rendered":"Kit de pressage de fleurs"},"content":{"rendered":"<div class=\"grid grid-cols-1 lg:grid-cols-2 lg:gap-12\"><div class=\"col-span-1 self-center\"><figure class=\"h-[clamp(200px,40vw,600px)!important]\"><img decoding=\"async\" class=\"w-full h-full object-cover object-center rounded-2xl\" src=\"https:\/\/shop.moldbrothers.com\/wp-content\/uploads\/2022\/07\/DSC03279-scaled-e1684074511240.jpg\" alt=\"\" \/><\/figure><\/div><div class=\"col-span-1 self-center\"><div class=\"lg:pl-20\"><\/p>\n<h6>Collaboration<\/h6>\n<h2>Mike Cornelissen<\/h2>\n<p>Con\u00e7u en collaboration avec le chef Mike Cornelissen du Restaurant Rijnzicht*. Mike cherchait une fa\u00e7on \u00e9l\u00e9gante de faire ressembler les fleurs de son jardin \u00e0 l&#039;assiette. Nous avons con\u00e7u cet incroyable kit de pressage de fleurs pour cr\u00e9er ce plat, ou de nombreuses autres versions avec de nombreuses saveurs diff\u00e9rentes. Sois cr\u00e9atif!<\/div><\/div><\/div>","protected":false},"excerpt":{"rendered":"<p>Cet ensemble de haute qualit\u00e9 comprend un moule \u00e0 presser en silicone et un pochoir en acrylique. Le moule en silicone, en forme de feuille de fleur r\u00e9aliste, se compose de deux parties qui s'embo\u00eetent avec pr\u00e9cision et sont fabriqu\u00e9es en silicone alimentaire 100%. Il peut r\u00e9sister \u00e0 des temp\u00e9ratures comprises entre -40\u00b0C et +200\u00b0C, ce qui le rend utilisable aussi bien au cong\u00e9lateur (choc) qu'au four. Le pochoir ne passe pas au lave-vaisselle : nous recommandons de le rincer \u00e0 l'eau ti\u00e8de (40\u00b0C) sans utiliser de produits de nettoyage.<\/p>","protected":false},"featured_media":129999,"template":"","meta":{"_seopress_robots_primary_cat":"none","_seopress_titles_title":"","_seopress_titles_desc":"","_seopress_robots_index":""},"product_brand":[],"product_cat":[202],"product_tag":[],"woo-feed-brand":[],"class_list":{"0":"post-129996","1":"product","2":"type-product","3":"status-publish","4":"has-post-thumbnail","6":"product_cat-pressing-kits","8":"first","9":"instock","10":"taxable","11":"shipping-taxable","12":"product-type-grouped"},"_links":{"self":[{"href":"https:\/\/shop.moldbrothers.com\/fr\/wp-json\/wp\/v2\/product\/129996","targetHints":{"allow":["GET"]}}],"collection":[{"href":"https:\/\/shop.moldbrothers.com\/fr\/wp-json\/wp\/v2\/product"}],"about":[{"href":"https:\/\/shop.moldbrothers.com\/fr\/wp-json\/wp\/v2\/types\/product"}],"wp:featuredmedia":[{"embeddable":true,"href":"https:\/\/shop.moldbrothers.com\/fr\/wp-json\/wp\/v2\/media\/129999"}],"wp:attachment":[{"href":"https:\/\/shop.moldbrothers.com\/fr\/wp-json\/wp\/v2\/media?parent=129996"}],"wp:term":[{"taxonomy":"product_brand","embeddable":true,"href":"https:\/\/shop.moldbrothers.com\/fr\/wp-json\/wp\/v2\/product_brand?post=129996"},{"taxonomy":"product_cat","embeddable":true,"href":"https:\/\/shop.moldbrothers.com\/fr\/wp-json\/wp\/v2\/product_cat?post=129996"},{"taxonomy":"product_tag","embeddable":true,"href":"https:\/\/shop.moldbrothers.com\/fr\/wp-json\/wp\/v2\/product_tag?post=129996"},{"taxonomy":"woo-feed-brand","embeddable":true,"href":"https:\/\/shop.moldbrothers.com\/fr\/wp-json\/wp\/v2\/woo-feed-brand?post=129996"}],"curies":[{"name":"wp","href":"https:\/\/api.w.org\/{rel}","templated":true}]}}