{"id":125492,"date":"2020-10-05T09:10:53","date_gmt":"2020-10-05T07:10:53","guid":{"rendered":"https:\/\/moldbrothers.nl\/?post_type=product&#038;p=125492"},"modified":"2025-11-18T09:01:53","modified_gmt":"2025-11-18T08:01:53","slug":"ensemble-de-presse-feuilles","status":"publish","type":"product","link":"https:\/\/shop.moldbrothers.com\/fr\/produit\/ensemble-de-presse-feuilles\/","title":{"rendered":"Kit de pressage de feuilles"},"content":{"rendered":"","protected":false},"excerpt":{"rendered":"<p>Cet ensemble de haute qualit\u00e9 comprend une presse en silicone, un moule \u00e0 presser en silicone assorti et un pochoir en acrylique avec 23 formes. Le pochoir est fabriqu\u00e9 en acrylique alimentaire, parfait pour une mise en forme propre et r\u00e9guli\u00e8re. La presse est fabriqu\u00e9e en silicone alimentaire 100%, r\u00e9sistant \u00e0 la chaleur, durable et con\u00e7u pour une utilisation quotidienne dans la cuisine.<\/p>\n<p>Cette presse est compatible avec tous les pochoirs de la gamme\u00a0<a href=\"https:\/\/shop.moldbrothers.com\/fr\/produit\/leaf-stencil-case\/\" target=\"_blank\" rel=\"noopener\">Feuille Pochoir Cas<\/a>,\u00a0<a href=\"https:\/\/shop.moldbrothers.com\/fr\/produit\/herb-stencil-case\/\">\u00c9tui \u00e0 pochoirs aux herbes <\/a>et le\u00a0<a href=\"https:\/\/shop.moldbrothers.com\/fr\/produit\/pochoir-shiso\/\" target=\"_blank\" rel=\"noopener\">Pochoir Shiso<\/a><\/p>","protected":false},"featured_media":143600,"template":"","meta":{"_seopress_robots_primary_cat":"none","_seopress_titles_title":"","_seopress_titles_desc":"","_seopress_robots_index":""},"product_brand":[],"product_cat":[202],"product_tag":[],"woo-feed-brand":[],"class_list":{"0":"post-125492","1":"product","2":"type-product","3":"status-publish","4":"has-post-thumbnail","6":"product_cat-pressing-kits","8":"first","9":"instock","10":"sale","11":"taxable","12":"shipping-taxable","13":"product-type-grouped"},"_links":{"self":[{"href":"https:\/\/shop.moldbrothers.com\/fr\/wp-json\/wp\/v2\/product\/125492","targetHints":{"allow":["GET"]}}],"collection":[{"href":"https:\/\/shop.moldbrothers.com\/fr\/wp-json\/wp\/v2\/product"}],"about":[{"href":"https:\/\/shop.moldbrothers.com\/fr\/wp-json\/wp\/v2\/types\/product"}],"wp:featuredmedia":[{"embeddable":true,"href":"https:\/\/shop.moldbrothers.com\/fr\/wp-json\/wp\/v2\/media\/143600"}],"wp:attachment":[{"href":"https:\/\/shop.moldbrothers.com\/fr\/wp-json\/wp\/v2\/media?parent=125492"}],"wp:term":[{"taxonomy":"product_brand","embeddable":true,"href":"https:\/\/shop.moldbrothers.com\/fr\/wp-json\/wp\/v2\/product_brand?post=125492"},{"taxonomy":"product_cat","embeddable":true,"href":"https:\/\/shop.moldbrothers.com\/fr\/wp-json\/wp\/v2\/product_cat?post=125492"},{"taxonomy":"product_tag","embeddable":true,"href":"https:\/\/shop.moldbrothers.com\/fr\/wp-json\/wp\/v2\/product_tag?post=125492"},{"taxonomy":"woo-feed-brand","embeddable":true,"href":"https:\/\/shop.moldbrothers.com\/fr\/wp-json\/wp\/v2\/woo-feed-brand?post=125492"}],"curies":[{"name":"wp","href":"https:\/\/api.w.org\/{rel}","templated":true}]}}