{"id":125490,"date":"2019-02-11T22:40:59","date_gmt":"2019-02-11T21:40:59","guid":{"rendered":"https:\/\/moldbrothers.nl\/?post_type=product&#038;p=125490"},"modified":"2025-11-18T08:52:44","modified_gmt":"2025-11-18T07:52:44","slug":"moules-a-bagues","status":"publish","type":"product","link":"https:\/\/shop.moldbrothers.com\/fr\/produit\/moules-a-bagues\/","title":{"rendered":"Anneau Molds"},"content":{"rendered":"","protected":false},"excerpt":{"rendered":"<p>Moules en forme d'anneau de haute qualit\u00e9 en silicone alimentaire 100%. Convient pour une utilisation dans les fours et les cong\u00e9lateurs (de choc) avec une plage de temp\u00e9rature allant de -40\u00b0C \u00e0 +200\u00b0C.<\/p>","protected":false},"featured_media":152701,"template":"","meta":{"_seopress_robots_primary_cat":"none","_seopress_titles_title":"","_seopress_titles_desc":"","_seopress_robots_index":""},"product_brand":[],"product_cat":[159,193],"product_tag":[681,680,521,662,682,619,559,606],"woo-feed-brand":[],"class_list":{"0":"post-125490","1":"product","2":"type-product","3":"status-publish","4":"has-post-thumbnail","6":"product_cat-3dmolds","7":"product_cat-essentials","8":"product_tag-basic","9":"product_tag-basics","10":"product_tag-circle","11":"product_tag-donut","12":"product_tag-easy","13":"product_tag-moul","14":"product_tag-moule","15":"product_tag-moulle","17":"first","18":"instock","19":"taxable","20":"shipping-taxable","21":"product-type-grouped"},"_links":{"self":[{"href":"https:\/\/shop.moldbrothers.com\/fr\/wp-json\/wp\/v2\/product\/125490","targetHints":{"allow":["GET"]}}],"collection":[{"href":"https:\/\/shop.moldbrothers.com\/fr\/wp-json\/wp\/v2\/product"}],"about":[{"href":"https:\/\/shop.moldbrothers.com\/fr\/wp-json\/wp\/v2\/types\/product"}],"wp:featuredmedia":[{"embeddable":true,"href":"https:\/\/shop.moldbrothers.com\/fr\/wp-json\/wp\/v2\/media\/152701"}],"wp:attachment":[{"href":"https:\/\/shop.moldbrothers.com\/fr\/wp-json\/wp\/v2\/media?parent=125490"}],"wp:term":[{"taxonomy":"product_brand","embeddable":true,"href":"https:\/\/shop.moldbrothers.com\/fr\/wp-json\/wp\/v2\/product_brand?post=125490"},{"taxonomy":"product_cat","embeddable":true,"href":"https:\/\/shop.moldbrothers.com\/fr\/wp-json\/wp\/v2\/product_cat?post=125490"},{"taxonomy":"product_tag","embeddable":true,"href":"https:\/\/shop.moldbrothers.com\/fr\/wp-json\/wp\/v2\/product_tag?post=125490"},{"taxonomy":"woo-feed-brand","embeddable":true,"href":"https:\/\/shop.moldbrothers.com\/fr\/wp-json\/wp\/v2\/woo-feed-brand?post=125490"}],"curies":[{"name":"wp","href":"https:\/\/api.w.org\/{rel}","templated":true}]}}