{"id":125364,"date":"2019-02-11T21:50:46","date_gmt":"2019-02-11T20:50:46","guid":{"rendered":"https:\/\/moldbrothers.nl\/?post_type=product&#038;p=125364"},"modified":"2025-11-27T12:31:20","modified_gmt":"2025-11-27T11:31:20","slug":"pochoirs-de-cercle","status":"publish","type":"product","link":"https:\/\/shop.moldbrothers.com\/fr\/produit\/pochoirs-de-cercle\/","title":{"rendered":"Cercle Pochoir Cas"},"content":{"rendered":"","protected":false},"excerpt":{"rendered":"<p class=\"\" data-start=\"52\" data-end=\"109\">Une base solide pour un placage propre ! Fabriqu\u00e9e \u00e0 partir de plaques de polystyr\u00e8ne de 1 mm d'\u00e9paisseur, cette bo\u00eete \u00e0 pochoirs est con\u00e7ue pour le passage. Des lignes \u00e9pur\u00e9es, des arrondis parfaits - pr\u00eat \u00e0 l'emploi.<\/p>\n<p class=\"\" style=\"text-align: left\" data-start=\"238\" data-end=\"256\">Disponible :<br \/>\n\u2013 Pochoir Cercle A3 2,5 cm \u00f8<br \/>\n\u2013 Pochoir Cercle A3 3,5 cm \u00f8<br \/>\n\u2013 Pochoir Cercle A3 4,5 cm \u00f8<br \/>\n\u2013 Pochoir Cercle A3 5,5 cm \u00f8<br \/>\n\u2013 Pochoir Cercle A3 6,5 cm \u00f8<\/p>\n<p class=\"\" data-start=\"413\" data-end=\"533\">Petit rappel : ces pochoirs <strong>ne partez pas<\/strong> au lave-vaisselle. Il suffit de rincer \u00e0 l'eau ti\u00e8de (environ 40\u00b0C), sans savon.<\/p>","protected":false},"featured_media":143320,"template":"","meta":{"_seopress_robots_primary_cat":"none","_seopress_titles_title":"","_seopress_titles_desc":"","_seopress_robots_index":""},"product_brand":[],"product_cat":[170,198],"product_tag":[],"woo-feed-brand":[],"class_list":{"0":"post-125364","1":"product","2":"type-product","3":"status-publish","4":"has-post-thumbnail","6":"product_cat-stencils","7":"product_cat-a3-stencils","9":"first","10":"instock","11":"taxable","12":"shipping-taxable","13":"product-type-grouped"},"_links":{"self":[{"href":"https:\/\/shop.moldbrothers.com\/fr\/wp-json\/wp\/v2\/product\/125364","targetHints":{"allow":["GET"]}}],"collection":[{"href":"https:\/\/shop.moldbrothers.com\/fr\/wp-json\/wp\/v2\/product"}],"about":[{"href":"https:\/\/shop.moldbrothers.com\/fr\/wp-json\/wp\/v2\/types\/product"}],"wp:featuredmedia":[{"embeddable":true,"href":"https:\/\/shop.moldbrothers.com\/fr\/wp-json\/wp\/v2\/media\/143320"}],"wp:attachment":[{"href":"https:\/\/shop.moldbrothers.com\/fr\/wp-json\/wp\/v2\/media?parent=125364"}],"wp:term":[{"taxonomy":"product_brand","embeddable":true,"href":"https:\/\/shop.moldbrothers.com\/fr\/wp-json\/wp\/v2\/product_brand?post=125364"},{"taxonomy":"product_cat","embeddable":true,"href":"https:\/\/shop.moldbrothers.com\/fr\/wp-json\/wp\/v2\/product_cat?post=125364"},{"taxonomy":"product_tag","embeddable":true,"href":"https:\/\/shop.moldbrothers.com\/fr\/wp-json\/wp\/v2\/product_tag?post=125364"},{"taxonomy":"woo-feed-brand","embeddable":true,"href":"https:\/\/shop.moldbrothers.com\/fr\/wp-json\/wp\/v2\/woo-feed-brand?post=125364"}],"curies":[{"name":"wp","href":"https:\/\/api.w.org\/{rel}","templated":true}]}}