{"id":124254,"date":"2022-02-12T13:26:45","date_gmt":"2022-02-12T12:26:45","guid":{"rendered":"https:\/\/moldbrothers.nl\/?post_type=product&#038;p=124254"},"modified":"2026-03-24T16:33:00","modified_gmt":"2026-03-24T15:33:00","slug":"presse-a-disque-de-ribble","status":"publish","type":"product","link":"https:\/\/shop.moldbrothers.com\/fr\/produit\/presse-a-disque-de-ribble\/","title":{"rendered":"Ribble Disc Pressing &#8211; Mold"},"content":{"rendered":"","protected":false},"excerpt":{"rendered":"<p>Un moule en silicone de haute qualit\u00e9.<\/p>\n<p>Le moule de pressage en silicone est fabriqu\u00e9 en forme de disque Ribble et est de qualit\u00e9 alimentaire 100%. Le moule se compose de deux parties qui s&#039;embo\u00eetent parfaitement et chaque moule a une longueur de 7,8 cm de diam\u00e8tre et une hauteur de 2 cm par moiti\u00e9. Le moule peut supporter une temp\u00e9rature comprise entre -40 \u00b0C et +200 \u00b0C. Le moule convient donc aussi bien au cong\u00e9lateur (choc) qu&#039;au four.<\/p>","protected":false},"featured_media":124107,"template":"","meta":{"_seopress_robots_primary_cat":"none","_seopress_titles_title":"","_seopress_titles_desc":"","_seopress_robots_index":""},"product_brand":[],"product_cat":[159,202,231],"product_tag":[],"woo-feed-brand":[],"class_list":{"0":"post-124254","1":"product","2":"type-product","3":"status-publish","4":"has-post-thumbnail","6":"product_cat-3dmolds","7":"product_cat-pressing-kits","8":"product_cat-hidden","10":"first","11":"instock","12":"taxable","13":"shipping-taxable","14":"purchasable","15":"product-type-simple"},"_links":{"self":[{"href":"https:\/\/shop.moldbrothers.com\/fr\/wp-json\/wp\/v2\/product\/124254","targetHints":{"allow":["GET"]}}],"collection":[{"href":"https:\/\/shop.moldbrothers.com\/fr\/wp-json\/wp\/v2\/product"}],"about":[{"href":"https:\/\/shop.moldbrothers.com\/fr\/wp-json\/wp\/v2\/types\/product"}],"wp:featuredmedia":[{"embeddable":true,"href":"https:\/\/shop.moldbrothers.com\/fr\/wp-json\/wp\/v2\/media\/124107"}],"wp:attachment":[{"href":"https:\/\/shop.moldbrothers.com\/fr\/wp-json\/wp\/v2\/media?parent=124254"}],"wp:term":[{"taxonomy":"product_brand","embeddable":true,"href":"https:\/\/shop.moldbrothers.com\/fr\/wp-json\/wp\/v2\/product_brand?post=124254"},{"taxonomy":"product_cat","embeddable":true,"href":"https:\/\/shop.moldbrothers.com\/fr\/wp-json\/wp\/v2\/product_cat?post=124254"},{"taxonomy":"product_tag","embeddable":true,"href":"https:\/\/shop.moldbrothers.com\/fr\/wp-json\/wp\/v2\/product_tag?post=124254"},{"taxonomy":"woo-feed-brand","embeddable":true,"href":"https:\/\/shop.moldbrothers.com\/fr\/wp-json\/wp\/v2\/woo-feed-brand?post=124254"}],"curies":[{"name":"wp","href":"https:\/\/api.w.org\/{rel}","templated":true}]}}