{"id":124017,"date":"2022-05-02T10:43:21","date_gmt":"2022-05-02T08:43:21","guid":{"rendered":"https:\/\/moldbrothers.nl\/?post_type=product&#038;p=124017"},"modified":"2025-01-16T11:27:19","modified_gmt":"2025-01-16T10:27:19","slug":"alex-dilling-x-moldbrothers-hunter-poulet-moule","status":"publish","type":"product","link":"https:\/\/shop.moldbrothers.com\/fr\/produit\/alex-dilling-x-moldbrothers-hunter-poulet-moule\/","title":{"rendered":"Alex Dilling - Poulet de chasse Mold"},"content":{"rendered":"<div class=\"wp-block-columns is-layout-flex wp-container-core-columns-is-layout-9d6595d7 wp-block-columns-is-layout-flex\">\n<div class=\"wp-block-column is-layout-flow wp-block-column-is-layout-flow\" style=\"flex-basis:45%\">\n<figure class=\"wp-block-image size-full is-style-default\"><img decoding=\"async\" width=\"800\" height=\"1206\" src=\"https:\/\/shop.moldbrothers.com\/wp-content\/uploads\/2023\/11\/WhatsApp-Image-2023-11-09-at-16.15.21.jpeg\" alt=\"Alex Dilling\" class=\"wp-image-153396\" srcset=\"https:\/\/shop.moldbrothers.com\/wp-content\/uploads\/2023\/11\/WhatsApp-Image-2023-11-09-at-16.15.21.jpeg 800w, https:\/\/shop.moldbrothers.com\/wp-content\/uploads\/2023\/11\/WhatsApp-Image-2023-11-09-at-16.15.21-768x1158.jpeg 768w, https:\/\/shop.moldbrothers.com\/wp-content\/uploads\/2023\/11\/WhatsApp-Image-2023-11-09-at-16.15.21-8x12.jpeg 8w\" sizes=\"(max-width: 800px) 100vw, 800px\" \/><\/figure>\n<\/div>\n\n\n\n<div class=\"wp-block-column is-layout-flow wp-block-column-is-layout-flow\" style=\"flex-basis:35.09%\">\n<h6 class=\"wp-block-heading\">Collaboration<\/h6>\n\n\n\n<h2 class=\"wp-block-heading\">\u00c0 propos du chef<\/h2>\n\n\n\n<p>Le chef Alex Dilling \u00e9tait l'ancien chef du c\u00e9l\u00e8bre restaurant The Greenhouse** \u00e0 Londres. Alex est consid\u00e9r\u00e9 comme l'un des chefs les plus comp\u00e9tents au monde sur le plan technique. Lorsqu'il a eu l'id\u00e9e de cr\u00e9er le moule \"Hunter Chicken\", il nous a demand\u00e9 de l'aider. Beaucoup d'entre vous n'ont pu que deviner comment ce plat \u00e9tonnant a \u00e9t\u00e9 r\u00e9alis\u00e9. Le secret : beaucoup de talent, de pers\u00e9v\u00e9rance et un peu d'aide d'un moule sur mesure.<\/p>\n\n\n<div class=\"wp-block-image\">\n<figure class=\"alignleft size-full is-resized\"><img decoding=\"async\" width=\"856\" height=\"857\" src=\"https:\/\/shop.moldbrothers.com\/wp-content\/uploads\/2022\/02\/ad-logo.jpeg\" alt=\"\" class=\"wp-image-124029\" style=\"aspect-ratio:0.9988331388564761;width:164px;height:auto\" srcset=\"https:\/\/shop.moldbrothers.com\/wp-content\/uploads\/2022\/02\/ad-logo.jpeg 856w, https:\/\/shop.moldbrothers.com\/wp-content\/uploads\/2022\/02\/ad-logo-100x100.jpeg 100w, https:\/\/shop.moldbrothers.com\/wp-content\/uploads\/2022\/02\/ad-logo-600x601.jpeg 600w, https:\/\/shop.moldbrothers.com\/wp-content\/uploads\/2022\/02\/ad-logo-150x150.jpeg 150w, https:\/\/shop.moldbrothers.com\/wp-content\/uploads\/2022\/02\/ad-logo-12x12.jpeg 12w\" sizes=\"(max-width: 856px) 100vw, 856px\" \/><\/figure>\n<\/div><\/div>\n<\/div>\n\n\n\n<p><\/p>","protected":false},"excerpt":{"rendered":"<p>Un moule en silicone de haute qualit\u00e9 avec la forme du plat \"Hunter Chicken\" d'Alex Dilling. Le moule contient 1 forme et est en silicone alimentaire 100%. Le moule peut r\u00e9sister \u00e0 une temp\u00e9rature comprise entre -40 \u00b0C et +200 \u00b0C. Le moule convient donc aussi bien pour le cong\u00e9lateur (choc) que pour le four.<\/p>\n<p>*En outre, vous recevrez une carte de recettes imprim\u00e9e du chef Alex Dilling, avec la recette de son c\u00e9l\u00e8bre plat \"Hunter Chicken\".<\/p>","protected":false},"featured_media":124019,"template":"","meta":{"_seopress_robots_primary_cat":"none","_seopress_titles_title":"","_seopress_titles_desc":"","_seopress_robots_index":"yes"},"product_brand":[],"product_cat":[159,229,231],"product_tag":[],"woo-feed-brand":[],"class_list":{"0":"post-124017","1":"product","2":"type-product","3":"status-publish","4":"has-post-thumbnail","6":"product_cat-3dmolds","7":"product_cat-abstract","8":"product_cat-hidden","10":"first","11":"instock","12":"taxable","13":"shipping-taxable","14":"purchasable","15":"product-type-simple"},"_links":{"self":[{"href":"https:\/\/shop.moldbrothers.com\/fr\/wp-json\/wp\/v2\/product\/124017","targetHints":{"allow":["GET"]}}],"collection":[{"href":"https:\/\/shop.moldbrothers.com\/fr\/wp-json\/wp\/v2\/product"}],"about":[{"href":"https:\/\/shop.moldbrothers.com\/fr\/wp-json\/wp\/v2\/types\/product"}],"wp:featuredmedia":[{"embeddable":true,"href":"https:\/\/shop.moldbrothers.com\/fr\/wp-json\/wp\/v2\/media\/124019"}],"wp:attachment":[{"href":"https:\/\/shop.moldbrothers.com\/fr\/wp-json\/wp\/v2\/media?parent=124017"}],"wp:term":[{"taxonomy":"product_brand","embeddable":true,"href":"https:\/\/shop.moldbrothers.com\/fr\/wp-json\/wp\/v2\/product_brand?post=124017"},{"taxonomy":"product_cat","embeddable":true,"href":"https:\/\/shop.moldbrothers.com\/fr\/wp-json\/wp\/v2\/product_cat?post=124017"},{"taxonomy":"product_tag","embeddable":true,"href":"https:\/\/shop.moldbrothers.com\/fr\/wp-json\/wp\/v2\/product_tag?post=124017"},{"taxonomy":"woo-feed-brand","embeddable":true,"href":"https:\/\/shop.moldbrothers.com\/fr\/wp-json\/wp\/v2\/woo-feed-brand?post=124017"}],"curies":[{"name":"wp","href":"https:\/\/api.w.org\/{rel}","templated":true}]}}