{"id":102965,"date":"2022-09-20T12:29:57","date_gmt":"2022-09-20T10:29:57","guid":{"rendered":"https:\/\/moldbrothers.nl\/?post_type=product&#038;p=102965"},"modified":"2025-11-26T11:36:27","modified_gmt":"2025-11-26T10:36:27","slug":"moisissures-des-feuilles-dautomne","status":"publish","type":"product","link":"https:\/\/shop.moldbrothers.com\/fr\/produit\/moisissures-des-feuilles-dautomne\/","title":{"rendered":"Feuille d'automne Tuille Molds"},"content":{"rendered":"","protected":false},"excerpt":{"rendered":"<p>Cet ensemble de moules en silicone de haute qualit\u00e9 pr\u00e9sente les formes de diverses feuilles d'automne, chaque moule contenant 5 formes. L'ensemble comprend les motifs de feuilles suivants :<\/p>\n<ul>\n<li>Feuille de H\u00eatre Tuille Mold<\/li>\n<li>Feuille d&#039;\u00e9pine noire Tuille Mold<\/li>\n<li>Feuille d&#039;orme Tuille Mold<\/li>\n<li>Feuille de Ch\u00eane Tuille Mold<\/li>\n<li>Feuille de Peuplier Tuille Mold<\/li>\n<\/ul>\n<p>Les moules sont fabriqu\u00e9s en silicone alimentaire 100% et peuvent r\u00e9sister \u00e0 des temp\u00e9ratures comprises entre -40\u00b0C et +200\u00b0C. Ils conviennent donc aussi bien au cong\u00e9lateur (choc) qu'au four. Ils conviennent donc aussi bien pour le cong\u00e9lateur (choc) que pour le four.<\/p>","protected":false},"featured_media":102947,"template":"","meta":{"_seopress_robots_primary_cat":"none","_seopress_titles_title":"","_seopress_titles_desc":"","_seopress_robots_index":""},"product_brand":[],"product_cat":[228,237],"product_tag":[1419,581,1413,1447,1431,534,532,564,1427,1416,566,1425,1429,1430,1446,1415,536,1437,1424,1440,1443,547,1438,1150,1418,533,535,1441,538,539,537,1436,1433,1420,530,1444,936,1435,1423,1432,1421,520,1428,1439,1195,1434,1426,1422,495,519,1417,1414,1445,550,1442],"woo-feed-brand":[],"class_list":{"0":"post-102965","1":"product","2":"type-product","3":"status-publish","4":"has-post-thumbnail","6":"product_cat-2dmolds","7":"product_cat-natural","8":"product_tag-acorn","9":"product_tag-apple","10":"product_tag-autumn","11":"product_tag-autumn-vibes","12":"product_tag-bark","13":"product_tag-blad","14":"product_tag-bladeren","15":"product_tag-cacao","16":"product_tag-caramel","17":"product_tag-chestnut","18":"product_tag-chocolate","19":"product_tag-cinnamon","20":"product_tag-comfort-food","21":"product_tag-cozy","22":"product_tag-deep-flavors","23":"product_tag-earth-tones","24":"product_tag-fall","25":"product_tag-festive","26":"product_tag-fig","27":"product_tag-fireplace","28":"product_tag-foliage","29":"product_tag-forest","30":"product_tag-golden-brown","31":"product_tag-harvest","32":"product_tag-hazelnut","33":"product_tag-herfst","34":"product_tag-herst","35":"product_tag-hygge","36":"product_tag-leaf","37":"product_tag-leafes","38":"product_tag-leaves","39":"product_tag-limited-edition","40":"product_tag-moss","41":"product_tag-mushroom","42":"product_tag-nature","43":"product_tag-nuts-seeds","44":"product_tag-oak","45":"product_tag-organic-shapes","46":"product_tag-pear","47":"product_tag-pine","48":"product_tag-pumpkin","49":"product_tag-ring","50":"product_tag-roasted","51":"product_tag-rustic","52":"product_tag-seasonal","53":"product_tag-soil","54":"product_tag-spices","55":"product_tag-squash","56":"product_tag-tuile","57":"product_tag-tuille-forme","58":"product_tag-walnut","59":"product_tag-warm-colors","60":"product_tag-warm-textures","61":"product_tag-wood","62":"product_tag-woodland","64":"first","65":"instock","66":"sale","67":"taxable","68":"shipping-taxable","69":"product-type-grouped"},"_links":{"self":[{"href":"https:\/\/shop.moldbrothers.com\/fr\/wp-json\/wp\/v2\/product\/102965","targetHints":{"allow":["GET"]}}],"collection":[{"href":"https:\/\/shop.moldbrothers.com\/fr\/wp-json\/wp\/v2\/product"}],"about":[{"href":"https:\/\/shop.moldbrothers.com\/fr\/wp-json\/wp\/v2\/types\/product"}],"wp:featuredmedia":[{"embeddable":true,"href":"https:\/\/shop.moldbrothers.com\/fr\/wp-json\/wp\/v2\/media\/102947"}],"wp:attachment":[{"href":"https:\/\/shop.moldbrothers.com\/fr\/wp-json\/wp\/v2\/media?parent=102965"}],"wp:term":[{"taxonomy":"product_brand","embeddable":true,"href":"https:\/\/shop.moldbrothers.com\/fr\/wp-json\/wp\/v2\/product_brand?post=102965"},{"taxonomy":"product_cat","embeddable":true,"href":"https:\/\/shop.moldbrothers.com\/fr\/wp-json\/wp\/v2\/product_cat?post=102965"},{"taxonomy":"product_tag","embeddable":true,"href":"https:\/\/shop.moldbrothers.com\/fr\/wp-json\/wp\/v2\/product_tag?post=102965"},{"taxonomy":"woo-feed-brand","embeddable":true,"href":"https:\/\/shop.moldbrothers.com\/fr\/wp-json\/wp\/v2\/woo-feed-brand?post=102965"}],"curies":[{"name":"wp","href":"https:\/\/api.w.org\/{rel}","templated":true}]}}