{"id":101192,"date":"2021-09-28T10:50:54","date_gmt":"2021-09-28T08:50:54","guid":{"rendered":"https:\/\/moldbrothers.nl\/?post_type=product&#038;p=101192"},"modified":"2025-11-18T09:05:36","modified_gmt":"2025-11-18T08:05:36","slug":"moule-tuille-optique-petit","status":"publish","type":"product","link":"https:\/\/shop.moldbrothers.com\/fr\/produit\/moule-tuille-optique-petit\/","title":{"rendered":"Optique Tuille Mold Petit"},"content":{"rendered":"","protected":false},"excerpt":{"rendered":"<p>Ce moule en silicone de haute qualit\u00e9, en forme de dessin optique, contient 6 formes et est fabriqu\u00e9 en silicone alimentaire 100%. Le moule peut r\u00e9sister \u00e0 une temp\u00e9rature comprise entre -40\u00b0C et +200\u00b0C. Il convient donc aussi bien au cong\u00e9lateur (choc) qu'au four. Il convient donc aussi bien pour le cong\u00e9lateur (choc) que pour le four.<\/p>","protected":false},"featured_media":101194,"template":"","meta":{"_seopress_robots_primary_cat":"none","_seopress_titles_title":"","_seopress_titles_desc":"","_seopress_robots_index":""},"product_brand":[],"product_cat":[228,203],"product_tag":[573,574,572,495,558,519],"woo-feed-brand":[],"class_list":{"0":"post-101192","1":"product","2":"type-product","3":"status-publish","4":"has-post-thumbnail","6":"product_cat-2dmolds","7":"product_cat-graphic","8":"product_tag-geometric","9":"product_tag-geometrisch","10":"product_tag-optisch","11":"product_tag-tuile","12":"product_tag-tuille","13":"product_tag-tuille-forme","15":"first","16":"instock","17":"taxable","18":"shipping-taxable","19":"purchasable","20":"product-type-simple"},"_links":{"self":[{"href":"https:\/\/shop.moldbrothers.com\/fr\/wp-json\/wp\/v2\/product\/101192","targetHints":{"allow":["GET"]}}],"collection":[{"href":"https:\/\/shop.moldbrothers.com\/fr\/wp-json\/wp\/v2\/product"}],"about":[{"href":"https:\/\/shop.moldbrothers.com\/fr\/wp-json\/wp\/v2\/types\/product"}],"wp:featuredmedia":[{"embeddable":true,"href":"https:\/\/shop.moldbrothers.com\/fr\/wp-json\/wp\/v2\/media\/101194"}],"wp:attachment":[{"href":"https:\/\/shop.moldbrothers.com\/fr\/wp-json\/wp\/v2\/media?parent=101192"}],"wp:term":[{"taxonomy":"product_brand","embeddable":true,"href":"https:\/\/shop.moldbrothers.com\/fr\/wp-json\/wp\/v2\/product_brand?post=101192"},{"taxonomy":"product_cat","embeddable":true,"href":"https:\/\/shop.moldbrothers.com\/fr\/wp-json\/wp\/v2\/product_cat?post=101192"},{"taxonomy":"product_tag","embeddable":true,"href":"https:\/\/shop.moldbrothers.com\/fr\/wp-json\/wp\/v2\/product_tag?post=101192"},{"taxonomy":"woo-feed-brand","embeddable":true,"href":"https:\/\/shop.moldbrothers.com\/fr\/wp-json\/wp\/v2\/woo-feed-brand?post=101192"}],"curies":[{"name":"wp","href":"https:\/\/api.w.org\/{rel}","templated":true}]}}