{"id":95251,"date":"2023-04-25T18:18:46","date_gmt":"2023-04-25T16:18:46","guid":{"rendered":"https:\/\/moldbrothers.nl\/?page_id=95251"},"modified":"2023-11-02T07:34:46","modified_gmt":"2023-11-02T06:34:46","slug":"warranty-returns","status":"publish","type":"page","link":"https:\/\/shop.moldbrothers.com\/fr\/warranty-returns\/","title":{"rendered":"Garantie et retours"},"content":{"rendered":"<h1>Garantie &amp; retours<\/h1>\n<p>Nous voulons que vous soyez enti\u00e8rement satisfait de votre achat, c&#039;est pourquoi nous proposons la politique de garantie et de retour suivante.<\/p>\n<p><strong>garantie<\/strong>:<br \/>\nMoldBrothers offre une garantie sur tous les produits achet\u00e9s directement sur notre site web ou sur demande personnalis\u00e9e. Notre garantie couvre les d\u00e9fauts de mat\u00e9riaux et de fabrication pendant une p\u00e9riode de deux ans \u00e0 compter de la date d'achat. Si vous rencontrez des probl\u00e8mes avec votre produit MoldBrothers pendant cette p\u00e9riode, veuillez nous contacter imm\u00e9diatement et fournir votre preuve d'achat. Nous travaillerons avec vous pour r\u00e9soudre le probl\u00e8me le plus rapidement possible.<\/p>\n<p>Veuillez noter que notre garantie ne couvre pas les dommages caus\u00e9s par une utilisation ou un entretien inappropri\u00e9s, les dommages accidentels ou l&#039;usure normale. Nous nous r\u00e9servons \u00e9galement le droit de d\u00e9terminer si un produit est couvert par la garantie ou non.<\/p>\n<p><strong>Retour:<br \/>\n<\/strong>Si pour une raison quelconque vous n&#039;\u00eates pas satisfait de votre produit MoldBrothers, vous pouvez le retourner dans les 14 jours suivant sa r\u00e9ception pour un remboursement complet ou un \u00e9change. Veuillez nous contacter \u00e0 info@moldbrothers.nl pour lancer le processus de retour.<\/p>\n<p>Pour \u00eatre \u00e9ligible \u00e0 un retour, le produit doit \u00eatre dans son \u00e9tat d&#039;origine, inutilis\u00e9 et inclure tous les emballages et accessoires d&#039;origine. Une fois que nous aurons re\u00e7u votre article retourn\u00e9, nous l&#039;inspecterons pour nous assurer qu&#039;il r\u00e9pond \u00e0 nos crit\u00e8res de retour. S&#039;il est approuv\u00e9, votre remboursement sera trait\u00e9 dans les 14 jours.<\/p>\n<p>MoldBrothers couvrira les frais de retour pour les clients au sein de l&#039;UE. Les clients en dehors de l&#039;UE seront responsables de leurs propres frais de retour. Nous nous r\u00e9servons \u00e9galement le droit de refuser les retours qui ne r\u00e9pondent pas \u00e0 nos crit\u00e8res de retour.<\/p>\n<p><strong>Mention l\u00e9gale:<\/strong><br \/>\nToutes les demandes de garantie et les retours sont soumis au droit n\u00e9erlandais et europ\u00e9en. Tout litige entre MoldBrothers et nos clients sera r\u00e9gl\u00e9 conform\u00e9ment au droit n\u00e9erlandais et europ\u00e9en.<\/p>\n<p>Si vous avez des questions ou des pr\u00e9occupations concernant notre garantie et notre politique de retour, n&#039;h\u00e9sitez pas \u00e0 nous contacter. Nous appr\u00e9cions votre entreprise et nous nous engageons \u00e0 vous fournir le meilleur service possible.<\/p>","protected":false},"excerpt":{"rendered":"<p>Garantie et retours Nous voulons que vous soyez enti\u00e8rement satisfait de votre achat, c'est pourquoi nous offrons la garantie et la politique de retours suivantes. Garantie : MoldBrothers offre une garantie sur tous les produits achet\u00e9s directement sur notre site web ou sur demande personnalis\u00e9e. Notre garantie couvre les d\u00e9fauts de mat\u00e9riaux et de fabrication pour une p\u00e9riode de deux ans [...]<\/p>","protected":false},"author":5738,"featured_media":0,"parent":0,"menu_order":0,"comment_status":"closed","ping_status":"closed","template":"","meta":{"_seopress_robots_primary_cat":"","_seopress_titles_title":"%%post_title%% %%sep%% %%sitetitle%%","_seopress_titles_desc":"","_seopress_robots_index":"","footnotes":""},"class_list":["post-95251","page","type-page","status-publish","hentry"],"_links":{"self":[{"href":"https:\/\/shop.moldbrothers.com\/fr\/wp-json\/wp\/v2\/pages\/95251","targetHints":{"allow":["GET"]}}],"collection":[{"href":"https:\/\/shop.moldbrothers.com\/fr\/wp-json\/wp\/v2\/pages"}],"about":[{"href":"https:\/\/shop.moldbrothers.com\/fr\/wp-json\/wp\/v2\/types\/page"}],"author":[{"embeddable":true,"href":"https:\/\/shop.moldbrothers.com\/fr\/wp-json\/wp\/v2\/users\/5738"}],"replies":[{"embeddable":true,"href":"https:\/\/shop.moldbrothers.com\/fr\/wp-json\/wp\/v2\/comments?post=95251"}],"version-history":[{"count":2,"href":"https:\/\/shop.moldbrothers.com\/fr\/wp-json\/wp\/v2\/pages\/95251\/revisions"}],"predecessor-version":[{"id":152840,"href":"https:\/\/shop.moldbrothers.com\/fr\/wp-json\/wp\/v2\/pages\/95251\/revisions\/152840"}],"wp:attachment":[{"href":"https:\/\/shop.moldbrothers.com\/fr\/wp-json\/wp\/v2\/media?parent=95251"}],"curies":[{"name":"wp","href":"https:\/\/api.w.org\/{rel}","templated":true}]}}