{"id":142139,"date":"2023-04-25T18:29:10","date_gmt":"2023-04-25T16:29:10","guid":{"rendered":"https:\/\/shop.moldbrothers.com\/?page_id=142139"},"modified":"2023-11-02T08:41:59","modified_gmt":"2023-11-02T07:41:59","slug":"delivery","status":"publish","type":"page","link":"https:\/\/shop.moldbrothers.com\/fr\/delivery\/","title":{"rendered":"Livraison"},"content":{"rendered":"<h1>Production et exp\u00e9dition<\/h1>\n<p class=\"mt-4 mb-4\">Tous nos produits sont fabriqu\u00e9s \u00e0 la main sur commande. Il se peut donc que vous subissiez un l\u00e9ger retard pendant les p\u00e9riodes de pointe. *Nous produisons tout \u00e0 la demande et le temps d'attente en production peut donc varier.<\/p>\n<p><strong>D\u00e9lais d'exp\u00e9dition :<\/strong><br \/>\nNL\/BE (1-2 jours ouvrables),<br \/>\nDE (1-2 jours ouvrables),<br \/>\nEurope (2 jours ouvrables),<br \/>\nDans le monde entier (3-5 jours ouvrables).<\/p>\n<p>Merci de votre patience !<\/p>","protected":false},"excerpt":{"rendered":"<p>Production et exp\u00e9dition Tous nos produits sont fabriqu\u00e9s \u00e0 la main sur commande. Il se peut donc que vous subissiez un l\u00e9ger retard pendant les p\u00e9riodes de pointe. *Nous produisons tout \u00e0 la demande et le temps d'attente en production peut donc varier. D\u00e9lais d'exp\u00e9dition : NL\/BE (1-2 jours ouvrables), DE (1-2 jours ouvrables), Europe (2 jours ouvrables), Monde (3-5 jours ouvrables). Merci de [...]<\/p>","protected":false},"author":5738,"featured_media":0,"parent":0,"menu_order":0,"comment_status":"closed","ping_status":"closed","template":"","meta":{"_seopress_robots_primary_cat":"","_seopress_titles_title":"%%post_title%% %%sep%% %%sitetitle%%","_seopress_titles_desc":"","_seopress_robots_index":"","footnotes":""},"class_list":["post-142139","page","type-page","status-publish","hentry"],"_links":{"self":[{"href":"https:\/\/shop.moldbrothers.com\/fr\/wp-json\/wp\/v2\/pages\/142139","targetHints":{"allow":["GET"]}}],"collection":[{"href":"https:\/\/shop.moldbrothers.com\/fr\/wp-json\/wp\/v2\/pages"}],"about":[{"href":"https:\/\/shop.moldbrothers.com\/fr\/wp-json\/wp\/v2\/types\/page"}],"author":[{"embeddable":true,"href":"https:\/\/shop.moldbrothers.com\/fr\/wp-json\/wp\/v2\/users\/5738"}],"replies":[{"embeddable":true,"href":"https:\/\/shop.moldbrothers.com\/fr\/wp-json\/wp\/v2\/comments?post=142139"}],"version-history":[{"count":9,"href":"https:\/\/shop.moldbrothers.com\/fr\/wp-json\/wp\/v2\/pages\/142139\/revisions"}],"predecessor-version":[{"id":152851,"href":"https:\/\/shop.moldbrothers.com\/fr\/wp-json\/wp\/v2\/pages\/142139\/revisions\/152851"}],"wp:attachment":[{"href":"https:\/\/shop.moldbrothers.com\/fr\/wp-json\/wp\/v2\/media?parent=142139"}],"curies":[{"name":"wp","href":"https:\/\/api.w.org\/{rel}","templated":true}]}}