{"id":106563,"date":"2021-10-27T15:10:34","date_gmt":"2021-10-27T13:10:34","guid":{"rendered":"https:\/\/moldbrothers.nl\/vendor_dashboard\/"},"modified":"2021-10-27T15:10:34","modified_gmt":"2021-10-27T13:10:34","slug":"vendor_dashboard","status":"publish","type":"page","link":"https:\/\/shop.moldbrothers.com\/fr\/vendor_dashboard\/","title":{"rendered":"Tableau de bord Du vendeur"},"content":{"rendered":"<div class=\"guest_permmission_denied\">\n    <p class=\"guest_permmission_denied_message\">Il semble que vous essayez d'acc\u00e9der au tableau de bord des vendeurs. Cette fonction est exclusivement r\u00e9serv\u00e9e aux vendeurs enregistr\u00e9s.<br \/><br \/>Rejoignez notre place de march\u00e9 et commencez \u00e0 vendre vos produits \u00e0 un large public. Cliquez sur le lien ci-dessous pour vous inscrire et devenir vendeur d\u00e8s aujourd'hui !<\/p>\n    <a class=\"button\" href=\"https:\/\/shop.moldbrothers.com\/fr\/mon-compte\/\">S'inscrire en tant que vendeur<\/a>\n<\/div>","protected":false},"excerpt":{"rendered":"","protected":false},"author":1,"featured_media":0,"parent":0,"menu_order":0,"comment_status":"closed","ping_status":"closed","template":"","meta":{"_seopress_robots_primary_cat":"","_seopress_titles_title":"","_seopress_titles_desc":"","_seopress_robots_index":"","footnotes":""},"class_list":["post-106563","page","type-page","status-publish","hentry"],"_links":{"self":[{"href":"https:\/\/shop.moldbrothers.com\/fr\/wp-json\/wp\/v2\/pages\/106563","targetHints":{"allow":["GET"]}}],"collection":[{"href":"https:\/\/shop.moldbrothers.com\/fr\/wp-json\/wp\/v2\/pages"}],"about":[{"href":"https:\/\/shop.moldbrothers.com\/fr\/wp-json\/wp\/v2\/types\/page"}],"author":[{"embeddable":true,"href":"https:\/\/shop.moldbrothers.com\/fr\/wp-json\/wp\/v2\/users\/1"}],"replies":[{"embeddable":true,"href":"https:\/\/shop.moldbrothers.com\/fr\/wp-json\/wp\/v2\/comments?post=106563"}],"version-history":[{"count":0,"href":"https:\/\/shop.moldbrothers.com\/fr\/wp-json\/wp\/v2\/pages\/106563\/revisions"}],"wp:attachment":[{"href":"https:\/\/shop.moldbrothers.com\/fr\/wp-json\/wp\/v2\/media?parent=106563"}],"curies":[{"name":"wp","href":"https:\/\/api.w.org\/{rel}","templated":true}]}}