{"id":77498,"date":"2021-02-23T16:25:24","date_gmt":"2021-02-23T15:25:24","guid":{"rendered":"https:\/\/moldbrothers.nl\/?post_type=product&#038;p=77498"},"modified":"2026-01-07T11:50:04","modified_gmt":"2026-01-07T10:50:04","slug":"plantilla-de-pestanas","status":"publish","type":"product","link":"https:\/\/shop.moldbrothers.com\/es\/producto\/plantilla-de-pestanas\/","title":{"rendered":"Plantilla de follaje"},"content":{"rendered":"","protected":false},"excerpt":{"rendered":"<p>Esta plantilla Foliage est\u00e1 fabricada en poliestireno de 1 mm de grosor y es perfecta para dar un toque limpio y geom\u00e9trico a sus platos. El dise\u00f1o afilado a\u00f1ade un aspecto cuidado y moderno a los polvos, tuilles o salsas. No se puede lavar en el lavavajillas; enju\u00e1guelo con agua tibia (40\u00b0C) y evite el uso de productos de limpieza.<\/p>","protected":false},"featured_media":143441,"template":"","meta":{"_seopress_robots_primary_cat":"none","_seopress_titles_title":"","_seopress_titles_desc":"","_seopress_robots_index":""},"product_brand":[],"product_cat":[170,197],"product_tag":[],"woo-feed-brand":[],"class_list":{"0":"post-77498","1":"product","2":"type-product","3":"status-publish","4":"has-post-thumbnail","6":"product_cat-stencils","7":"product_cat-plate-stencils","9":"first","10":"instock","11":"taxable","12":"shipping-taxable","13":"purchasable","14":"product-type-simple"},"_links":{"self":[{"href":"https:\/\/shop.moldbrothers.com\/es\/wp-json\/wp\/v2\/product\/77498","targetHints":{"allow":["GET"]}}],"collection":[{"href":"https:\/\/shop.moldbrothers.com\/es\/wp-json\/wp\/v2\/product"}],"about":[{"href":"https:\/\/shop.moldbrothers.com\/es\/wp-json\/wp\/v2\/types\/product"}],"wp:featuredmedia":[{"embeddable":true,"href":"https:\/\/shop.moldbrothers.com\/es\/wp-json\/wp\/v2\/media\/143441"}],"wp:attachment":[{"href":"https:\/\/shop.moldbrothers.com\/es\/wp-json\/wp\/v2\/media?parent=77498"}],"wp:term":[{"taxonomy":"product_brand","embeddable":true,"href":"https:\/\/shop.moldbrothers.com\/es\/wp-json\/wp\/v2\/product_brand?post=77498"},{"taxonomy":"product_cat","embeddable":true,"href":"https:\/\/shop.moldbrothers.com\/es\/wp-json\/wp\/v2\/product_cat?post=77498"},{"taxonomy":"product_tag","embeddable":true,"href":"https:\/\/shop.moldbrothers.com\/es\/wp-json\/wp\/v2\/product_tag?post=77498"},{"taxonomy":"woo-feed-brand","embeddable":true,"href":"https:\/\/shop.moldbrothers.com\/es\/wp-json\/wp\/v2\/woo-feed-brand?post=77498"}],"curies":[{"name":"wp","href":"https:\/\/api.w.org\/{rel}","templated":true}]}}