{"id":74617,"date":"2020-02-26T16:23:21","date_gmt":"2020-02-26T15:23:21","guid":{"rendered":"https:\/\/moldbrothers.nl\/?post_type=product&#038;p=74617"},"modified":"2025-11-27T12:19:49","modified_gmt":"2025-11-27T11:19:49","slug":"feliz-cumpleanos","status":"publish","type":"product","link":"https:\/\/shop.moldbrothers.com\/es\/producto\/feliz-cumpleanos\/","title":{"rendered":"Plantilla de feliz cumplea\u00f1os"},"content":{"rendered":"","protected":false},"excerpt":{"rendered":"<p>Plantilla de Feliz Cumplea\u00f1os de poliestireno de 1 mm de grosor, perfecta para a\u00f1adir un mensaje festivo en az\u00facar glas, cacao (mantequilla) o polvo de color; f\u00e1cil de usar y una divertida sorpresa para los invitados a la celebraci\u00f3n. <strong>No<\/strong> Apto para lavavajillas: enjuagar con agua tibia (40\u00b0C) y evitar el uso de productos de limpieza.<\/p>","protected":false},"featured_media":143452,"template":"","meta":{"_seopress_robots_primary_cat":"none","_seopress_titles_title":"","_seopress_titles_desc":"","_seopress_robots_index":""},"product_brand":[],"product_cat":[170,197],"product_tag":[512,998,511,509,615,510],"woo-feed-brand":[],"class_list":{"0":"post-74617","1":"product","2":"type-product","3":"status-publish","4":"has-post-thumbnail","6":"product_cat-stencils","7":"product_cat-plate-stencils","8":"product_tag-congratulations","9":"product_tag-cumpleanos","10":"product_tag-feest","11":"product_tag-happy","12":"product_tag-party","13":"product_tag-verjaardag","15":"first","16":"instock","17":"taxable","18":"shipping-taxable","19":"purchasable","20":"product-type-simple"},"_links":{"self":[{"href":"https:\/\/shop.moldbrothers.com\/es\/wp-json\/wp\/v2\/product\/74617","targetHints":{"allow":["GET"]}}],"collection":[{"href":"https:\/\/shop.moldbrothers.com\/es\/wp-json\/wp\/v2\/product"}],"about":[{"href":"https:\/\/shop.moldbrothers.com\/es\/wp-json\/wp\/v2\/types\/product"}],"wp:featuredmedia":[{"embeddable":true,"href":"https:\/\/shop.moldbrothers.com\/es\/wp-json\/wp\/v2\/media\/143452"}],"wp:attachment":[{"href":"https:\/\/shop.moldbrothers.com\/es\/wp-json\/wp\/v2\/media?parent=74617"}],"wp:term":[{"taxonomy":"product_brand","embeddable":true,"href":"https:\/\/shop.moldbrothers.com\/es\/wp-json\/wp\/v2\/product_brand?post=74617"},{"taxonomy":"product_cat","embeddable":true,"href":"https:\/\/shop.moldbrothers.com\/es\/wp-json\/wp\/v2\/product_cat?post=74617"},{"taxonomy":"product_tag","embeddable":true,"href":"https:\/\/shop.moldbrothers.com\/es\/wp-json\/wp\/v2\/product_tag?post=74617"},{"taxonomy":"woo-feed-brand","embeddable":true,"href":"https:\/\/shop.moldbrothers.com\/es\/wp-json\/wp\/v2\/woo-feed-brand?post=74617"}],"curies":[{"name":"wp","href":"https:\/\/api.w.org\/{rel}","templated":true}]}}