{"id":73537,"date":"2019-02-11T22:15:39","date_gmt":"2019-02-11T21:15:39","guid":{"rendered":"https:\/\/moldbrothers.nl\/?post_type=product&#038;p=73537"},"modified":"2026-03-24T16:32:42","modified_gmt":"2026-03-24T15:32:42","slug":"circulo-stencil-grande","status":"publish","type":"product","link":"https:\/\/shop.moldbrothers.com\/es\/producto\/circulo-stencil-grande\/","title":{"rendered":"Plantilla C\u00edrculo 4,5 cm"},"content":{"rendered":"","protected":false},"excerpt":{"rendered":"<p>Esta plantilla circular grande est\u00e1 hecha de acr\u00edlico de 1 mm de espesor y se puede utilizar para extender tuillas finas, por ejemplo, isomalt o merengue.<\/p>\n<p>la plantilla es\u00a0<strong>no<\/strong>\u00a0Aptas para el lavavajillas. Recomendamos enjuagar la plantilla con agua tibia (40\u00b0C) sin usar ning\u00fan producto de limpieza.<\/p>\n<p><strong>Tama\u00f1o de la plantilla: 42 cm x 29,7 cm<br \/>\n<\/strong><strong>Tama\u00f1o Forma: 4,5 \u00d8 cm<\/strong><strong><br \/>\nN\u00famero de formas: 34 ud.<br \/>\nPeso: 50 gramos<\/strong><\/p>","protected":false},"featured_media":99104,"template":"","meta":{"_seopress_robots_primary_cat":"none","_seopress_titles_title":"","_seopress_titles_desc":"","_seopress_robots_index":""},"product_brand":[],"product_cat":[170,198,231],"product_tag":[],"woo-feed-brand":[],"class_list":{"0":"post-73537","1":"product","2":"type-product","3":"status-publish","4":"has-post-thumbnail","6":"product_cat-stencils","7":"product_cat-a3-stencils","8":"product_cat-hidden","10":"first","11":"instock","12":"taxable","13":"shipping-taxable","14":"purchasable","15":"product-type-simple"},"_links":{"self":[{"href":"https:\/\/shop.moldbrothers.com\/es\/wp-json\/wp\/v2\/product\/73537","targetHints":{"allow":["GET"]}}],"collection":[{"href":"https:\/\/shop.moldbrothers.com\/es\/wp-json\/wp\/v2\/product"}],"about":[{"href":"https:\/\/shop.moldbrothers.com\/es\/wp-json\/wp\/v2\/types\/product"}],"wp:featuredmedia":[{"embeddable":true,"href":"https:\/\/shop.moldbrothers.com\/es\/wp-json\/wp\/v2\/media\/99104"}],"wp:attachment":[{"href":"https:\/\/shop.moldbrothers.com\/es\/wp-json\/wp\/v2\/media?parent=73537"}],"wp:term":[{"taxonomy":"product_brand","embeddable":true,"href":"https:\/\/shop.moldbrothers.com\/es\/wp-json\/wp\/v2\/product_brand?post=73537"},{"taxonomy":"product_cat","embeddable":true,"href":"https:\/\/shop.moldbrothers.com\/es\/wp-json\/wp\/v2\/product_cat?post=73537"},{"taxonomy":"product_tag","embeddable":true,"href":"https:\/\/shop.moldbrothers.com\/es\/wp-json\/wp\/v2\/product_tag?post=73537"},{"taxonomy":"woo-feed-brand","embeddable":true,"href":"https:\/\/shop.moldbrothers.com\/es\/wp-json\/wp\/v2\/woo-feed-brand?post=73537"}],"curies":[{"name":"wp","href":"https:\/\/api.w.org\/{rel}","templated":true}]}}