{"id":73512,"date":"2019-01-29T14:27:18","date_gmt":"2019-01-29T13:27:18","guid":{"rendered":"https:\/\/moldbrothers.nl\/?post_type=product&#038;p=73512"},"modified":"2026-03-24T16:32:40","modified_gmt":"2026-03-24T15:32:40","slug":"funda-stencil-basica","status":"publish","type":"product","link":"https:\/\/shop.moldbrothers.com\/es\/producto\/funda-stencil-basica\/","title":{"rendered":"Estuche b\u00e1sico para plantillas"},"content":{"rendered":"","protected":false},"excerpt":{"rendered":"<p>Este Estuche B\u00e1sico para Plantillas est\u00e1 fabricado con planchas de poliestireno de 1 mm de grosor y es la base perfecta para sus platos. El Estuche B\u00e1sico para Plantillas contiene:<\/p>\n<p>\u2013 Plantilla C\u00edrculo A3 4,5 cm \u00f8<br \/>\n\u2013 Plantilla A3 Cuadrada 4 cm x 4 cm<br \/>\n\u2013 Plantilla Cilindro A3 15 cm x 5 cm<br \/>\n\u2013 Plantilla A3 Tri\u00e1ngulo de una cara 12,1 cm x 3,1 cm<br \/>\n\u2013 A3 Tri\u00e1ngulo de dos caras 7 cm x 4 cm<\/p>\n<p>La plantilla no es a prueba de lavavajillas. Recomendamos enjuagar la plantilla con agua tibia (40\u00b0C) sin usar ning\u00fan agente de limpieza.<\/p>","protected":false},"featured_media":143422,"template":"","meta":{"_seopress_robots_primary_cat":"none","_seopress_titles_title":"","_seopress_titles_desc":"","_seopress_robots_index":""},"product_brand":[],"product_cat":[170,198,231],"product_tag":[],"woo-feed-brand":[],"class_list":{"0":"post-73512","1":"product","2":"type-product","3":"status-publish","4":"has-post-thumbnail","6":"product_cat-stencils","7":"product_cat-a3-stencils","8":"product_cat-hidden","10":"first","11":"instock","12":"taxable","13":"shipping-taxable","14":"purchasable","15":"product-type-simple"},"_links":{"self":[{"href":"https:\/\/shop.moldbrothers.com\/es\/wp-json\/wp\/v2\/product\/73512","targetHints":{"allow":["GET"]}}],"collection":[{"href":"https:\/\/shop.moldbrothers.com\/es\/wp-json\/wp\/v2\/product"}],"about":[{"href":"https:\/\/shop.moldbrothers.com\/es\/wp-json\/wp\/v2\/types\/product"}],"wp:featuredmedia":[{"embeddable":true,"href":"https:\/\/shop.moldbrothers.com\/es\/wp-json\/wp\/v2\/media\/143422"}],"wp:attachment":[{"href":"https:\/\/shop.moldbrothers.com\/es\/wp-json\/wp\/v2\/media?parent=73512"}],"wp:term":[{"taxonomy":"product_brand","embeddable":true,"href":"https:\/\/shop.moldbrothers.com\/es\/wp-json\/wp\/v2\/product_brand?post=73512"},{"taxonomy":"product_cat","embeddable":true,"href":"https:\/\/shop.moldbrothers.com\/es\/wp-json\/wp\/v2\/product_cat?post=73512"},{"taxonomy":"product_tag","embeddable":true,"href":"https:\/\/shop.moldbrothers.com\/es\/wp-json\/wp\/v2\/product_tag?post=73512"},{"taxonomy":"woo-feed-brand","embeddable":true,"href":"https:\/\/shop.moldbrothers.com\/es\/wp-json\/wp\/v2\/woo-feed-brand?post=73512"}],"curies":[{"name":"wp","href":"https:\/\/api.w.org\/{rel}","templated":true}]}}