{"id":203439,"date":"2025-12-13T10:44:00","date_gmt":"2025-12-13T09:44:00","guid":{"rendered":"https:\/\/shop.moldbrothers.com\/?post_type=product&#038;p=203439"},"modified":"2026-05-05T12:01:12","modified_gmt":"2026-05-05T10:01:12","slug":"wine-o86","status":"publish","type":"product","link":"https:\/\/shop.moldbrothers.com\/es\/producto\/wine-o86\/","title":{"rendered":"Vino \u00f886"},"content":{"rendered":"","protected":false},"excerpt":{"rendered":"<p>Una base de madera dise\u00f1ada para sostener una botella de Riesling u otra botella de vino delgada con un di\u00e1metro m\u00e1ximo de 88 mm. Mantiene la botella estable para servirla en la mesa.<\/p>\n<p><strong>Los productos se enviar\u00e1n a partir de mediados de junio.<\/strong><\/p>","protected":false},"featured_media":203242,"template":"","meta":{"_seopress_robots_primary_cat":"none","_seopress_titles_title":"S\u014dkkel | Volume 1 | Wine \u00f886 | MoldBrothers","_seopress_titles_desc":"A wooden base designed to hold a Riesling or other slim wine bottle with a maximum of 86\u202fmm diameter. Keeps the bottle stable for table-side serving.","_seopress_robots_index":""},"product_brand":[],"product_cat":[238],"product_tag":[],"woo-feed-brand":[],"class_list":{"0":"post-203439","1":"product","2":"type-product","3":"status-publish","4":"has-post-thumbnail","6":"product_cat-sokkel","8":"first","9":"instock","10":"taxable","11":"shipping-taxable","12":"purchasable","13":"product-type-variable"},"_links":{"self":[{"href":"https:\/\/shop.moldbrothers.com\/es\/wp-json\/wp\/v2\/product\/203439","targetHints":{"allow":["GET"]}}],"collection":[{"href":"https:\/\/shop.moldbrothers.com\/es\/wp-json\/wp\/v2\/product"}],"about":[{"href":"https:\/\/shop.moldbrothers.com\/es\/wp-json\/wp\/v2\/types\/product"}],"wp:featuredmedia":[{"embeddable":true,"href":"https:\/\/shop.moldbrothers.com\/es\/wp-json\/wp\/v2\/media\/203242"}],"wp:attachment":[{"href":"https:\/\/shop.moldbrothers.com\/es\/wp-json\/wp\/v2\/media?parent=203439"}],"wp:term":[{"taxonomy":"product_brand","embeddable":true,"href":"https:\/\/shop.moldbrothers.com\/es\/wp-json\/wp\/v2\/product_brand?post=203439"},{"taxonomy":"product_cat","embeddable":true,"href":"https:\/\/shop.moldbrothers.com\/es\/wp-json\/wp\/v2\/product_cat?post=203439"},{"taxonomy":"product_tag","embeddable":true,"href":"https:\/\/shop.moldbrothers.com\/es\/wp-json\/wp\/v2\/product_tag?post=203439"},{"taxonomy":"woo-feed-brand","embeddable":true,"href":"https:\/\/shop.moldbrothers.com\/es\/wp-json\/wp\/v2\/woo-feed-brand?post=203439"}],"curies":[{"name":"wp","href":"https:\/\/api.w.org\/{rel}","templated":true}]}}