{"id":203334,"date":"2026-02-19T14:11:00","date_gmt":"2026-02-19T13:11:00","guid":{"rendered":"https:\/\/shop.moldbrothers.com\/?post_type=product&#038;p=203334"},"modified":"2026-05-05T12:01:01","modified_gmt":"2026-05-05T10:01:01","slug":"cylinder-h70","status":"publish","type":"product","link":"https:\/\/shop.moldbrothers.com\/es\/producto\/cylinder-h70\/","title":{"rendered":"Cilindro H70"},"content":{"rendered":"<p>Los productos se enviar\u00e1n a partir de mediados de junio.<\/p>\n\n\n\n<p><\/p>","protected":false},"excerpt":{"rendered":"<p>La Serie Cil\u00edndrica est\u00e1 dise\u00f1ada para llevar bocados o friandises. A diferencia de la Serie C\u00f3nica, la superficie se asienta sobre la base en lugar de dentro de ella. Este dise\u00f1o se eligi\u00f3 para crear un hueco m\u00e1s profundo que puede llenarse directamente con granos, sal o cualquier otra base que requiera su preparaci\u00f3n. Comb\u00ednela con la H70 y la H110 para crear diferentes niveles de altura en la mesa.<\/p>\n<p><strong>Los productos se enviar\u00e1n a partir de mediados de junio.<\/strong><\/p>","protected":false},"featured_media":203197,"template":"","meta":{"_seopress_robots_primary_cat":"none","_seopress_titles_title":"S\u014dkkel | Volume 1 | Cylinder H70 | MoldBrothers","_seopress_titles_desc":"The Cylinder Series is designed to carry bites or friandises. Unlike the Cone Series, the surface sits on top of the base rather than inside it.","_seopress_robots_index":""},"product_brand":[],"product_cat":[238],"product_tag":[],"woo-feed-brand":[],"class_list":{"0":"post-203334","1":"product","2":"type-product","3":"status-publish","4":"has-post-thumbnail","6":"product_cat-sokkel","8":"first","9":"instock","10":"taxable","11":"shipping-taxable","12":"purchasable","13":"product-type-variable"},"_links":{"self":[{"href":"https:\/\/shop.moldbrothers.com\/es\/wp-json\/wp\/v2\/product\/203334","targetHints":{"allow":["GET"]}}],"collection":[{"href":"https:\/\/shop.moldbrothers.com\/es\/wp-json\/wp\/v2\/product"}],"about":[{"href":"https:\/\/shop.moldbrothers.com\/es\/wp-json\/wp\/v2\/types\/product"}],"wp:featuredmedia":[{"embeddable":true,"href":"https:\/\/shop.moldbrothers.com\/es\/wp-json\/wp\/v2\/media\/203197"}],"wp:attachment":[{"href":"https:\/\/shop.moldbrothers.com\/es\/wp-json\/wp\/v2\/media?parent=203334"}],"wp:term":[{"taxonomy":"product_brand","embeddable":true,"href":"https:\/\/shop.moldbrothers.com\/es\/wp-json\/wp\/v2\/product_brand?post=203334"},{"taxonomy":"product_cat","embeddable":true,"href":"https:\/\/shop.moldbrothers.com\/es\/wp-json\/wp\/v2\/product_cat?post=203334"},{"taxonomy":"product_tag","embeddable":true,"href":"https:\/\/shop.moldbrothers.com\/es\/wp-json\/wp\/v2\/product_tag?post=203334"},{"taxonomy":"woo-feed-brand","embeddable":true,"href":"https:\/\/shop.moldbrothers.com\/es\/wp-json\/wp\/v2\/woo-feed-brand?post=203334"}],"curies":[{"name":"wp","href":"https:\/\/api.w.org\/{rel}","templated":true}]}}