{"id":203304,"date":"2026-05-05T11:02:00","date_gmt":"2026-05-05T09:02:00","guid":{"rendered":"https:\/\/shop.moldbrothers.com\/?post_type=product&#038;p=203304"},"modified":"2026-05-05T13:39:09","modified_gmt":"2026-05-05T11:39:09","slug":"cone-h66","status":"publish","type":"product","link":"https:\/\/shop.moldbrothers.com\/es\/producto\/cone-h66\/","title":{"rendered":"Cono H66"},"content":{"rendered":"<p>Los productos se enviar\u00e1n a partir de mediados de junio.<\/p>\n\n\n\n<p><\/p>","protected":false},"excerpt":{"rendered":"<p>Utilice nuestra serie de conos para sus raciones individuales. La superficie encaja en el interior del cono, quedando al mismo nivel que la parte superior de la base. Ret\u00edrelo para utilizar directamente el hueco, adecuado para colocar un lecho de granos o sal debajo de su preparaci\u00f3n. Comb\u00ednelo con los modelos H32 y H66 para a\u00f1adir diferentes niveles de altura a la mesa.<\/p>\n<p><strong>Los productos se enviar\u00e1n a partir de mediados de junio.<\/strong><\/p>","protected":false},"featured_media":203170,"template":"","meta":{"_seopress_robots_primary_cat":"none","_seopress_titles_title":"S\u014dkkel | Volume 1 | Cone H66 | MoldBrothers","_seopress_titles_desc":"Use our Cone Series for your single-servings. The surface fits inside the cone, sitting level with the top of the base.","_seopress_robots_index":""},"product_brand":[],"product_cat":[238],"product_tag":[],"woo-feed-brand":[],"class_list":{"0":"post-203304","1":"product","2":"type-product","3":"status-publish","4":"has-post-thumbnail","6":"product_cat-sokkel","8":"first","9":"instock","10":"taxable","11":"shipping-taxable","12":"purchasable","13":"product-type-variable"},"_links":{"self":[{"href":"https:\/\/shop.moldbrothers.com\/es\/wp-json\/wp\/v2\/product\/203304","targetHints":{"allow":["GET"]}}],"collection":[{"href":"https:\/\/shop.moldbrothers.com\/es\/wp-json\/wp\/v2\/product"}],"about":[{"href":"https:\/\/shop.moldbrothers.com\/es\/wp-json\/wp\/v2\/types\/product"}],"wp:featuredmedia":[{"embeddable":true,"href":"https:\/\/shop.moldbrothers.com\/es\/wp-json\/wp\/v2\/media\/203170"}],"wp:attachment":[{"href":"https:\/\/shop.moldbrothers.com\/es\/wp-json\/wp\/v2\/media?parent=203304"}],"wp:term":[{"taxonomy":"product_brand","embeddable":true,"href":"https:\/\/shop.moldbrothers.com\/es\/wp-json\/wp\/v2\/product_brand?post=203304"},{"taxonomy":"product_cat","embeddable":true,"href":"https:\/\/shop.moldbrothers.com\/es\/wp-json\/wp\/v2\/product_cat?post=203304"},{"taxonomy":"product_tag","embeddable":true,"href":"https:\/\/shop.moldbrothers.com\/es\/wp-json\/wp\/v2\/product_tag?post=203304"},{"taxonomy":"woo-feed-brand","embeddable":true,"href":"https:\/\/shop.moldbrothers.com\/es\/wp-json\/wp\/v2\/woo-feed-brand?post=203304"}],"curies":[{"name":"wp","href":"https:\/\/api.w.org\/{rel}","templated":true}]}}