{"id":203059,"date":"2026-04-28T10:02:53","date_gmt":"2026-04-28T08:02:53","guid":{"rendered":"https:\/\/shop.moldbrothers.com\/?post_type=product&#038;p=203059"},"modified":"2026-04-28T15:40:11","modified_gmt":"2026-04-28T13:40:11","slug":"meringue-stamp","status":"publish","type":"product","link":"https:\/\/shop.moldbrothers.com\/es\/producto\/meringue-stamp\/","title":{"rendered":"Sello Nitro Merengue"},"content":{"rendered":"","protected":false},"excerpt":{"rendered":"<p data-start=\"0\" data-end=\"101\">Nuestro sello de merengue de aluminio tiene forma de disco estriado y crea una forma de merengue limpia y crujiente. Fabricado en los Pa\u00edses Bajos con aluminio apto para alimentos. El mango permite utilizar el sello con seguridad al sumergirlo en nitr\u00f3geno l\u00edquido.<\/p>\n<p data-start=\"243\" data-end=\"331\" data-is-last-node=\"\" data-is-only-node=\"\">Nota: este producto s\u00f3lo es apto para congelaci\u00f3n. No es apto para la calefacci\u00f3n.<\/p>\n<p data-start=\"243\" data-end=\"331\" data-is-last-node=\"\" data-is-only-node=\"\"><strong>El producto est\u00e1 disponible para pedidos anticipados y se enviar\u00e1 el 8 de mayo.<\/strong><\/p>","protected":false},"featured_media":203091,"template":"","meta":{"_seopress_robots_primary_cat":"none","_seopress_titles_title":"","_seopress_titles_desc":"","_seopress_robots_index":""},"product_brand":[],"product_cat":[192],"product_tag":[],"woo-feed-brand":[],"class_list":{"0":"post-203059","1":"product","2":"type-product","3":"status-publish","4":"has-post-thumbnail","6":"product_cat-kitchen-essentials","8":"first","9":"instock","10":"taxable","11":"shipping-taxable","12":"purchasable","13":"product-type-simple"},"_links":{"self":[{"href":"https:\/\/shop.moldbrothers.com\/es\/wp-json\/wp\/v2\/product\/203059","targetHints":{"allow":["GET"]}}],"collection":[{"href":"https:\/\/shop.moldbrothers.com\/es\/wp-json\/wp\/v2\/product"}],"about":[{"href":"https:\/\/shop.moldbrothers.com\/es\/wp-json\/wp\/v2\/types\/product"}],"wp:featuredmedia":[{"embeddable":true,"href":"https:\/\/shop.moldbrothers.com\/es\/wp-json\/wp\/v2\/media\/203091"}],"wp:attachment":[{"href":"https:\/\/shop.moldbrothers.com\/es\/wp-json\/wp\/v2\/media?parent=203059"}],"wp:term":[{"taxonomy":"product_brand","embeddable":true,"href":"https:\/\/shop.moldbrothers.com\/es\/wp-json\/wp\/v2\/product_brand?post=203059"},{"taxonomy":"product_cat","embeddable":true,"href":"https:\/\/shop.moldbrothers.com\/es\/wp-json\/wp\/v2\/product_cat?post=203059"},{"taxonomy":"product_tag","embeddable":true,"href":"https:\/\/shop.moldbrothers.com\/es\/wp-json\/wp\/v2\/product_tag?post=203059"},{"taxonomy":"woo-feed-brand","embeddable":true,"href":"https:\/\/shop.moldbrothers.com\/es\/wp-json\/wp\/v2\/woo-feed-brand?post=203059"}],"curies":[{"name":"wp","href":"https:\/\/api.w.org\/{rel}","templated":true}]}}