{"id":201331,"date":"2026-03-24T14:59:07","date_gmt":"2026-03-24T13:59:07","guid":{"rendered":"https:\/\/shop.moldbrothers.com\/?post_type=product&#038;p=201331"},"modified":"2026-04-21T11:44:47","modified_gmt":"2026-04-21T09:44:47","slug":"butter-cone-mold","status":"publish","type":"product","link":"https:\/\/shop.moldbrothers.com\/es\/producto\/butter-cone-mold\/","title":{"rendered":"Cono de mantequilla Mold"},"content":{"rendered":"","protected":false},"excerpt":{"rendered":"<p>Este molde de silicona de alta calidad est\u00e1 dise\u00f1ado para dar forma a la mantequilla de una manera cl\u00e1sica, como disco o cono, ambos contienen 6 formas hechas de silicona de grado alimenticio 100%.<\/p>\n<p>Este molde es capaz de soportar temperaturas que oscilan entre -40\u00b0C y +200\u00b0C, por lo que es adecuado para su uso tanto en congeladores (de choque) como en hornos.<\/p>","protected":false},"featured_media":201690,"template":"","meta":{"_seopress_robots_primary_cat":"none","_seopress_titles_title":"","_seopress_titles_desc":"","_seopress_robots_index":"yes"},"product_brand":[],"product_cat":[229],"product_tag":[],"woo-feed-brand":[],"class_list":{"0":"post-201331","1":"product","2":"type-product","3":"status-publish","4":"has-post-thumbnail","6":"product_cat-abstract","8":"first","9":"instock","10":"taxable","11":"shipping-taxable","12":"purchasable","13":"product-type-simple"},"_links":{"self":[{"href":"https:\/\/shop.moldbrothers.com\/es\/wp-json\/wp\/v2\/product\/201331","targetHints":{"allow":["GET"]}}],"collection":[{"href":"https:\/\/shop.moldbrothers.com\/es\/wp-json\/wp\/v2\/product"}],"about":[{"href":"https:\/\/shop.moldbrothers.com\/es\/wp-json\/wp\/v2\/types\/product"}],"wp:featuredmedia":[{"embeddable":true,"href":"https:\/\/shop.moldbrothers.com\/es\/wp-json\/wp\/v2\/media\/201690"}],"wp:attachment":[{"href":"https:\/\/shop.moldbrothers.com\/es\/wp-json\/wp\/v2\/media?parent=201331"}],"wp:term":[{"taxonomy":"product_brand","embeddable":true,"href":"https:\/\/shop.moldbrothers.com\/es\/wp-json\/wp\/v2\/product_brand?post=201331"},{"taxonomy":"product_cat","embeddable":true,"href":"https:\/\/shop.moldbrothers.com\/es\/wp-json\/wp\/v2\/product_cat?post=201331"},{"taxonomy":"product_tag","embeddable":true,"href":"https:\/\/shop.moldbrothers.com\/es\/wp-json\/wp\/v2\/product_tag?post=201331"},{"taxonomy":"woo-feed-brand","embeddable":true,"href":"https:\/\/shop.moldbrothers.com\/es\/wp-json\/wp\/v2\/woo-feed-brand?post=201331"}],"curies":[{"name":"wp","href":"https:\/\/api.w.org\/{rel}","templated":true}]}}