{"id":201327,"date":"2026-04-21T11:44:27","date_gmt":"2026-04-21T09:44:27","guid":{"rendered":"https:\/\/shop.moldbrothers.com\/?post_type=product&#038;p=201327"},"modified":"2026-04-23T15:25:06","modified_gmt":"2026-04-23T13:25:06","slug":"moldes-de-mantequilla","status":"publish","type":"product","link":"https:\/\/shop.moldbrothers.com\/es\/producto\/moldes-de-mantequilla\/","title":{"rendered":"Mantequilla Molds"},"content":{"rendered":"","protected":false},"excerpt":{"rendered":"<p>Este molde de silicona de alta calidad est\u00e1 dise\u00f1ado para dar forma a la mantequilla de una manera cl\u00e1sica, como disco o cono, ambos contienen 6 formas hechas de silicona de grado alimenticio 100%.<\/p>\n<p>Este molde es capaz de soportar temperaturas que oscilan entre -40\u00b0C y +200\u00b0C, por lo que es adecuado para su uso tanto en congeladores (de choque) como en hornos.<\/p>","protected":false},"featured_media":201698,"template":"","meta":{"_seopress_robots_primary_cat":"none","_seopress_titles_title":"Butter Molds | Shape Butter | MoldBrothers","_seopress_titles_desc":"We decided to pay an homage to one of the most iconic staples in every kitchen. Inspired by the famous Beurre Bordier from Brittany.","_seopress_robots_index":""},"product_brand":[],"product_cat":[159],"product_tag":[],"woo-feed-brand":[],"class_list":{"0":"post-201327","1":"product","2":"type-product","3":"status-publish","4":"has-post-thumbnail","6":"product_cat-3dmolds","8":"first","9":"instock","10":"taxable","11":"shipping-taxable","12":"product-type-grouped"},"_links":{"self":[{"href":"https:\/\/shop.moldbrothers.com\/es\/wp-json\/wp\/v2\/product\/201327","targetHints":{"allow":["GET"]}}],"collection":[{"href":"https:\/\/shop.moldbrothers.com\/es\/wp-json\/wp\/v2\/product"}],"about":[{"href":"https:\/\/shop.moldbrothers.com\/es\/wp-json\/wp\/v2\/types\/product"}],"wp:featuredmedia":[{"embeddable":true,"href":"https:\/\/shop.moldbrothers.com\/es\/wp-json\/wp\/v2\/media\/201698"}],"wp:attachment":[{"href":"https:\/\/shop.moldbrothers.com\/es\/wp-json\/wp\/v2\/media?parent=201327"}],"wp:term":[{"taxonomy":"product_brand","embeddable":true,"href":"https:\/\/shop.moldbrothers.com\/es\/wp-json\/wp\/v2\/product_brand?post=201327"},{"taxonomy":"product_cat","embeddable":true,"href":"https:\/\/shop.moldbrothers.com\/es\/wp-json\/wp\/v2\/product_cat?post=201327"},{"taxonomy":"product_tag","embeddable":true,"href":"https:\/\/shop.moldbrothers.com\/es\/wp-json\/wp\/v2\/product_tag?post=201327"},{"taxonomy":"woo-feed-brand","embeddable":true,"href":"https:\/\/shop.moldbrothers.com\/es\/wp-json\/wp\/v2\/woo-feed-brand?post=201327"}],"curies":[{"name":"wp","href":"https:\/\/api.w.org\/{rel}","templated":true}]}}