{"id":200826,"date":"2026-03-16T13:21:50","date_gmt":"2026-03-16T12:21:50","guid":{"rendered":"https:\/\/shop.moldbrothers.com\/?post_type=product&#038;p=200826"},"modified":"2026-03-31T14:35:21","modified_gmt":"2026-03-31T12:35:21","slug":"pie-tee-original-small","status":"publish","type":"product","link":"https:\/\/shop.moldbrothers.com\/es\/producto\/pie-tee-original-small\/","title":{"rendered":"Camiseta Original Small Pie"},"content":{"rendered":"<div class=\"wp-block-columns are-vertically-aligned-center is-layout-flex wp-container-core-columns-is-layout-9d6595d7 wp-block-columns-is-layout-flex\">\n<div class=\"wp-block-column is-layout-flow wp-block-column-is-layout-flow\" style=\"flex-basis:50%\">\n<figure class=\"wp-block-image size-full\"><img decoding=\"async\" src=\"https:\/\/shop.moldbrothers.com\/wp-content\/uploads\/2026\/02\/3C4A7653-C07D-4D36-B10C-24703CF60539-scaled.jpeg\" alt=\"\" class=\"wp-image-130005\"\/><\/figure>\n<\/div>\n\n\n\n<div class=\"wp-block-column is-layout-flow wp-block-column-is-layout-flow\" style=\"flex-basis:50%\">\n<h6 class=\"wp-block-heading\">Bu\u00f1uelos \/ Pie Tee de Andrea Mattasoglio<\/h6>\n\n\n\n<h2 class=\"wp-block-heading\">Receta de Golden Croustade<\/h2>\n\n\n\n<p><strong>Ingredientes<\/strong><\/p>\n\n\n\n<ul class=\"wp-block-list\">\n<li>20 g de harina<\/li>\n\n\n\n<li>80 g de harina de arroz<\/li>\n\n\n\n<li>18 g de maicena<\/li>\n\n\n\n<li>100 g de caldo de verduras o agua<\/li>\n\n\n\n<li>100 g de cerveza rubia<\/li>\n\n\n\n<li>5 g de aceite de semillas<\/li>\n\n\n\n<li>1 huevo entero<\/li>\n\n\n\n<li>4 g de sal<\/li>\n\n\n\n<li>4 g de az\u00facar<\/li>\n<\/ul>\n\n\n\n<p><strong>Instrucciones<\/strong><br> Mezclar la harina, la harina de arroz, la maicena, la sal y el az\u00facar. En un bol aparte, batir el huevo, el caldo vegetal o el agua, la cerveza y el aceite de semillas. A\u00f1adir la mezcla l\u00edquida a los ingredientes secos y batir hasta que se forme una masa homog\u00e9nea. Deje reposar la masa en el frigor\u00edfico durante al menos 30 minutos.Caliente el aceite de semillas en una olla peque\u00f1a a 135\u00b0C. Introducir el sello en el aceite y dejar que se caliente. P\u00e1selo brevemente por papel de cocina para eliminar el exceso de aceite y, a continuaci\u00f3n, sum\u00e9rjalo en la masa durante unos 10 segundos.<\/p>\n<\/div>\n<\/div>","protected":false},"excerpt":{"rendered":"<p>Este original sello peque\u00f1o de aluminio de alta calidad crea una concha ligera y crujiente de un bocado. Fabricado en los Pa\u00edses Bajos con aluminio apto para uso alimentario, el mango curvado permite que el sello descanse y se seque f\u00e1cilmente sin dejar de ser c\u00f3modo de usar durante la fritura.<\/p>\n<p>Para una producci\u00f3n m\u00e1s r\u00e1pida, la cesta opcional le permite fre\u00edr cinco conchas Pie Tee a la vez. Esto facilita la producci\u00f3n simult\u00e1nea de muchas conchas con resultados uniformes.<\/p>","protected":false},"featured_media":200862,"template":"","meta":{"_seopress_robots_primary_cat":"none","_seopress_titles_title":"Small Croustade Stamp | Handle or Basket | MoldBrothers","_seopress_titles_desc":"The Pie Tee Original Small helps you create delicate crispy baskets for amuse-bouches and garnishes. A professional pastry tool used by chefs worldwide to shape perfect Pie Tee snacks.","_seopress_robots_index":""},"product_brand":[],"product_cat":[362],"product_tag":[1504,912,1505],"woo-feed-brand":[],"class_list":{"0":"post-200826","1":"product","2":"type-product","3":"status-publish","4":"has-post-thumbnail","6":"product_cat-bunuelos-pie-tee","7":"product_tag-basket","8":"product_tag-croustade","9":"product_tag-pie-tee-basket","11":"first","12":"instock","13":"sale","14":"taxable","15":"shipping-taxable","16":"product-type-grouped"},"_links":{"self":[{"href":"https:\/\/shop.moldbrothers.com\/es\/wp-json\/wp\/v2\/product\/200826","targetHints":{"allow":["GET"]}}],"collection":[{"href":"https:\/\/shop.moldbrothers.com\/es\/wp-json\/wp\/v2\/product"}],"about":[{"href":"https:\/\/shop.moldbrothers.com\/es\/wp-json\/wp\/v2\/types\/product"}],"wp:featuredmedia":[{"embeddable":true,"href":"https:\/\/shop.moldbrothers.com\/es\/wp-json\/wp\/v2\/media\/200862"}],"wp:attachment":[{"href":"https:\/\/shop.moldbrothers.com\/es\/wp-json\/wp\/v2\/media?parent=200826"}],"wp:term":[{"taxonomy":"product_brand","embeddable":true,"href":"https:\/\/shop.moldbrothers.com\/es\/wp-json\/wp\/v2\/product_brand?post=200826"},{"taxonomy":"product_cat","embeddable":true,"href":"https:\/\/shop.moldbrothers.com\/es\/wp-json\/wp\/v2\/product_cat?post=200826"},{"taxonomy":"product_tag","embeddable":true,"href":"https:\/\/shop.moldbrothers.com\/es\/wp-json\/wp\/v2\/product_tag?post=200826"},{"taxonomy":"woo-feed-brand","embeddable":true,"href":"https:\/\/shop.moldbrothers.com\/es\/wp-json\/wp\/v2\/woo-feed-brand?post=200826"}],"curies":[{"name":"wp","href":"https:\/\/api.w.org\/{rel}","templated":true}]}}