{"id":200157,"date":"2026-03-23T16:09:00","date_gmt":"2026-03-23T15:09:00","guid":{"rendered":"https:\/\/shop.moldbrothers.com\/?post_type=product&#038;p=200157"},"modified":"2026-03-23T17:09:34","modified_gmt":"2026-03-23T16:09:34","slug":"truffle-stencil","status":"publish","type":"product","link":"https:\/\/shop.moldbrothers.com\/es\/producto\/truffle-stencil\/","title":{"rendered":"Plantilla Trufa"},"content":{"rendered":"<div class=\"grid grid-cols-1 lg:grid-cols-2 lg:gap-12\"><div class=\"col-span-1 self-center\"><figure class=\"h-[clamp(200px,40vw,600px)!important]\"><img decoding=\"async\" class=\"w-full h-full object-cover object-center rounded-2xl\" src=\"https:\/\/shop.moldbrothers.com\/wp-content\/uploads\/2022\/07\/DSC03279-scaled-e1684074511240.jpg\" alt=\"\" \/><\/figure><\/div><div class=\"col-span-1 self-center\"><div class=\"lg:pl-20\"><\/p>\n<h6>MoldBrothers TestKitchen Producto especial<\/h6>\n<h2>Acerca de nuestro laboratorio de pruebas<\/h2>\n<p>La MoldBrothers TestKitchen, dirigida por el jefe de cocina Mike Cornelissen del Restaurante Rijnzicht*, se cre\u00f3 para mantener una conexi\u00f3n constante con la innovaci\u00f3n culinaria. Sirve de laboratorio gastron\u00f3mico para crear inspiraci\u00f3n y garantizar que todos nuestros productos ofrezcan experiencias excepcionales. Hechos por chefs, para chefs, exploramos t\u00e9cnicas casi imposibles que constantemente ofrecen resultados notables, entre ellos este <em>TestKitchen Producto especial<\/em>!<\/div><\/div><\/div>","protected":false},"excerpt":{"rendered":"<p>Esta plantilla \u00fanica presenta 11 patrones de trufa cuadrados y est\u00e1 hecha de material de plantilla de 0,5 mm de grosor, perfecto para ayudarle a crear patatas fritas de trufa superdetalladas. Encontrar\u00e1 nuestro v\u00eddeo de TestKitchen y la receta aqu\u00ed.<\/p>\n<p><em>Atenci\u00f3n: la plantilla no es totalmente apta para el lavavajillas y no debe utilizarse en el horno. Recomendamos aclararla con agua tibia (a unos 40 \u00b0C) y evitar los productos de limpieza para mantenerla en perfecto estado.<\/em><\/p>","protected":false},"featured_media":200189,"template":"","meta":{"_seopress_robots_primary_cat":"none","_seopress_titles_title":"Truffle Stencil | Create Truffle Patterns | MoldBrothers","_seopress_titles_desc":"This Truffle Stencil features 11 square shapes with a recognizable truffle pattern. Despite the detailed design, the stencil stays stable because of the small bridges between cuts.","_seopress_robots_index":""},"product_brand":[],"product_cat":[170,198,910],"product_tag":[],"woo-feed-brand":[],"class_list":{"0":"post-200157","1":"product","2":"type-product","3":"status-publish","4":"has-post-thumbnail","6":"product_cat-stencils","7":"product_cat-a3-stencils","8":"product_cat-test-kitchen","10":"first","11":"instock","12":"taxable","13":"shipping-taxable","14":"purchasable","15":"product-type-simple"},"_links":{"self":[{"href":"https:\/\/shop.moldbrothers.com\/es\/wp-json\/wp\/v2\/product\/200157","targetHints":{"allow":["GET"]}}],"collection":[{"href":"https:\/\/shop.moldbrothers.com\/es\/wp-json\/wp\/v2\/product"}],"about":[{"href":"https:\/\/shop.moldbrothers.com\/es\/wp-json\/wp\/v2\/types\/product"}],"wp:featuredmedia":[{"embeddable":true,"href":"https:\/\/shop.moldbrothers.com\/es\/wp-json\/wp\/v2\/media\/200189"}],"wp:attachment":[{"href":"https:\/\/shop.moldbrothers.com\/es\/wp-json\/wp\/v2\/media?parent=200157"}],"wp:term":[{"taxonomy":"product_brand","embeddable":true,"href":"https:\/\/shop.moldbrothers.com\/es\/wp-json\/wp\/v2\/product_brand?post=200157"},{"taxonomy":"product_cat","embeddable":true,"href":"https:\/\/shop.moldbrothers.com\/es\/wp-json\/wp\/v2\/product_cat?post=200157"},{"taxonomy":"product_tag","embeddable":true,"href":"https:\/\/shop.moldbrothers.com\/es\/wp-json\/wp\/v2\/product_tag?post=200157"},{"taxonomy":"woo-feed-brand","embeddable":true,"href":"https:\/\/shop.moldbrothers.com\/es\/wp-json\/wp\/v2\/woo-feed-brand?post=200157"}],"curies":[{"name":"wp","href":"https:\/\/api.w.org\/{rel}","templated":true}]}}