{"id":200029,"date":"2026-03-31T14:14:48","date_gmt":"2026-03-31T12:14:48","guid":{"rendered":"https:\/\/shop.moldbrothers.com\/?post_type=product&#038;p=200029"},"modified":"2026-04-20T10:58:20","modified_gmt":"2026-04-20T08:58:20","slug":"realistic-honey-pressing-kit","status":"publish","type":"product","link":"https:\/\/shop.moldbrothers.com\/es\/producto\/realistic-honey-pressing-kit\/","title":{"rendered":"Prensado de miel Mold Peque\u00f1o"},"content":{"rendered":"","protected":false},"excerpt":{"rendered":"<p>Un molde de prensado de silicona de alta calidad dise\u00f1ado para crear una textura de panal realista. El molde cuenta con una superficie de prensado de 10 \u00d7 10 cm, lo que le permite crear patatas fritas en cuadrados, c\u00edrculos u otras formas utilizando... <a href=\"https:\/\/shop.moldbrothers.com\/es\/categoria-de-producto-2\/plantillas\/\" target=\"_blank\" rel=\"noopener\">plantillas<\/a>.<\/p>\n<p>Este molde est\u00e1 fabricado con SolidSil, nuestra f\u00f3rmula de silicona m\u00e1s r\u00edgida. Mejora la transferencia de detalles y requiere menos presi\u00f3n durante el uso. Totalmente apto para uso alimentario y adecuado para temperaturas que oscilan entre -40 \u00b0C y +200 \u00b0C.<\/p>","protected":false},"featured_media":201774,"template":"","meta":{"_seopress_robots_primary_cat":"none","_seopress_titles_title":"Realistic Honey Pressing Kit | SolidSil | MoldBrothers","_seopress_titles_desc":"A high-quality silicone pressing mold to shape a realistic honeycomb. The mold features a single square shape that can be cut into squares, circles, or quadrilaterals.\u00a0","_seopress_robots_index":""},"product_brand":[],"product_cat":[202],"product_tag":[],"woo-feed-brand":[],"class_list":{"0":"post-200029","1":"product","2":"type-product","3":"status-publish","4":"has-post-thumbnail","6":"product_cat-pressing-kits","8":"first","9":"instock","10":"taxable","11":"shipping-taxable","12":"purchasable","13":"product-type-simple"},"_links":{"self":[{"href":"https:\/\/shop.moldbrothers.com\/es\/wp-json\/wp\/v2\/product\/200029","targetHints":{"allow":["GET"]}}],"collection":[{"href":"https:\/\/shop.moldbrothers.com\/es\/wp-json\/wp\/v2\/product"}],"about":[{"href":"https:\/\/shop.moldbrothers.com\/es\/wp-json\/wp\/v2\/types\/product"}],"wp:featuredmedia":[{"embeddable":true,"href":"https:\/\/shop.moldbrothers.com\/es\/wp-json\/wp\/v2\/media\/201774"}],"wp:attachment":[{"href":"https:\/\/shop.moldbrothers.com\/es\/wp-json\/wp\/v2\/media?parent=200029"}],"wp:term":[{"taxonomy":"product_brand","embeddable":true,"href":"https:\/\/shop.moldbrothers.com\/es\/wp-json\/wp\/v2\/product_brand?post=200029"},{"taxonomy":"product_cat","embeddable":true,"href":"https:\/\/shop.moldbrothers.com\/es\/wp-json\/wp\/v2\/product_cat?post=200029"},{"taxonomy":"product_tag","embeddable":true,"href":"https:\/\/shop.moldbrothers.com\/es\/wp-json\/wp\/v2\/product_tag?post=200029"},{"taxonomy":"woo-feed-brand","embeddable":true,"href":"https:\/\/shop.moldbrothers.com\/es\/wp-json\/wp\/v2\/woo-feed-brand?post=200029"}],"curies":[{"name":"wp","href":"https:\/\/api.w.org\/{rel}","templated":true}]}}