{"id":199423,"date":"2026-04-15T11:03:39","date_gmt":"2026-04-15T09:03:39","guid":{"rendered":"https:\/\/shop.moldbrothers.com\/?post_type=product&#038;p=199423"},"modified":"2026-04-16T15:44:49","modified_gmt":"2026-04-16T13:44:49","slug":"circle-platform-mold","status":"publish","type":"product","link":"https:\/\/shop.moldbrothers.com\/es\/producto\/circle-platform-mold\/","title":{"rendered":"Plataforma circular Mold"},"content":{"rendered":"","protected":false},"excerpt":{"rendered":"<p>Molde de silicona de alta calidad con forma de disco fino y redondo con un peque\u00f1o borde elevado. El borde lo hace adecuado para a\u00f1adir l\u00edquidos. El molde cuenta con seis plataformas y est\u00e1 fabricado con silicona alimentaria 100%.<\/p>\n<p>Este molde es capaz de soportar temperaturas que oscilan entre -40\u00b0C y +200\u00b0C, por lo que es adecuado para su uso tanto en congeladores (de choque) como en hornos.<\/p>","protected":false},"featured_media":199433,"template":"","meta":{"_seopress_robots_primary_cat":"none","_seopress_titles_title":"Circle Platform Mold | Circular base for liquids | MoldBrothers","_seopress_titles_desc":"No more struggling with piping bottles to create circular bases for your liquids, like vinaigrettes or fruit coulis. Freeze up any type of cremeux, sweet or savory, and unmold perfect and consistent circles straight onto the plate.","_seopress_robots_index":""},"product_brand":[],"product_cat":[159,193],"product_tag":[711,521],"woo-feed-brand":[],"class_list":{"0":"post-199423","1":"product","2":"type-product","3":"status-publish","4":"has-post-thumbnail","6":"product_cat-3dmolds","7":"product_cat-essentials","8":"product_tag-base","9":"product_tag-circle","11":"first","12":"instock","13":"taxable","14":"shipping-taxable","15":"purchasable","16":"product-type-simple"},"_links":{"self":[{"href":"https:\/\/shop.moldbrothers.com\/es\/wp-json\/wp\/v2\/product\/199423","targetHints":{"allow":["GET"]}}],"collection":[{"href":"https:\/\/shop.moldbrothers.com\/es\/wp-json\/wp\/v2\/product"}],"about":[{"href":"https:\/\/shop.moldbrothers.com\/es\/wp-json\/wp\/v2\/types\/product"}],"wp:featuredmedia":[{"embeddable":true,"href":"https:\/\/shop.moldbrothers.com\/es\/wp-json\/wp\/v2\/media\/199433"}],"wp:attachment":[{"href":"https:\/\/shop.moldbrothers.com\/es\/wp-json\/wp\/v2\/media?parent=199423"}],"wp:term":[{"taxonomy":"product_brand","embeddable":true,"href":"https:\/\/shop.moldbrothers.com\/es\/wp-json\/wp\/v2\/product_brand?post=199423"},{"taxonomy":"product_cat","embeddable":true,"href":"https:\/\/shop.moldbrothers.com\/es\/wp-json\/wp\/v2\/product_cat?post=199423"},{"taxonomy":"product_tag","embeddable":true,"href":"https:\/\/shop.moldbrothers.com\/es\/wp-json\/wp\/v2\/product_tag?post=199423"},{"taxonomy":"woo-feed-brand","embeddable":true,"href":"https:\/\/shop.moldbrothers.com\/es\/wp-json\/wp\/v2\/woo-feed-brand?post=199423"}],"curies":[{"name":"wp","href":"https:\/\/api.w.org\/{rel}","templated":true}]}}