{"id":198776,"date":"2026-02-11T15:29:55","date_gmt":"2026-02-11T14:29:55","guid":{"rendered":"https:\/\/shop.moldbrothers.com\/?post_type=product&#038;p=198776"},"modified":"2026-03-09T09:05:20","modified_gmt":"2026-03-09T08:05:20","slug":"eclair-mold","status":"publish","type":"product","link":"https:\/\/shop.moldbrothers.com\/es\/producto\/eclair-mold\/","title":{"rendered":"\u00c9clair Mold"},"content":{"rendered":"","protected":false},"excerpt":{"rendered":"<p>Molde de silicona de alta calidad con forma de \u00c9clair fino y delgado. Dise\u00f1ado para crear un \u00c9clair fino apto para cualquier tipo de relleno. El molde tiene 13 formas y est\u00e1 hecho de silicona alimentaria 100%. Este molde resiste temperaturas de -40\u00b0C a +200\u00b0C, por lo que es apto tanto para congeladores de choque como para hornos.<\/p>\n<p>Encontrar\u00e1 la receta en <a href=\"https:\/\/moldbrothers.com\/recipes\/basic-choux-recipe-for-silicone-molds\/\" target=\"_blank\" rel=\"noopener\">aqu\u00ed<\/a><\/p>","protected":false},"featured_media":198783,"template":"","meta":{"_seopress_robots_primary_cat":"none","_seopress_titles_title":"","_seopress_titles_desc":"","_seopress_robots_index":""},"product_brand":[],"product_cat":[159,194],"product_tag":[],"woo-feed-brand":[],"class_list":{"0":"post-198776","1":"product","2":"type-product","3":"status-publish","4":"has-post-thumbnail","6":"product_cat-3dmolds","7":"product_cat-realistic","9":"first","10":"instock","11":"taxable","12":"shipping-taxable","13":"purchasable","14":"product-type-simple"},"_links":{"self":[{"href":"https:\/\/shop.moldbrothers.com\/es\/wp-json\/wp\/v2\/product\/198776","targetHints":{"allow":["GET"]}}],"collection":[{"href":"https:\/\/shop.moldbrothers.com\/es\/wp-json\/wp\/v2\/product"}],"about":[{"href":"https:\/\/shop.moldbrothers.com\/es\/wp-json\/wp\/v2\/types\/product"}],"wp:featuredmedia":[{"embeddable":true,"href":"https:\/\/shop.moldbrothers.com\/es\/wp-json\/wp\/v2\/media\/198783"}],"wp:attachment":[{"href":"https:\/\/shop.moldbrothers.com\/es\/wp-json\/wp\/v2\/media?parent=198776"}],"wp:term":[{"taxonomy":"product_brand","embeddable":true,"href":"https:\/\/shop.moldbrothers.com\/es\/wp-json\/wp\/v2\/product_brand?post=198776"},{"taxonomy":"product_cat","embeddable":true,"href":"https:\/\/shop.moldbrothers.com\/es\/wp-json\/wp\/v2\/product_cat?post=198776"},{"taxonomy":"product_tag","embeddable":true,"href":"https:\/\/shop.moldbrothers.com\/es\/wp-json\/wp\/v2\/product_tag?post=198776"},{"taxonomy":"woo-feed-brand","embeddable":true,"href":"https:\/\/shop.moldbrothers.com\/es\/wp-json\/wp\/v2\/woo-feed-brand?post=198776"}],"curies":[{"name":"wp","href":"https:\/\/api.w.org\/{rel}","templated":true}]}}