{"id":193195,"date":"2025-11-20T15:30:09","date_gmt":"2025-11-20T14:30:09","guid":{"rendered":"https:\/\/shop.moldbrothers.com\/?post_type=product&#038;p=193195"},"modified":"2026-03-18T16:21:48","modified_gmt":"2026-03-18T15:21:48","slug":"layer-frames-small","status":"publish","type":"product","link":"https:\/\/shop.moldbrothers.com\/es\/producto\/layer-frames-small\/","title":{"rendered":"Layer Frames Peque\u00f1o"},"content":{"rendered":"","protected":false},"excerpt":{"rendered":"<p>Un kit de marcos s\u00f3lido y de alta calidad dise\u00f1ado para creaciones en capas como mantequilla, ganache, marbr\u00e9, p\u00e2te de fruit y mucho m\u00e1s. Se empieza con la base y luego se a\u00f1aden uno o varios marcos para crear capas ordenadas y uniformes. Es f\u00e1cil de usar y tiene un aspecto estupendo, por lo que es perfecto para cualquiera que desee que su trabajo tenga un sabor y un aspecto de primera.<\/p>\n<p><strong>El producto est\u00e1 en stock.<\/strong><\/p>","protected":false},"featured_media":193197,"template":"","meta":{"_seopress_robots_primary_cat":"none","_seopress_titles_title":"","_seopress_titles_desc":"","_seopress_robots_index":""},"product_brand":[],"product_cat":[192],"product_tag":[656,1500],"woo-feed-brand":[],"class_list":{"0":"post-193195","1":"product","2":"type-product","3":"status-publish","4":"has-post-thumbnail","6":"product_cat-kitchen-essentials","7":"product_tag-butter","8":"product_tag-terrine","10":"first","11":"instock","12":"sale","13":"taxable","14":"shipping-taxable","15":"product-type-grouped"},"_links":{"self":[{"href":"https:\/\/shop.moldbrothers.com\/es\/wp-json\/wp\/v2\/product\/193195","targetHints":{"allow":["GET"]}}],"collection":[{"href":"https:\/\/shop.moldbrothers.com\/es\/wp-json\/wp\/v2\/product"}],"about":[{"href":"https:\/\/shop.moldbrothers.com\/es\/wp-json\/wp\/v2\/types\/product"}],"wp:featuredmedia":[{"embeddable":true,"href":"https:\/\/shop.moldbrothers.com\/es\/wp-json\/wp\/v2\/media\/193197"}],"wp:attachment":[{"href":"https:\/\/shop.moldbrothers.com\/es\/wp-json\/wp\/v2\/media?parent=193195"}],"wp:term":[{"taxonomy":"product_brand","embeddable":true,"href":"https:\/\/shop.moldbrothers.com\/es\/wp-json\/wp\/v2\/product_brand?post=193195"},{"taxonomy":"product_cat","embeddable":true,"href":"https:\/\/shop.moldbrothers.com\/es\/wp-json\/wp\/v2\/product_cat?post=193195"},{"taxonomy":"product_tag","embeddable":true,"href":"https:\/\/shop.moldbrothers.com\/es\/wp-json\/wp\/v2\/product_tag?post=193195"},{"taxonomy":"woo-feed-brand","embeddable":true,"href":"https:\/\/shop.moldbrothers.com\/es\/wp-json\/wp\/v2\/woo-feed-brand?post=193195"}],"curies":[{"name":"wp","href":"https:\/\/api.w.org\/{rel}","templated":true}]}}