{"id":191480,"date":"2024-11-05T07:55:00","date_gmt":"2024-11-05T06:55:00","guid":{"rendered":"https:\/\/shop.moldbrothers.com\/?post_type=product&#038;p=191480"},"modified":"2026-03-06T14:19:53","modified_gmt":"2026-03-06T13:19:53","slug":"mini-buche-de-noel","status":"publish","type":"product","link":"https:\/\/shop.moldbrothers.com\/es\/producto\/mini-buche-de-noel\/","title":{"rendered":"Mini tronco de \u00e1rbol Mold"},"content":{"rendered":"","protected":false},"excerpt":{"rendered":"<p>Molde de silicona de alta calidad con formas de mini B\u00fbches de No\u00ebl. El molde tiene cinco formas y est\u00e1 hecho de silicona alimentaria 100%. Este molde es capaz de soportar temperaturas de entre -40\u00b0C y +200\u00b0C, por lo que es apto para su uso tanto en congeladores (de choque) como en hornos.<\/p>","protected":false},"featured_media":191516,"template":"","meta":{"_seopress_robots_primary_cat":"none","_seopress_titles_title":"","_seopress_titles_desc":"","_seopress_robots_index":""},"product_brand":[],"product_cat":[159,194,184],"product_tag":[1454,504,1479,1477,1474,1350,1478,1465,1466,503,1003,1000,1473,1475,1476,1002,500,1492],"woo-feed-brand":[],"class_list":{"0":"post-191480","1":"product","2":"type-product","3":"status-publish","4":"has-post-thumbnail","6":"product_cat-3dmolds","7":"product_cat-realistic","8":"product_cat-highlighted-products","9":"product_tag-buche","10":"product_tag-christmas","11":"product_tag-classic-mold","12":"product_tag-cold-dessert","13":"product_tag-copper-mold","14":"product_tag-dessert-mold","15":"product_tag-festive-dessert","16":"product_tag-hiver","17":"product_tag-inverno","18":"product_tag-kerst","19":"product_tag-navidad","20":"product_tag-noel","21":"product_tag-savarin","22":"product_tag-single-serve","23":"product_tag-warm-dessert","24":"product_tag-weihnachten","25":"product_tag-winter","26":"product_tag-yule","28":"first","29":"instock","30":"taxable","31":"shipping-taxable","32":"purchasable","33":"product-type-simple"},"_links":{"self":[{"href":"https:\/\/shop.moldbrothers.com\/es\/wp-json\/wp\/v2\/product\/191480","targetHints":{"allow":["GET"]}}],"collection":[{"href":"https:\/\/shop.moldbrothers.com\/es\/wp-json\/wp\/v2\/product"}],"about":[{"href":"https:\/\/shop.moldbrothers.com\/es\/wp-json\/wp\/v2\/types\/product"}],"wp:featuredmedia":[{"embeddable":true,"href":"https:\/\/shop.moldbrothers.com\/es\/wp-json\/wp\/v2\/media\/191516"}],"wp:attachment":[{"href":"https:\/\/shop.moldbrothers.com\/es\/wp-json\/wp\/v2\/media?parent=191480"}],"wp:term":[{"taxonomy":"product_brand","embeddable":true,"href":"https:\/\/shop.moldbrothers.com\/es\/wp-json\/wp\/v2\/product_brand?post=191480"},{"taxonomy":"product_cat","embeddable":true,"href":"https:\/\/shop.moldbrothers.com\/es\/wp-json\/wp\/v2\/product_cat?post=191480"},{"taxonomy":"product_tag","embeddable":true,"href":"https:\/\/shop.moldbrothers.com\/es\/wp-json\/wp\/v2\/product_tag?post=191480"},{"taxonomy":"woo-feed-brand","embeddable":true,"href":"https:\/\/shop.moldbrothers.com\/es\/wp-json\/wp\/v2\/woo-feed-brand?post=191480"}],"curies":[{"name":"wp","href":"https:\/\/api.w.org\/{rel}","templated":true}]}}