{"id":189634,"date":"2025-09-24T08:24:55","date_gmt":"2025-09-24T06:24:55","guid":{"rendered":"https:\/\/shop.moldbrothers.com\/?post_type=product&#038;p=189634"},"modified":"2026-03-16T08:32:20","modified_gmt":"2026-03-16T07:32:20","slug":"terrine-lineaire-x-alex-dilling","status":"publish","type":"product","link":"https:\/\/shop.moldbrothers.com\/es\/producto\/terrine-lineaire-x-alex-dilling\/","title":{"rendered":"Terrine Lin\u00e9aire X Alex Dilling"},"content":{"rendered":"<div class=\"wp-block-columns is-layout-flex wp-container-core-columns-is-layout-9d6595d7 wp-block-columns-is-layout-flex\">\n<div class=\"wp-block-column is-vertically-aligned-center is-layout-flow wp-block-column-is-layout-flow\" style=\"flex-basis:50%\"><div class=\"wp-block-image\">\n<figure class=\"alignright size-full\"><img decoding=\"async\" width=\"800\" height=\"555\" src=\"https:\/\/shop.moldbrothers.com\/wp-content\/uploads\/2023\/11\/WhatsApp-Image-2023-11-09-at-16.15.21-edited-1-1.jpeg\" alt=\"\" class=\"wp-image-153455\" style=\"object-fit:cover\" srcset=\"https:\/\/shop.moldbrothers.com\/wp-content\/uploads\/2023\/11\/WhatsApp-Image-2023-11-09-at-16.15.21-edited-1-1.jpeg 800w, https:\/\/shop.moldbrothers.com\/wp-content\/uploads\/2023\/11\/WhatsApp-Image-2023-11-09-at-16.15.21-edited-1-1-768x533.jpeg 768w, https:\/\/shop.moldbrothers.com\/wp-content\/uploads\/2023\/11\/WhatsApp-Image-2023-11-09-at-16.15.21-edited-1-1-18x12.jpeg 18w\" sizes=\"(max-width: 800px) 100vw, 800px\" \/><\/figure>\n<\/div><\/div>\n\n\n\n<div class=\"wp-block-column is-layout-flow wp-block-column-is-layout-flow\" style=\"flex-basis:35.09%\">\n<h6 class=\"wp-block-heading\">Colaboraci\u00f3n<\/h6>\n\n\n\n<h2 class=\"wp-block-heading\">Sobre el Chef<\/h2>\n\n\n\n<p>El chef Alex Dilling, antiguo chef de The Greenhouse** en Londres, aporta ahora su maestr\u00eda culinaria al Hotel Caf\u00e9 Royal, ofreciendo una experiencia gastron\u00f3mica \u00edntima. Ampliamente conocido por su habilidad t\u00e9cnica, Alex contin\u00faa su viaje creativo con nosotros tras el \u00e9xito del '<a href=\"https:\/\/shop.moldbrothers.com\/es\/?sProd=alex+dilling&amp;page=1\" data-type=\"link\" data-id=\"https:\/\/shop.moldbrothers.com\/?sProd=alex+dilling&amp;page=1\">Pollo de caza<\/a>' molde.<\/p>\n\n\n\n<p>Presentaci\u00f3n <strong>Terrine Lin\u00e9aire<\/strong> Mold. Compacta pero vers\u00e1til, perfecta para preparaciones fr\u00edas y calientes. Ideal para eventos y banquetes, ofrece porciones uniformes con infinitas posibilidades.<\/p>\n\n\n<div class=\"wp-block-image\">\n<figure class=\"alignleft size-full is-resized\"><img decoding=\"async\" width=\"856\" height=\"857\" src=\"https:\/\/shop.moldbrothers.com\/wp-content\/uploads\/2022\/02\/ad-logo.jpeg\" alt=\"\" class=\"wp-image-124029\" style=\"aspect-ratio:0.9988331388564761;width:164px;height:auto\" srcset=\"https:\/\/shop.moldbrothers.com\/wp-content\/uploads\/2022\/02\/ad-logo.jpeg 856w, https:\/\/shop.moldbrothers.com\/wp-content\/uploads\/2022\/02\/ad-logo-100x100.jpeg 100w, https:\/\/shop.moldbrothers.com\/wp-content\/uploads\/2022\/02\/ad-logo-600x601.jpeg 600w, https:\/\/shop.moldbrothers.com\/wp-content\/uploads\/2022\/02\/ad-logo-150x150.jpeg 150w, https:\/\/shop.moldbrothers.com\/wp-content\/uploads\/2022\/02\/ad-logo-12x12.jpeg 12w\" sizes=\"(max-width: 856px) 100vw, 856px\" \/><\/figure>\n<\/div><\/div>\n<\/div>\n\n\n\n<p><\/p>","protected":false},"excerpt":{"rendered":"<p>Un molde de silicona de alta calidad con forma de cilindro retorcido, dise\u00f1ado por Alex Dilling**. El molde presenta una forma grande (para 8 personas) y est\u00e1 fabricado con silicona alimentaria 100%. Soporta temperaturas que oscilan entre -40\u00b0C y +200\u00b0C, por lo que es apto para su uso tanto en congeladores (de choque) como en hornos.<\/p>\n<p><em>*Adem\u00e1s recibir\u00e1s una tarjeta de recetas de cuatro p\u00e1ginas del chef Alex Dilling, con las instrucciones para su \"Terrina de pollo y pich\u00f3n con foie gras, trufa negra y glaseado de consom\u00e9\"<\/em><\/p>","protected":false},"featured_media":189641,"template":"","meta":{"_seopress_robots_primary_cat":"none","_seopress_titles_title":"Terrine Lin\u00e9aire X Alex Dilling | Silicone Mold","_seopress_titles_desc":"The Terrine Lin\u00e9aire X Alex Dilling: a professional silicone mold for 6\u20139 portions, heat resistant -40 \u00b0C to +200 \u00b0C. Includes Alex his recipe card.","_seopress_robots_index":""},"product_brand":[],"product_cat":[159,193],"product_tag":[515],"woo-feed-brand":[],"class_list":{"0":"post-189634","1":"product","2":"type-product","3":"status-publish","4":"has-post-thumbnail","6":"product_cat-3dmolds","7":"product_cat-essentials","8":"product_tag-farce","10":"first","11":"instock","12":"taxable","13":"shipping-taxable","14":"purchasable","15":"product-type-simple"},"_links":{"self":[{"href":"https:\/\/shop.moldbrothers.com\/es\/wp-json\/wp\/v2\/product\/189634","targetHints":{"allow":["GET"]}}],"collection":[{"href":"https:\/\/shop.moldbrothers.com\/es\/wp-json\/wp\/v2\/product"}],"about":[{"href":"https:\/\/shop.moldbrothers.com\/es\/wp-json\/wp\/v2\/types\/product"}],"wp:featuredmedia":[{"embeddable":true,"href":"https:\/\/shop.moldbrothers.com\/es\/wp-json\/wp\/v2\/media\/189641"}],"wp:attachment":[{"href":"https:\/\/shop.moldbrothers.com\/es\/wp-json\/wp\/v2\/media?parent=189634"}],"wp:term":[{"taxonomy":"product_brand","embeddable":true,"href":"https:\/\/shop.moldbrothers.com\/es\/wp-json\/wp\/v2\/product_brand?post=189634"},{"taxonomy":"product_cat","embeddable":true,"href":"https:\/\/shop.moldbrothers.com\/es\/wp-json\/wp\/v2\/product_cat?post=189634"},{"taxonomy":"product_tag","embeddable":true,"href":"https:\/\/shop.moldbrothers.com\/es\/wp-json\/wp\/v2\/product_tag?post=189634"},{"taxonomy":"woo-feed-brand","embeddable":true,"href":"https:\/\/shop.moldbrothers.com\/es\/wp-json\/wp\/v2\/woo-feed-brand?post=189634"}],"curies":[{"name":"wp","href":"https:\/\/api.w.org\/{rel}","templated":true}]}}