{"id":189177,"date":"2025-08-21T17:59:00","date_gmt":"2025-08-21T15:59:00","guid":{"rendered":"https:\/\/shop.moldbrothers.com\/?post_type=product&#038;p=189177"},"modified":"2026-02-26T10:52:08","modified_gmt":"2026-02-26T09:52:08","slug":"realistic-cone-tuille-mold-grouped","status":"publish","type":"product","link":"https:\/\/shop.moldbrothers.com\/es\/producto\/realistic-cone-tuille-mold-grouped\/","title":{"rendered":"Tuille c\u00f3nico realista Mold"},"content":{"rendered":"<div class=\"wp-block-columns is-layout-flex wp-container-core-columns-is-layout-9d6595d7 wp-block-columns-is-layout-flex\">\n<div class=\"wp-block-column is-layout-flow wp-block-column-is-layout-flow\" style=\"flex-basis:33.33%\">\n<figure class=\"wp-block-image size-full\"><a href=\"https:\/\/shop.moldbrothers.com\/wp-content\/uploads\/2025\/08\/Cone.png\"><img decoding=\"async\" width=\"1080\" height=\"1920\" src=\"https:\/\/shop.moldbrothers.com\/wp-content\/uploads\/2025\/08\/Cone.png\" alt=\"\" class=\"wp-image-189292\" style=\"aspect-ratio:3\/4;object-fit:cover\" srcset=\"https:\/\/shop.moldbrothers.com\/wp-content\/uploads\/2025\/08\/Cone.png 1080w, https:\/\/shop.moldbrothers.com\/wp-content\/uploads\/2025\/08\/Cone-768x1365.png 768w, https:\/\/shop.moldbrothers.com\/wp-content\/uploads\/2025\/08\/Cone-864x1536.png 864w, https:\/\/shop.moldbrothers.com\/wp-content\/uploads\/2025\/08\/Cone-7x12.png 7w, https:\/\/shop.moldbrothers.com\/wp-content\/uploads\/2025\/08\/Cone-1024x1820.png 1024w\" sizes=\"(max-width: 1080px) 100vw, 1080px\" \/><\/a><\/figure>\n<\/div>\n\n\n\n<div class=\"wp-block-column is-layout-flow wp-block-column-is-layout-flow\" style=\"flex-basis:70%\">\n<h2 class=\"wp-block-heading\">Receta vegana de algas de Mike<\/h2>\n\n\n\n<p>Mezclar 75 g de apionabo cocido con 75 g de algas hasta obtener una masa lisa y homog\u00e9nea. A\u00f1adir 45 g de az\u00facar en polvo, 25 g de isomalt y 5 g de glucosa, y mezclar hasta obtener una masa homog\u00e9nea. Dejar reposar la mezcla en el frigor\u00edfico de 15 a 30 minutos. Precalentar el horno a 160-170\u00b0C (ventilador). Extender la mezcla finamente sobre el molde de cono y hornear de 8 a 12 minutos, o hasta que est\u00e9 dorado y crujiente. Inmediatamente despu\u00e9s de hornearlo, col\u00f3quelo en una bandeja met\u00e1lica caliente y dele forma con el <strong>Herramienta de rodillo c\u00f3nico<\/strong> mientras a\u00fan est\u00e1n calientes y flexibles. Dejar enfriar completamente hasta que est\u00e9n crujientes.<\/p>\n<\/div>\n<\/div>","protected":false},"excerpt":{"rendered":"<p>Este molde de silicona de alta calidad est\u00e1 dise\u00f1ado para crear cucuruchos realistas con los cl\u00e1sicos detalles de gofre. Presenta cinco formas de cono diferentes y m\u00faltiples cavidades para una producci\u00f3n eficiente. Fabricado en silicona alimentaria 100%, resiste temperaturas de -40\u00b0C a +200\u00b0C, por lo que es perfecto tanto para congeladores (de choque) como para hornos.<\/p>","protected":false},"featured_media":188020,"template":"","meta":{"_seopress_robots_primary_cat":"none","_seopress_titles_title":"Cone Tuille Mold","_seopress_titles_desc":"Silicone mold for making realistic cones with waffle texture. Includes five shapes. Food-grade, oven and freezer resistant.","_seopress_robots_index":""},"product_brand":[],"product_cat":[228,237],"product_tag":[829,637,1374,1372,1371,1340,1288,1369,1370,1373,805,1342,1375,1376],"woo-feed-brand":[],"class_list":{"0":"post-189177","1":"product","2":"type-product","3":"status-publish","4":"has-post-thumbnail","6":"product_cat-2dmolds","7":"product_cat-natural","8":"product_tag-amuse","9":"product_tag-cone","10":"product_tag-cono","11":"product_tag-cornet","12":"product_tag-cucurucho","13":"product_tag-fine-dining","14":"product_tag-garnish","15":"product_tag-hoorntje","16":"product_tag-hornchen","17":"product_tag-kon","18":"product_tag-realistic","19":"product_tag-silicone-mold","20":"product_tag-tuille-cone","21":"product_tag-waffle-cone","23":"first","24":"instock","25":"taxable","26":"shipping-taxable","27":"product-type-grouped"},"_links":{"self":[{"href":"https:\/\/shop.moldbrothers.com\/es\/wp-json\/wp\/v2\/product\/189177","targetHints":{"allow":["GET"]}}],"collection":[{"href":"https:\/\/shop.moldbrothers.com\/es\/wp-json\/wp\/v2\/product"}],"about":[{"href":"https:\/\/shop.moldbrothers.com\/es\/wp-json\/wp\/v2\/types\/product"}],"wp:featuredmedia":[{"embeddable":true,"href":"https:\/\/shop.moldbrothers.com\/es\/wp-json\/wp\/v2\/media\/188020"}],"wp:attachment":[{"href":"https:\/\/shop.moldbrothers.com\/es\/wp-json\/wp\/v2\/media?parent=189177"}],"wp:term":[{"taxonomy":"product_brand","embeddable":true,"href":"https:\/\/shop.moldbrothers.com\/es\/wp-json\/wp\/v2\/product_brand?post=189177"},{"taxonomy":"product_cat","embeddable":true,"href":"https:\/\/shop.moldbrothers.com\/es\/wp-json\/wp\/v2\/product_cat?post=189177"},{"taxonomy":"product_tag","embeddable":true,"href":"https:\/\/shop.moldbrothers.com\/es\/wp-json\/wp\/v2\/product_tag?post=189177"},{"taxonomy":"woo-feed-brand","embeddable":true,"href":"https:\/\/shop.moldbrothers.com\/es\/wp-json\/wp\/v2\/woo-feed-brand?post=189177"}],"curies":[{"name":"wp","href":"https:\/\/api.w.org\/{rel}","templated":true}]}}