{"id":186550,"date":"2025-06-11T11:11:54","date_gmt":"2025-06-11T09:11:54","guid":{"rendered":"https:\/\/shop.moldbrothers.com\/?post_type=product&#038;p=186550"},"modified":"2025-12-01T12:29:33","modified_gmt":"2025-12-01T11:29:33","slug":"plate-guards","status":"publish","type":"product","link":"https:\/\/shop.moldbrothers.com\/es\/producto\/plate-guards\/","title":{"rendered":"Chapa de protecci\u00f3n"},"content":{"rendered":"","protected":false},"excerpt":{"rendered":"<p>Un protector de platos de silicona de alta calidad, dise\u00f1ado para proteger sus platos de porcelana fina. Este protector de platos es duradero, lavable, antideslizante y f\u00e1cil de cortar. Se acabaron las manos temblorosas al transportar su costosa vajilla, los ara\u00f1azos y los da\u00f1os.<\/p>","protected":false},"featured_media":186543,"template":"","meta":{"_seopress_robots_primary_cat":"none","_seopress_titles_title":"Plate Guards \u2013 Ultra\u2011Thin Silicone Protectors for Fine China | MoldBrothers","_seopress_titles_desc":"Protect your fine china from scratches and slips with MoldBrothers' ultra\u2011thin, non\u2011slip, dishwasher\u2011safe silicone Plate Guards. Custom\u2011cut, food\u2011safe, and built to last\u2014a smart investment for every kitchen.","_seopress_robots_index":""},"product_brand":[],"product_cat":[192],"product_tag":[],"woo-feed-brand":[],"class_list":{"0":"post-186550","1":"product","2":"type-product","3":"status-publish","4":"has-post-thumbnail","6":"product_cat-kitchen-essentials","8":"first","9":"instock","10":"taxable","11":"shipping-taxable","12":"product-type-grouped"},"_links":{"self":[{"href":"https:\/\/shop.moldbrothers.com\/es\/wp-json\/wp\/v2\/product\/186550","targetHints":{"allow":["GET"]}}],"collection":[{"href":"https:\/\/shop.moldbrothers.com\/es\/wp-json\/wp\/v2\/product"}],"about":[{"href":"https:\/\/shop.moldbrothers.com\/es\/wp-json\/wp\/v2\/types\/product"}],"wp:featuredmedia":[{"embeddable":true,"href":"https:\/\/shop.moldbrothers.com\/es\/wp-json\/wp\/v2\/media\/186543"}],"wp:attachment":[{"href":"https:\/\/shop.moldbrothers.com\/es\/wp-json\/wp\/v2\/media?parent=186550"}],"wp:term":[{"taxonomy":"product_brand","embeddable":true,"href":"https:\/\/shop.moldbrothers.com\/es\/wp-json\/wp\/v2\/product_brand?post=186550"},{"taxonomy":"product_cat","embeddable":true,"href":"https:\/\/shop.moldbrothers.com\/es\/wp-json\/wp\/v2\/product_cat?post=186550"},{"taxonomy":"product_tag","embeddable":true,"href":"https:\/\/shop.moldbrothers.com\/es\/wp-json\/wp\/v2\/product_tag?post=186550"},{"taxonomy":"woo-feed-brand","embeddable":true,"href":"https:\/\/shop.moldbrothers.com\/es\/wp-json\/wp\/v2\/woo-feed-brand?post=186550"}],"curies":[{"name":"wp","href":"https:\/\/api.w.org\/{rel}","templated":true}]}}