{"id":183690,"date":"2021-09-27T14:52:00","date_gmt":"2021-09-27T12:52:00","guid":{"rendered":"https:\/\/shop.moldbrothers.com\/?post_type=product&#038;p=183690"},"modified":"2026-03-25T08:43:04","modified_gmt":"2026-03-25T07:43:04","slug":"optic-tuille-mold-large-2","status":"publish","type":"product","link":"https:\/\/shop.moldbrothers.com\/es\/producto\/optic-tuille-mold-large-2\/","title":{"rendered":"Optica Tuille Mold Grande"},"content":{"rendered":"","protected":false},"excerpt":{"rendered":"<p>Fabricado en silicona alimentaria 100% y resistente al calor hasta 200\u00b0C, este molde de precisi\u00f3n cuenta con <em>patr\u00f3n geom\u00e9trico \u00f3ptico<\/em> y garantiza la cocci\u00f3n de tuilles con forma consistente y detalles n\u00edtidos.<\/p>","protected":false},"featured_media":183695,"template":"","meta":{"_seopress_robots_primary_cat":"none","_seopress_titles_title":"","_seopress_titles_desc":"","_seopress_robots_index":""},"product_brand":[],"product_cat":[228,1278],"product_tag":[573,574,572,495,558,519],"woo-feed-brand":[],"class_list":{"0":"post-183690","1":"product","2":"type-product","3":"status-publish","4":"has-post-thumbnail","6":"product_cat-2dmolds","7":"product_cat-grid-ring","8":"product_tag-geometric","9":"product_tag-geometrisch","10":"product_tag-optisch","11":"product_tag-tuile","12":"product_tag-tuille","13":"product_tag-tuille-forme","15":"first","16":"instock","17":"sale","18":"taxable","19":"shipping-taxable","20":"product-type-grouped"},"_links":{"self":[{"href":"https:\/\/shop.moldbrothers.com\/es\/wp-json\/wp\/v2\/product\/183690","targetHints":{"allow":["GET"]}}],"collection":[{"href":"https:\/\/shop.moldbrothers.com\/es\/wp-json\/wp\/v2\/product"}],"about":[{"href":"https:\/\/shop.moldbrothers.com\/es\/wp-json\/wp\/v2\/types\/product"}],"wp:featuredmedia":[{"embeddable":true,"href":"https:\/\/shop.moldbrothers.com\/es\/wp-json\/wp\/v2\/media\/183695"}],"wp:attachment":[{"href":"https:\/\/shop.moldbrothers.com\/es\/wp-json\/wp\/v2\/media?parent=183690"}],"wp:term":[{"taxonomy":"product_brand","embeddable":true,"href":"https:\/\/shop.moldbrothers.com\/es\/wp-json\/wp\/v2\/product_brand?post=183690"},{"taxonomy":"product_cat","embeddable":true,"href":"https:\/\/shop.moldbrothers.com\/es\/wp-json\/wp\/v2\/product_cat?post=183690"},{"taxonomy":"product_tag","embeddable":true,"href":"https:\/\/shop.moldbrothers.com\/es\/wp-json\/wp\/v2\/product_tag?post=183690"},{"taxonomy":"woo-feed-brand","embeddable":true,"href":"https:\/\/shop.moldbrothers.com\/es\/wp-json\/wp\/v2\/woo-feed-brand?post=183690"}],"curies":[{"name":"wp","href":"https:\/\/api.w.org\/{rel}","templated":true}]}}