{"id":183673,"date":"2020-11-08T14:36:00","date_gmt":"2020-11-08T13:36:00","guid":{"rendered":"https:\/\/shop.moldbrothers.com\/?post_type=product&#038;p=183673"},"modified":"2026-03-25T08:42:17","modified_gmt":"2026-03-25T07:42:17","slug":"hazel-leaf-tuille-mold-x-rijnzicht","status":"publish","type":"product","link":"https:\/\/shop.moldbrothers.com\/es\/producto\/hazel-leaf-tuille-mold-x-rijnzicht\/","title":{"rendered":"Tuille Hoja de Avellano Mold X Rijnzicht"},"content":{"rendered":"<div class=\"grid grid-cols-1 lg:grid-cols-2 lg:gap-12\"><div class=\"col-span-1 self-center\"><figure class=\"h-[clamp(200px,40vw,600px)!important]\"><img decoding=\"async\" class=\"w-full h-full object-cover object-center rounded-2xl\" src=\"https:\/\/shop.moldbrothers.com\/wp-content\/uploads\/2020\/11\/Mike-Cornelissen.png\" alt=\"\" \/><\/figure><\/div><div class=\"col-span-1 self-center\"><div class=\"lg:pl-20\"><\/p>\n<h6>Colaboraci\u00f3n<\/h6>\n<h2>Mike Cornelissen *<\/h2>\n<p>Ubicado junto al r\u00edo, Rijnzicht es un restaurante con 1 estrella Michelin en los Pa\u00edses Bajos. El chef Mike Cornelissen ha estado al frente de la cocina de Rijnzicht durante varios a\u00f1os. Su innovador estilo de cocina estaba en el coraz\u00f3n de este molde. Basado en la hoja de un avellano.<\/div><\/div><\/div>","protected":false},"excerpt":{"rendered":"<p>Fabricado en silicona alimentaria 100% y resistente al calor hasta 200\u00b0C, este molde de precisi\u00f3n cuenta con <em>venas abstractas de hojas de avellano<\/em> y garantiza la cocci\u00f3n de tuilles con forma consistente y detalles n\u00edtidos.<\/p>","protected":false},"featured_media":183678,"template":"","meta":{"_seopress_robots_primary_cat":"none","_seopress_titles_title":"","_seopress_titles_desc":"","_seopress_robots_index":""},"product_brand":[],"product_cat":[228,1278],"product_tag":[548,554,547,546,549,537,495,558,519],"woo-feed-brand":[],"class_list":{"0":"post-183673","1":"product","2":"type-product","3":"status-publish","4":"has-post-thumbnail","6":"product_cat-2dmolds","7":"product_cat-grid-ring","8":"product_tag-bos","9":"product_tag-chef","10":"product_tag-forest","11":"product_tag-leav","12":"product_tag-leave","13":"product_tag-leaves","14":"product_tag-tuile","15":"product_tag-tuille","16":"product_tag-tuille-forme","18":"first","19":"instock","20":"sale","21":"taxable","22":"shipping-taxable","23":"product-type-grouped"},"_links":{"self":[{"href":"https:\/\/shop.moldbrothers.com\/es\/wp-json\/wp\/v2\/product\/183673","targetHints":{"allow":["GET"]}}],"collection":[{"href":"https:\/\/shop.moldbrothers.com\/es\/wp-json\/wp\/v2\/product"}],"about":[{"href":"https:\/\/shop.moldbrothers.com\/es\/wp-json\/wp\/v2\/types\/product"}],"wp:featuredmedia":[{"embeddable":true,"href":"https:\/\/shop.moldbrothers.com\/es\/wp-json\/wp\/v2\/media\/183678"}],"wp:attachment":[{"href":"https:\/\/shop.moldbrothers.com\/es\/wp-json\/wp\/v2\/media?parent=183673"}],"wp:term":[{"taxonomy":"product_brand","embeddable":true,"href":"https:\/\/shop.moldbrothers.com\/es\/wp-json\/wp\/v2\/product_brand?post=183673"},{"taxonomy":"product_cat","embeddable":true,"href":"https:\/\/shop.moldbrothers.com\/es\/wp-json\/wp\/v2\/product_cat?post=183673"},{"taxonomy":"product_tag","embeddable":true,"href":"https:\/\/shop.moldbrothers.com\/es\/wp-json\/wp\/v2\/product_tag?post=183673"},{"taxonomy":"woo-feed-brand","embeddable":true,"href":"https:\/\/shop.moldbrothers.com\/es\/wp-json\/wp\/v2\/woo-feed-brand?post=183673"}],"curies":[{"name":"wp","href":"https:\/\/api.w.org\/{rel}","templated":true}]}}