{"id":181885,"date":"2025-04-16T10:55:54","date_gmt":"2025-04-16T08:55:54","guid":{"rendered":"https:\/\/shop.moldbrothers.com\/?post_type=product&#038;p=181885"},"modified":"2025-08-04T12:24:33","modified_gmt":"2025-08-04T10:24:33","slug":"eel-bone-tuille-mold","status":"publish","type":"product","link":"https:\/\/shop.moldbrothers.com\/es\/producto\/eel-bone-tuille-mold\/","title":{"rendered":"Unagi Tuille Mold"},"content":{"rendered":"<div class=\"wp-block-columns is-layout-flex wp-container-core-columns-is-layout-9d6595d7 wp-block-columns-is-layout-flex\">\n<div class=\"wp-block-column is-layout-flow wp-block-column-is-layout-flow\" style=\"flex-basis:33.33%\">\n<figure class=\"wp-block-image size-full\"><a href=\"https:\/\/shop.moldbrothers.com\/wp-content\/uploads\/2025\/04\/Scherm_afbeelding-2025-04-16-om-11.16.01.png\"><img decoding=\"async\" width=\"1010\" height=\"1666\" src=\"https:\/\/shop.moldbrothers.com\/wp-content\/uploads\/2025\/04\/Scherm_afbeelding-2025-04-16-om-11.16.01.png\" alt=\"\" class=\"wp-image-181901\" srcset=\"https:\/\/shop.moldbrothers.com\/wp-content\/uploads\/2025\/04\/Scherm_afbeelding-2025-04-16-om-11.16.01.png 1010w, https:\/\/shop.moldbrothers.com\/wp-content\/uploads\/2025\/04\/Scherm_afbeelding-2025-04-16-om-11.16.01-768x1267.png 768w, https:\/\/shop.moldbrothers.com\/wp-content\/uploads\/2025\/04\/Scherm_afbeelding-2025-04-16-om-11.16.01-931x1536.png 931w, https:\/\/shop.moldbrothers.com\/wp-content\/uploads\/2025\/04\/Scherm_afbeelding-2025-04-16-om-11.16.01-7x12.png 7w\" sizes=\"(max-width: 1010px) 100vw, 1010px\" \/><\/a><\/figure>\n<\/div>\n\n\n\n<div class=\"wp-block-column is-layout-flow wp-block-column-is-layout-flow\" style=\"flex-basis:70%\">\n<h2 class=\"wp-block-heading\">\u00a1La receta de Mike!<\/h2>\n\n\n\n<p><strong>Ingredientes<\/strong><br>- 60 gramos de clara de huevo<br>- 40 gramos de aceite de girasol<br>- 100 gramos de anguila ahumada <br>- 10 gramos Az\u00facar<br>- 40 gramos Harina<br>- 5 gramos Sal<\/p>\n\n\n\n<p><strong>M\u00e9todo<\/strong><br>Triturar la anguila ahumada hasta que quede picada. Mezclar la clara de huevo, el aceite de girasol, el az\u00facar, la harina y la sal con la anguila. Enfr\u00ede la masa durante 15-30 minutos. Precalentar el horno a 160-170\u00b0C (ventilador). Extender la masa finamente en el tuille de hueso de anguila Mold. Hornear durante 8-12 minutos hasta que est\u00e9n dorados y crujientes. Sacar de la bandeja inmediatamente despu\u00e9s de hornear y dar forma mientras est\u00e9 caliente (por ejemplo, sobre un rodillo para obtener una forma curva). Dejar enfriar hasta que est\u00e9n crujientes.<\/p>\n<\/div>\n<\/div>","protected":false},"excerpt":{"rendered":"<p>Fabricado con silicona alimentaria de alta calidad y resistente al calor hasta 200\u00b0C, este molde de precisi\u00f3n presenta '<em>Contornos de \"unagi\" (hueso de anguila)<\/em> y garantiza la cocci\u00f3n de tuilles con forma consistente y detalles n\u00edtidos.<\/p>\n<p><em>\u00a9 Pictures and d<\/em><em>esign por MoldBrothers y Mike Cornelissen<\/em><\/p>","protected":false},"featured_media":183671,"template":"","meta":{"_seopress_robots_primary_cat":"none","_seopress_titles_title":"","_seopress_titles_desc":"","_seopress_robots_index":""},"product_brand":[],"product_cat":[228,237,910],"product_tag":[577,554,1291,1290,497,1288,826,1289,623,1287,498,499,698,558],"woo-feed-brand":[],"class_list":{"0":"post-181885","1":"product","2":"type-product","3":"status-publish","4":"has-post-thumbnail","6":"product_cat-2dmolds","7":"product_cat-natural","8":"product_cat-test-kitchen","9":"product_tag-bone","10":"product_tag-chef","11":"product_tag-crispy","12":"product_tag-eel","13":"product_tag-fish","14":"product_tag-garnish","15":"product_tag-mini","16":"product_tag-mold","17":"product_tag-plating","18":"product_tag-savory","19":"product_tag-sea","20":"product_tag-seafood","21":"product_tag-silicone","22":"product_tag-tuille","24":"first","25":"instock","26":"sale","27":"taxable","28":"shipping-taxable","29":"product-type-grouped"},"_links":{"self":[{"href":"https:\/\/shop.moldbrothers.com\/es\/wp-json\/wp\/v2\/product\/181885","targetHints":{"allow":["GET"]}}],"collection":[{"href":"https:\/\/shop.moldbrothers.com\/es\/wp-json\/wp\/v2\/product"}],"about":[{"href":"https:\/\/shop.moldbrothers.com\/es\/wp-json\/wp\/v2\/types\/product"}],"wp:featuredmedia":[{"embeddable":true,"href":"https:\/\/shop.moldbrothers.com\/es\/wp-json\/wp\/v2\/media\/183671"}],"wp:attachment":[{"href":"https:\/\/shop.moldbrothers.com\/es\/wp-json\/wp\/v2\/media?parent=181885"}],"wp:term":[{"taxonomy":"product_brand","embeddable":true,"href":"https:\/\/shop.moldbrothers.com\/es\/wp-json\/wp\/v2\/product_brand?post=181885"},{"taxonomy":"product_cat","embeddable":true,"href":"https:\/\/shop.moldbrothers.com\/es\/wp-json\/wp\/v2\/product_cat?post=181885"},{"taxonomy":"product_tag","embeddable":true,"href":"https:\/\/shop.moldbrothers.com\/es\/wp-json\/wp\/v2\/product_tag?post=181885"},{"taxonomy":"woo-feed-brand","embeddable":true,"href":"https:\/\/shop.moldbrothers.com\/es\/wp-json\/wp\/v2\/woo-feed-brand?post=181885"}],"curies":[{"name":"wp","href":"https:\/\/api.w.org\/{rel}","templated":true}]}}