{"id":180190,"date":"2025-03-31T11:59:00","date_gmt":"2025-03-31T09:59:00","guid":{"rendered":"https:\/\/shop.moldbrothers.com\/?post_type=product&#038;p=180190"},"modified":"2025-12-29T17:16:57","modified_gmt":"2025-12-29T16:16:57","slug":"oyster-tuille-mold-small-restaurant-zilte","status":"publish","type":"product","link":"https:\/\/shop.moldbrothers.com\/es\/producto\/oyster-tuille-mold-small-restaurant-zilte\/","title":{"rendered":"Ostra Tuille Mold Peque\u00f1o X Restaurante Zilte***"},"content":{"rendered":"<div class=\"wp-block-columns is-layout-flex wp-container-core-columns-is-layout-9d6595d7 wp-block-columns-is-layout-flex\">\n<div class=\"wp-block-column is-vertically-aligned-center is-layout-flow wp-block-column-is-layout-flow\" style=\"flex-basis:50%\"><div class=\"wp-block-image\">\n<figure class=\"alignright size-full\"><img decoding=\"async\" width=\"2560\" height=\"2263\" src=\"https:\/\/shop.moldbrothers.com\/wp-content\/uploads\/2025\/03\/ZILTE23-scaled.jpg\" alt=\"\" class=\"wp-image-181633\" style=\"object-fit:cover\" srcset=\"https:\/\/shop.moldbrothers.com\/wp-content\/uploads\/2025\/03\/ZILTE23-scaled.jpg 2560w, https:\/\/shop.moldbrothers.com\/wp-content\/uploads\/2025\/03\/ZILTE23-768x679.jpg 768w, https:\/\/shop.moldbrothers.com\/wp-content\/uploads\/2025\/03\/ZILTE23-1536x1358.jpg 1536w, https:\/\/shop.moldbrothers.com\/wp-content\/uploads\/2025\/03\/ZILTE23-2048x1810.jpg 2048w, https:\/\/shop.moldbrothers.com\/wp-content\/uploads\/2025\/03\/ZILTE23-14x12.jpg 14w, https:\/\/shop.moldbrothers.com\/wp-content\/uploads\/2025\/03\/ZILTE23-1024x905.jpg 1024w\" sizes=\"(max-width: 2560px) 100vw, 2560px\" \/><\/figure>\n<\/div><\/div>\n\n\n\n<div class=\"wp-block-column is-layout-flow wp-block-column-is-layout-flow\" style=\"flex-basis:35.09%\">\n<h6 class=\"wp-block-heading\">Colaboraci\u00f3n<\/h6>\n\n\n\n<h2 class=\"wp-block-heading\">Sobre el Chef<\/h2>\n\n\n\n<p>Viki Geunes, un talento culinario autodidacta, convirti\u00f3 su pasi\u00f3n en perfecci\u00f3n gracias al instinto, la disciplina y una dedicaci\u00f3n implacable. En 1996, abri\u00f3 't Zilte, que m\u00e1s tarde se convirti\u00f3 en Zilte, ahora un hito gastron\u00f3mico en lo alto del MAS de Amberes. Con una creatividad refinada y su familia a su lado, consigui\u00f3 tres estrellas Michelin en 2021. Desde entonces, Zilte sigue brillando como s\u00edmbolo de la gastronom\u00eda belga, donde artesan\u00eda y emoci\u00f3n se dan la mano en cada plato.<\/p>\n\n\n<div class=\"wp-block-image\">\n<figure class=\"alignleft size-full is-resized\"><img decoding=\"async\" width=\"258\" height=\"288\" src=\"https:\/\/shop.moldbrothers.com\/wp-content\/uploads\/2025\/03\/Zilte-logo-80px-1.png\" alt=\"\" class=\"wp-image-181631\" style=\"aspect-ratio:0.9988331388564761;width:111px;height:auto\" srcset=\"https:\/\/shop.moldbrothers.com\/wp-content\/uploads\/2025\/03\/Zilte-logo-80px-1.png 258w, https:\/\/shop.moldbrothers.com\/wp-content\/uploads\/2025\/03\/Zilte-logo-80px-1-11x12.png 11w\" sizes=\"(max-width: 258px) 100vw, 258px\" \/><\/figure>\n<\/div><\/div>\n<\/div>\n\n\n\n<p><\/p>","protected":false},"excerpt":{"rendered":"<p>Este molde de silicona de alta calidad est\u00e1 dise\u00f1ado con la forma de una ostra realista y viene en tama\u00f1os peque\u00f1o y grande. Dependiendo de la versi\u00f3n, cada molde permite crear 6 o 12 detallados tuilles. Fabricado en silicona alimentaria 100%, resiste temperaturas de -40\u00b0C a +200\u00b0C, por lo que es apto para su uso tanto en congeladores (de choque) como en hornos.<\/p>","protected":false},"featured_media":179759,"template":"","meta":{"_seopress_robots_primary_cat":"none","_seopress_titles_title":"","_seopress_titles_desc":"","_seopress_robots_index":""},"product_brand":[],"product_cat":[228,237,203],"product_tag":[1260,1261,1104,1258,1105,1234,1236,660,1259,676,1263,1262,499,1108,1109],"woo-feed-brand":[],"class_list":{"0":"post-180190","1":"product","2":"type-product","3":"status-publish","4":"has-post-thumbnail","6":"product_cat-2dmolds","7":"product_cat-natural","8":"product_cat-graphic","9":"product_tag-auster","10":"product_tag-delicatessen","11":"product_tag-fruits-de-mer","12":"product_tag-huitre","13":"product_tag-mariscos","14":"product_tag-mollusk","15":"product_tag-ocean","16":"product_tag-oester","17":"product_tag-ostra","18":"product_tag-oyster","19":"product_tag-pearl","20":"product_tag-raw-bar","21":"product_tag-seafood","22":"product_tag-shellfish","23":"product_tag-zeevruchten","25":"first","26":"instock","27":"sale","28":"taxable","29":"shipping-taxable","30":"product-type-grouped"},"_links":{"self":[{"href":"https:\/\/shop.moldbrothers.com\/es\/wp-json\/wp\/v2\/product\/180190","targetHints":{"allow":["GET"]}}],"collection":[{"href":"https:\/\/shop.moldbrothers.com\/es\/wp-json\/wp\/v2\/product"}],"about":[{"href":"https:\/\/shop.moldbrothers.com\/es\/wp-json\/wp\/v2\/types\/product"}],"wp:featuredmedia":[{"embeddable":true,"href":"https:\/\/shop.moldbrothers.com\/es\/wp-json\/wp\/v2\/media\/179759"}],"wp:attachment":[{"href":"https:\/\/shop.moldbrothers.com\/es\/wp-json\/wp\/v2\/media?parent=180190"}],"wp:term":[{"taxonomy":"product_brand","embeddable":true,"href":"https:\/\/shop.moldbrothers.com\/es\/wp-json\/wp\/v2\/product_brand?post=180190"},{"taxonomy":"product_cat","embeddable":true,"href":"https:\/\/shop.moldbrothers.com\/es\/wp-json\/wp\/v2\/product_cat?post=180190"},{"taxonomy":"product_tag","embeddable":true,"href":"https:\/\/shop.moldbrothers.com\/es\/wp-json\/wp\/v2\/product_tag?post=180190"},{"taxonomy":"woo-feed-brand","embeddable":true,"href":"https:\/\/shop.moldbrothers.com\/es\/wp-json\/wp\/v2\/woo-feed-brand?post=180190"}],"curies":[{"name":"wp","href":"https:\/\/api.w.org\/{rel}","templated":true}]}}