{"id":179508,"date":"2025-04-22T14:50:00","date_gmt":"2025-04-22T12:50:00","guid":{"rendered":"https:\/\/shop.moldbrothers.com\/?post_type=product&#038;p=179508"},"modified":"2025-12-24T11:57:07","modified_gmt":"2025-12-24T10:57:07","slug":"sillet-tuille","status":"publish","type":"product","link":"https:\/\/shop.moldbrothers.com\/es\/producto\/sillet-tuille\/","title":{"rendered":"Sill\u00e9t Tuille Mold X Alex Dilling"},"content":{"rendered":"<div class=\"wp-block-columns is-layout-flex wp-container-core-columns-is-layout-9d6595d7 wp-block-columns-is-layout-flex\">\n<div class=\"wp-block-column is-vertically-aligned-center is-layout-flow wp-block-column-is-layout-flow\" style=\"flex-basis:50%\"><div class=\"wp-block-image\">\n<figure class=\"alignright size-full\"><img decoding=\"async\" width=\"800\" height=\"555\" src=\"https:\/\/shop.moldbrothers.com\/wp-content\/uploads\/2023\/11\/WhatsApp-Image-2023-11-09-at-16.15.21-edited-1-1.jpeg\" alt=\"\" class=\"wp-image-153455\" style=\"object-fit:cover\" srcset=\"https:\/\/shop.moldbrothers.com\/wp-content\/uploads\/2023\/11\/WhatsApp-Image-2023-11-09-at-16.15.21-edited-1-1.jpeg 800w, https:\/\/shop.moldbrothers.com\/wp-content\/uploads\/2023\/11\/WhatsApp-Image-2023-11-09-at-16.15.21-edited-1-1-768x533.jpeg 768w, https:\/\/shop.moldbrothers.com\/wp-content\/uploads\/2023\/11\/WhatsApp-Image-2023-11-09-at-16.15.21-edited-1-1-18x12.jpeg 18w\" sizes=\"(max-width: 800px) 100vw, 800px\" \/><\/figure>\n<\/div><\/div>\n\n\n\n<div class=\"wp-block-column is-layout-flow wp-block-column-is-layout-flow\" style=\"flex-basis:35.09%\">\n<h6 class=\"wp-block-heading\">Colaboraci\u00f3n<\/h6>\n\n\n\n<h2 class=\"wp-block-heading\">Sobre el Chef<\/h2>\n\n\n\n<p>El chef Alex Dilling, antiguo chef de The Greenhouse** en Londres, aporta ahora su maestr\u00eda culinaria al Hotel Caf\u00e9 Royal, ofreciendo una experiencia gastron\u00f3mica \u00edntima. Ampliamente conocido por su habilidad t\u00e9cnica, Alex contin\u00faa su viaje creativo con nosotros tras el \u00e9xito del '<a href=\"https:\/\/shop.moldbrothers.com\/es\/?sProd=alex+dilling&amp;page=1\" data-type=\"link\" data-id=\"https:\/\/shop.moldbrothers.com\/?sProd=alex+dilling&amp;page=1\">Pollo de caza<\/a>' molde.<\/p>\n\n\n\n<p>Esta vez, hemos convertido su tuille de trufa de 2019 -originalmente hecho a mano para su 'Ris de Veau \u00e0 la Truffe Noire'- en este 'Sill\u00e9t Tuille Mold'. Con cada compra de moldes, \u00a1recibir\u00e1s su exclusiva receta de tuille de trufa!<\/p>\n\n\n<div class=\"wp-block-image\">\n<figure class=\"alignleft size-full is-resized\"><img decoding=\"async\" width=\"856\" height=\"857\" src=\"https:\/\/shop.moldbrothers.com\/wp-content\/uploads\/2022\/02\/ad-logo.jpeg\" alt=\"\" class=\"wp-image-124029\" style=\"aspect-ratio:0.9988331388564761;width:164px;height:auto\" srcset=\"https:\/\/shop.moldbrothers.com\/wp-content\/uploads\/2022\/02\/ad-logo.jpeg 856w, https:\/\/shop.moldbrothers.com\/wp-content\/uploads\/2022\/02\/ad-logo-100x100.jpeg 100w, https:\/\/shop.moldbrothers.com\/wp-content\/uploads\/2022\/02\/ad-logo-600x601.jpeg 600w, https:\/\/shop.moldbrothers.com\/wp-content\/uploads\/2022\/02\/ad-logo-150x150.jpeg 150w, https:\/\/shop.moldbrothers.com\/wp-content\/uploads\/2022\/02\/ad-logo-12x12.jpeg 12w\" sizes=\"(max-width: 856px) 100vw, 856px\" \/><\/figure>\n<\/div><\/div>\n<\/div>\n\n\n\n<p><\/p>","protected":false},"excerpt":{"rendered":"<p>Un molde de silicona de alta calidad con forma de <em>tuber\u00eda manual<\/em> swirl, dise\u00f1ado por Alex Dilling**. El molde presenta cuatro formas y est\u00e1 fabricado con silicona alimentaria 100%. Soporta temperaturas que oscilan entre -40 \u00b0C y +200 \u00b0C, por lo que es apto para su uso tanto en congeladores (de choque) como en hornos.<\/p>\n<p>\u00a9 Dise\u00f1o de Alex Dilling, Fotos de MoldBrothers<\/p>","protected":false},"featured_media":179513,"template":"","meta":{"_seopress_robots_primary_cat":"none","_seopress_titles_title":"","_seopress_titles_desc":"","_seopress_robots_index":""},"product_brand":[],"product_cat":[228,203],"product_tag":[929,1295,1285,554,1291,1294,497,1288,928,1289,1236,623,1296,1293,499,698,1292,677,558],"woo-feed-brand":[],"class_list":{"0":"post-179508","1":"product","2":"type-product","3":"status-publish","4":"has-post-thumbnail","6":"product_cat-2dmolds","7":"product_cat-graphic","8":"product_tag-alex","9":"product_tag-alexdilling","10":"product_tag-bite","11":"product_tag-chef","12":"product_tag-crispy","13":"product_tag-dilling","14":"product_tag-fish","15":"product_tag-garnish","16":"product_tag-hunter","17":"product_tag-mold","18":"product_tag-ocean","19":"product_tag-plating","20":"product_tag-quail","21":"product_tag-scale","22":"product_tag-seafood","23":"product_tag-silicone","24":"product_tag-sillet","25":"product_tag-truffle","26":"product_tag-tuille","28":"first","29":"instock","30":"taxable","31":"shipping-taxable","32":"purchasable","33":"product-type-simple"},"_links":{"self":[{"href":"https:\/\/shop.moldbrothers.com\/es\/wp-json\/wp\/v2\/product\/179508","targetHints":{"allow":["GET"]}}],"collection":[{"href":"https:\/\/shop.moldbrothers.com\/es\/wp-json\/wp\/v2\/product"}],"about":[{"href":"https:\/\/shop.moldbrothers.com\/es\/wp-json\/wp\/v2\/types\/product"}],"wp:featuredmedia":[{"embeddable":true,"href":"https:\/\/shop.moldbrothers.com\/es\/wp-json\/wp\/v2\/media\/179513"}],"wp:attachment":[{"href":"https:\/\/shop.moldbrothers.com\/es\/wp-json\/wp\/v2\/media?parent=179508"}],"wp:term":[{"taxonomy":"product_brand","embeddable":true,"href":"https:\/\/shop.moldbrothers.com\/es\/wp-json\/wp\/v2\/product_brand?post=179508"},{"taxonomy":"product_cat","embeddable":true,"href":"https:\/\/shop.moldbrothers.com\/es\/wp-json\/wp\/v2\/product_cat?post=179508"},{"taxonomy":"product_tag","embeddable":true,"href":"https:\/\/shop.moldbrothers.com\/es\/wp-json\/wp\/v2\/product_tag?post=179508"},{"taxonomy":"woo-feed-brand","embeddable":true,"href":"https:\/\/shop.moldbrothers.com\/es\/wp-json\/wp\/v2\/woo-feed-brand?post=179508"}],"curies":[{"name":"wp","href":"https:\/\/api.w.org\/{rel}","templated":true}]}}