{"id":179030,"date":"2025-03-06T12:34:11","date_gmt":"2025-03-06T11:34:11","guid":{"rendered":"https:\/\/shop.moldbrothers.com\/?post_type=product&#038;p=179030"},"modified":"2026-02-25T11:02:15","modified_gmt":"2026-02-25T10:02:15","slug":"rolling-cylinders","status":"publish","type":"product","link":"https:\/\/shop.moldbrothers.com\/es\/producto\/rolling-cylinders\/","title":{"rendered":"Cilindros rodantes"},"content":{"rendered":"","protected":false},"excerpt":{"rendered":"<p>Un \"cilindro rodante\" de acero inoxidable de alta calidad. Estos cilindros est\u00e1n disponibles en varios tama\u00f1os: 1,8, 2,8 y 3,8 cm de di\u00e1metro. Fabricado en los Pa\u00edses Bajos, este producto es seguro para el contacto con alimentos y puede soportar temperaturas bajas y extremadamente altas, por lo que es adecuado para su uso en el horno o la sart\u00e9n, si es necesario.<\/p>","protected":false},"featured_media":199556,"template":"","meta":{"_seopress_robots_primary_cat":"none","_seopress_titles_title":"","_seopress_titles_desc":"","_seopress_robots_index":""},"product_brand":[],"product_cat":[192],"product_tag":[713,1026,595,1052,1051],"woo-feed-brand":[],"class_list":{"0":"post-179030","1":"product","2":"type-product","3":"status-publish","4":"has-post-thumbnail","6":"product_cat-kitchen-essentials","7":"product_tag-cylinder","8":"product_tag-fried","9":"product_tag-fry","10":"product_tag-metal","11":"product_tag-pin","13":"first","14":"instock","15":"taxable","16":"shipping-taxable","17":"product-type-grouped"},"_links":{"self":[{"href":"https:\/\/shop.moldbrothers.com\/es\/wp-json\/wp\/v2\/product\/179030","targetHints":{"allow":["GET"]}}],"collection":[{"href":"https:\/\/shop.moldbrothers.com\/es\/wp-json\/wp\/v2\/product"}],"about":[{"href":"https:\/\/shop.moldbrothers.com\/es\/wp-json\/wp\/v2\/types\/product"}],"wp:featuredmedia":[{"embeddable":true,"href":"https:\/\/shop.moldbrothers.com\/es\/wp-json\/wp\/v2\/media\/199556"}],"wp:attachment":[{"href":"https:\/\/shop.moldbrothers.com\/es\/wp-json\/wp\/v2\/media?parent=179030"}],"wp:term":[{"taxonomy":"product_brand","embeddable":true,"href":"https:\/\/shop.moldbrothers.com\/es\/wp-json\/wp\/v2\/product_brand?post=179030"},{"taxonomy":"product_cat","embeddable":true,"href":"https:\/\/shop.moldbrothers.com\/es\/wp-json\/wp\/v2\/product_cat?post=179030"},{"taxonomy":"product_tag","embeddable":true,"href":"https:\/\/shop.moldbrothers.com\/es\/wp-json\/wp\/v2\/product_tag?post=179030"},{"taxonomy":"woo-feed-brand","embeddable":true,"href":"https:\/\/shop.moldbrothers.com\/es\/wp-json\/wp\/v2\/woo-feed-brand?post=179030"}],"curies":[{"name":"wp","href":"https:\/\/api.w.org\/{rel}","templated":true}]}}