{"id":179029,"date":"2025-03-06T11:22:08","date_gmt":"2025-03-06T10:22:08","guid":{"rendered":"https:\/\/shop.moldbrothers.com\/?post_type=product&#038;p=179029"},"modified":"2026-02-25T11:02:20","modified_gmt":"2026-02-25T10:02:20","slug":"rolling-cylinder-o-3-8-cm","status":"publish","type":"product","link":"https:\/\/shop.moldbrothers.com\/es\/producto\/rolling-cylinder-o-3-8-cm\/","title":{"rendered":"Cilindro rodante - \u00f8 3,8 cm"},"content":{"rendered":"","protected":false},"excerpt":{"rendered":"<p>Un \"rodillo\" de acero inoxidable de alta calidad. Este rodillo mide 12 cm de largo y 3,8 cm de di\u00e1metro, y est\u00e1 fabricado en los Pa\u00edses Bajos. Este producto es seguro para el contacto con alimentos y puede soportar altas temperaturas, si es necesario, en el horno.<\/p>","protected":false},"featured_media":199555,"template":"","meta":{"_seopress_robots_primary_cat":"none","_seopress_titles_title":"","_seopress_titles_desc":"","_seopress_robots_index":"yes"},"product_brand":[],"product_cat":[192,231],"product_tag":[],"woo-feed-brand":[],"class_list":{"0":"post-179029","1":"product","2":"type-product","3":"status-publish","4":"has-post-thumbnail","6":"product_cat-kitchen-essentials","7":"product_cat-hidden","9":"first","10":"instock","11":"taxable","12":"shipping-taxable","13":"purchasable","14":"product-type-simple"},"_links":{"self":[{"href":"https:\/\/shop.moldbrothers.com\/es\/wp-json\/wp\/v2\/product\/179029","targetHints":{"allow":["GET"]}}],"collection":[{"href":"https:\/\/shop.moldbrothers.com\/es\/wp-json\/wp\/v2\/product"}],"about":[{"href":"https:\/\/shop.moldbrothers.com\/es\/wp-json\/wp\/v2\/types\/product"}],"wp:featuredmedia":[{"embeddable":true,"href":"https:\/\/shop.moldbrothers.com\/es\/wp-json\/wp\/v2\/media\/199555"}],"wp:attachment":[{"href":"https:\/\/shop.moldbrothers.com\/es\/wp-json\/wp\/v2\/media?parent=179029"}],"wp:term":[{"taxonomy":"product_brand","embeddable":true,"href":"https:\/\/shop.moldbrothers.com\/es\/wp-json\/wp\/v2\/product_brand?post=179029"},{"taxonomy":"product_cat","embeddable":true,"href":"https:\/\/shop.moldbrothers.com\/es\/wp-json\/wp\/v2\/product_cat?post=179029"},{"taxonomy":"product_tag","embeddable":true,"href":"https:\/\/shop.moldbrothers.com\/es\/wp-json\/wp\/v2\/product_tag?post=179029"},{"taxonomy":"woo-feed-brand","embeddable":true,"href":"https:\/\/shop.moldbrothers.com\/es\/wp-json\/wp\/v2\/woo-feed-brand?post=179029"}],"curies":[{"name":"wp","href":"https:\/\/api.w.org\/{rel}","templated":true}]}}