{"id":176685,"date":"2025-01-22T15:41:56","date_gmt":"2025-01-22T14:41:56","guid":{"rendered":"https:\/\/shop.moldbrothers.com\/?post_type=product&#038;p=176685"},"modified":"2025-10-20T14:45:34","modified_gmt":"2025-10-20T12:45:34","slug":"eclipse-mold","status":"publish","type":"product","link":"https:\/\/shop.moldbrothers.com\/es\/producto\/eclipse-mold\/","title":{"rendered":"Eclipse Mold"},"content":{"rendered":"","protected":false},"excerpt":{"rendered":"<p>Molde de silicona de alta calidad con forma de pastilla y 1\/2 incrustaci\u00f3n para caldo o aceite. El molde tiene 6 formas posibles y est\u00e1 hecho de silicona alimentaria 100%. Este molde ha sido desarrollado en colaboraci\u00f3n con <a href=\"https:\/\/www.instagram.com\/adria.rodon\/\" target=\"_blank\" rel=\"noopener\">Adri\u00e0 Rodon.<\/a><\/p>\n<p>Este molde es capaz de soportar temperaturas que oscilan entre -40\u00b0C y +200\u00b0C, por lo que es adecuado para su uso tanto en congeladores (de choque) como en hornos.<\/p>","protected":false},"featured_media":176689,"template":"","meta":{"_seopress_robots_primary_cat":"none","_seopress_titles_title":"","_seopress_titles_desc":"","_seopress_robots_index":""},"product_brand":[],"product_cat":[159,193],"product_tag":[1419,581,1413,1447,1431,681,564,1427,1416,566,1425,1429,1430,1446,1415,727,536,1437,1424,1440,1443,547,1438,1150,1418,533,1441,537,1436,1433,1420,530,1444,936,1435,1423,1432,1421,1428,1439,1195,1434,1426,1422,1417,1414,1445,550,1442],"woo-feed-brand":[],"class_list":{"0":"post-176685","1":"product","2":"type-product","3":"status-publish","4":"has-post-thumbnail","6":"product_cat-3dmolds","7":"product_cat-essentials","8":"product_tag-acorn","9":"product_tag-apple","10":"product_tag-autumn","11":"product_tag-autumn-vibes","12":"product_tag-bark","13":"product_tag-basic","14":"product_tag-cacao","15":"product_tag-caramel","16":"product_tag-chestnut","17":"product_tag-chocolate","18":"product_tag-cinnamon","19":"product_tag-comfort-food","20":"product_tag-cozy","21":"product_tag-deep-flavors","22":"product_tag-earth-tones","23":"product_tag-essential","24":"product_tag-fall","25":"product_tag-festive","26":"product_tag-fig","27":"product_tag-fireplace","28":"product_tag-foliage","29":"product_tag-forest","30":"product_tag-golden-brown","31":"product_tag-harvest","32":"product_tag-hazelnut","33":"product_tag-herfst","34":"product_tag-hygge","35":"product_tag-leaves","36":"product_tag-limited-edition","37":"product_tag-moss","38":"product_tag-mushroom","39":"product_tag-nature","40":"product_tag-nuts-seeds","41":"product_tag-oak","42":"product_tag-organic-shapes","43":"product_tag-pear","44":"product_tag-pine","45":"product_tag-pumpkin","46":"product_tag-roasted","47":"product_tag-rustic","48":"product_tag-seasonal","49":"product_tag-soil","50":"product_tag-spices","51":"product_tag-squash","52":"product_tag-walnut","53":"product_tag-warm-colors","54":"product_tag-warm-textures","55":"product_tag-wood","56":"product_tag-woodland","58":"first","59":"instock","60":"taxable","61":"shipping-taxable","62":"purchasable","63":"product-type-simple"},"_links":{"self":[{"href":"https:\/\/shop.moldbrothers.com\/es\/wp-json\/wp\/v2\/product\/176685","targetHints":{"allow":["GET"]}}],"collection":[{"href":"https:\/\/shop.moldbrothers.com\/es\/wp-json\/wp\/v2\/product"}],"about":[{"href":"https:\/\/shop.moldbrothers.com\/es\/wp-json\/wp\/v2\/types\/product"}],"wp:featuredmedia":[{"embeddable":true,"href":"https:\/\/shop.moldbrothers.com\/es\/wp-json\/wp\/v2\/media\/176689"}],"wp:attachment":[{"href":"https:\/\/shop.moldbrothers.com\/es\/wp-json\/wp\/v2\/media?parent=176685"}],"wp:term":[{"taxonomy":"product_brand","embeddable":true,"href":"https:\/\/shop.moldbrothers.com\/es\/wp-json\/wp\/v2\/product_brand?post=176685"},{"taxonomy":"product_cat","embeddable":true,"href":"https:\/\/shop.moldbrothers.com\/es\/wp-json\/wp\/v2\/product_cat?post=176685"},{"taxonomy":"product_tag","embeddable":true,"href":"https:\/\/shop.moldbrothers.com\/es\/wp-json\/wp\/v2\/product_tag?post=176685"},{"taxonomy":"woo-feed-brand","embeddable":true,"href":"https:\/\/shop.moldbrothers.com\/es\/wp-json\/wp\/v2\/woo-feed-brand?post=176685"}],"curies":[{"name":"wp","href":"https:\/\/api.w.org\/{rel}","templated":true}]}}