{"id":173048,"date":"2024-11-18T11:08:22","date_gmt":"2024-11-18T10:08:22","guid":{"rendered":"https:\/\/shop.moldbrothers.com\/?post_type=product&#038;p=173048"},"modified":"2025-09-26T09:45:33","modified_gmt":"2025-09-26T07:45:33","slug":"fatcap-farce-molds-x-filip-august-bendi","status":"publish","type":"product","link":"https:\/\/shop.moldbrothers.com\/es\/producto\/fatcap-farce-molds-x-filip-august-bendi\/","title":{"rendered":"Fatcap Farsa Molds X Filip August Bendi"},"content":{"rendered":"<div class=\"wp-block-columns is-layout-flex wp-container-core-columns-is-layout-9d6595d7 wp-block-columns-is-layout-flex\">\n<div class=\"wp-block-column is-vertically-aligned-center is-layout-flow wp-block-column-is-layout-flow\" style=\"flex-basis:50%\"><div class=\"wp-block-image is-style-default\">\n<figure class=\"alignright size-full\"><a href=\"https:\/\/shop.moldbrothers.com\/wp-content\/uploads\/2024\/11\/mesterskap_filip-august-bendi_photo_stian-broch.jpg\"><img decoding=\"async\" width=\"1400\" height=\"800\" src=\"https:\/\/shop.moldbrothers.com\/wp-content\/uploads\/2024\/11\/mesterskap_filip-august-bendi_photo_stian-broch.jpg\" alt=\"\" class=\"wp-image-173057\" style=\"object-fit:cover\" srcset=\"https:\/\/shop.moldbrothers.com\/wp-content\/uploads\/2024\/11\/mesterskap_filip-august-bendi_photo_stian-broch.jpg 1400w, https:\/\/shop.moldbrothers.com\/wp-content\/uploads\/2024\/11\/mesterskap_filip-august-bendi_photo_stian-broch-768x439.jpg 768w, https:\/\/shop.moldbrothers.com\/wp-content\/uploads\/2024\/11\/mesterskap_filip-august-bendi_photo_stian-broch-18x10.jpg 18w, https:\/\/shop.moldbrothers.com\/wp-content\/uploads\/2024\/11\/mesterskap_filip-august-bendi_photo_stian-broch-1024x585.jpg 1024w\" sizes=\"(max-width: 1400px) 100vw, 1400px\" \/><\/a><\/figure>\n<\/div><\/div>\n\n\n\n<div class=\"wp-block-column is-layout-flow wp-block-column-is-layout-flow\" style=\"flex-basis:35.09%\">\n<h6 class=\"wp-block-heading\">Colaboraci\u00f3n<\/h6>\n\n\n\n<h2 class=\"wp-block-heading\">Sobre el Chef<\/h2>\n\n\n\n<p>Filip August Bendi, de Sandnes, comenz\u00f3 su carrera culinaria en el restaurante Tango de Stavanger en 2006. Su talento y pasi\u00f3n le llevaron a trabajar en cocinas de renombre como Noma, Matsalen de Mathias Dahlgren y Daniel en Nueva York. De vuelta a Noruega, se convirti\u00f3 en jefe de cocina en NB S\u00f8rensen Annen Etage y, m\u00e1s tarde, en desarrollador creativo en Thon Hotels.<\/p>\n\n\n\n<p>Miembro del Equipo Culinario Nacional de Noruega desde 2015, Filip fue coronado Cocinero del A\u00f1o de Noruega en 2021. En 2023, llev\u00f3 a Noruega al segundo puesto en el Bocuse d'Or, ganando tambi\u00e9n el premio al mejor comisario, lo que consolid\u00f3 su lugar entre los mejores chefs del mundo.<\/p>\n\n\n\n<figure class=\"wp-block-image size-full is-resized\"><a href=\"https:\/\/shop.moldbrothers.com\/wp-content\/uploads\/2024\/11\/Bendi_logo_gull.png\"><img decoding=\"async\" width=\"816\" height=\"815\" src=\"https:\/\/shop.moldbrothers.com\/wp-content\/uploads\/2024\/11\/Bendi_logo_gull.png\" alt=\"\" class=\"wp-image-173058\" style=\"width:100px\" srcset=\"https:\/\/shop.moldbrothers.com\/wp-content\/uploads\/2024\/11\/Bendi_logo_gull.png 816w, https:\/\/shop.moldbrothers.com\/wp-content\/uploads\/2024\/11\/Bendi_logo_gull-150x150.png 150w, https:\/\/shop.moldbrothers.com\/wp-content\/uploads\/2024\/11\/Bendi_logo_gull-768x767.png 768w, https:\/\/shop.moldbrothers.com\/wp-content\/uploads\/2024\/11\/Bendi_logo_gull-12x12.png 12w, https:\/\/shop.moldbrothers.com\/wp-content\/uploads\/2024\/11\/Bendi_logo_gull-100x100.png 100w\" sizes=\"(max-width: 816px) 100vw, 816px\" \/><\/a><\/figure>\n<\/div>\n<\/div>\n\n\n\n<p><\/p>","protected":false},"excerpt":{"rendered":"<p>Un molde de silicona de alta calidad dise\u00f1ado espec\u00edficamente para crear la galardonada silla de montar de corzo de Filip. Este molde incluye una \u00fanica forma y est\u00e1 fabricado con silicona alimentaria 100%. Es muy duradero y resiste temperaturas de -40 \u00b0C a +200 \u00b0C, por lo que es ideal para utilizarlo tanto en congeladores (de r\u00e1faga) como en hornos. Para ayudar a dar forma a la farsa despu\u00e9s, tambi\u00e9n proporcionamos una m\u00e1scara de pl\u00e1stico 100% apta para alimentos.<\/p>\n<p><em>*Adem\u00e1s, recibir\u00e1 una detallada tarjeta de recetas impresa, preparada personalmente por Filip A.B., que le guiar\u00e1 paso a paso para recrear su ic\u00f3nica Silla de Corzo.<\/em><\/p>","protected":false},"featured_media":173045,"template":"","meta":{"_seopress_robots_primary_cat":"none","_seopress_titles_title":"","_seopress_titles_desc":"A high-quality silicone mold designed for creating Filip his award winning 'Roedeer' dish. This mold includes one shape and is made from 100% food-grade silicone. It can withstand temperatures ranging from -40 \u00b0C to +200 \u00b0C, making it suitable for both the (blast) freezer and the oven. For shaping the farce afterward, we also offer a plastic mask. This mask is 100% food-safe.\r\n\r\n*Additionally, you will receive a printed detailed recipe card personally created by Filip A.B. for recreating his Roedeer dish.","_seopress_robots_index":""},"product_brand":[],"product_cat":[159,194],"product_tag":[513,1030,515,1032,1029,1033,1034,1031],"woo-feed-brand":[],"class_list":{"0":"post-173048","1":"product","2":"type-product","3":"status-publish","4":"has-post-thumbnail","6":"product_cat-3dmolds","7":"product_cat-realistic","8":"product_tag-chicken","9":"product_tag-deer","10":"product_tag-farce","11":"product_tag-filling","12":"product_tag-lamb","13":"product_tag-mixture","14":"product_tag-pate","15":"product_tag-stuffing","17":"first","18":"instock","19":"taxable","20":"shipping-taxable","21":"product-type-grouped"},"_links":{"self":[{"href":"https:\/\/shop.moldbrothers.com\/es\/wp-json\/wp\/v2\/product\/173048","targetHints":{"allow":["GET"]}}],"collection":[{"href":"https:\/\/shop.moldbrothers.com\/es\/wp-json\/wp\/v2\/product"}],"about":[{"href":"https:\/\/shop.moldbrothers.com\/es\/wp-json\/wp\/v2\/types\/product"}],"wp:featuredmedia":[{"embeddable":true,"href":"https:\/\/shop.moldbrothers.com\/es\/wp-json\/wp\/v2\/media\/173045"}],"wp:attachment":[{"href":"https:\/\/shop.moldbrothers.com\/es\/wp-json\/wp\/v2\/media?parent=173048"}],"wp:term":[{"taxonomy":"product_brand","embeddable":true,"href":"https:\/\/shop.moldbrothers.com\/es\/wp-json\/wp\/v2\/product_brand?post=173048"},{"taxonomy":"product_cat","embeddable":true,"href":"https:\/\/shop.moldbrothers.com\/es\/wp-json\/wp\/v2\/product_cat?post=173048"},{"taxonomy":"product_tag","embeddable":true,"href":"https:\/\/shop.moldbrothers.com\/es\/wp-json\/wp\/v2\/product_tag?post=173048"},{"taxonomy":"woo-feed-brand","embeddable":true,"href":"https:\/\/shop.moldbrothers.com\/es\/wp-json\/wp\/v2\/woo-feed-brand?post=173048"}],"curies":[{"name":"wp","href":"https:\/\/api.w.org\/{rel}","templated":true}]}}