{"id":172373,"date":"2024-11-05T14:47:00","date_gmt":"2024-11-05T13:47:00","guid":{"rendered":"https:\/\/shop.moldbrothers.com\/?post_type=product&#038;p=172373"},"modified":"2025-12-24T11:57:11","modified_gmt":"2025-12-24T10:57:11","slug":"172373","status":"publish","type":"product","link":"https:\/\/shop.moldbrothers.com\/es\/producto\/172373\/","title":{"rendered":"Farsa Wellington Mold"},"content":{"rendered":"<div class=\"wp-block-columns is-layout-flex wp-container-core-columns-is-layout-9d6595d7 wp-block-columns-is-layout-flex\">\n<div class=\"wp-block-column is-vertically-aligned-center is-layout-flow wp-block-column-is-layout-flow\" style=\"flex-basis:50%\"><div class=\"wp-block-image is-style-default\">\n<figure class=\"alignright size-full\"><a href=\"https:\/\/shop.moldbrothers.com\/wp-content\/uploads\/2024\/09\/cielblue_2.png\"><img decoding=\"async\" width=\"750\" height=\"750\" src=\"https:\/\/shop.moldbrothers.com\/wp-content\/uploads\/2024\/09\/cielblue_2.png\" alt=\"\" class=\"wp-image-168942\" style=\"object-fit:cover\" srcset=\"https:\/\/shop.moldbrothers.com\/wp-content\/uploads\/2024\/09\/cielblue_2.png 750w, https:\/\/shop.moldbrothers.com\/wp-content\/uploads\/2024\/09\/cielblue_2-150x150.png 150w, https:\/\/shop.moldbrothers.com\/wp-content\/uploads\/2024\/09\/cielblue_2-12x12.png 12w, https:\/\/shop.moldbrothers.com\/wp-content\/uploads\/2024\/09\/cielblue_2-100x100.png 100w\" sizes=\"(max-width: 750px) 100vw, 750px\" \/><\/a><\/figure>\n<\/div><\/div>\n\n\n\n<div class=\"wp-block-column is-layout-flow wp-block-column-is-layout-flow\" style=\"flex-basis:35.09%\">\n<h6 class=\"wp-block-heading\">Colaboraci\u00f3n<\/h6>\n\n\n\n<h2 class=\"wp-block-heading\">Acerca de los chefs<\/h2>\n\n\n\n<p>A Mike Klaassen, antiguo candidato al Bocuse d'Or, se le ocurri\u00f3 la brillante idea de crear una Farsa Mold inspirada en el cl\u00e1sico \"Beef Wellington\". Arjan Speelman, chef ejecutivo y director del Ciel Blue** del Hotel Okura Amsterdam, le dio la oportunidad de desarrollar esta idea. En la actualidad, Mike es Chef de Cocina en Ciel Blue, tras haber adquirido una amplia experiencia a una edad muy temprana en restaurantes como el Restaurant Amber** de Hong Kong y The French Laundry*** de California.<\/p>\n\n\n\n<figure class=\"wp-block-image size-full is-resized\"><a href=\"https:\/\/shop.moldbrothers.com\/wp-content\/uploads\/2024\/09\/cielblue-logo.png\"><img decoding=\"async\" width=\"750\" height=\"750\" src=\"https:\/\/shop.moldbrothers.com\/wp-content\/uploads\/2024\/09\/cielblue-logo.png\" alt=\"\" class=\"wp-image-168941\" style=\"width:160px\" srcset=\"https:\/\/shop.moldbrothers.com\/wp-content\/uploads\/2024\/09\/cielblue-logo.png 750w, https:\/\/shop.moldbrothers.com\/wp-content\/uploads\/2024\/09\/cielblue-logo-150x150.png 150w, https:\/\/shop.moldbrothers.com\/wp-content\/uploads\/2024\/09\/cielblue-logo-12x12.png 12w, https:\/\/shop.moldbrothers.com\/wp-content\/uploads\/2024\/09\/cielblue-logo-100x100.png 100w\" sizes=\"(max-width: 750px) 100vw, 750px\" \/><\/a><\/figure>\n<\/div>\n<\/div>\n\n\n\n<p><\/p>","protected":false},"excerpt":{"rendered":"<p>Un molde de silicona de alta calidad dise\u00f1ado para crear una farsa cl\u00e1sica de Beef Wellington. Este molde incluye una forma y est\u00e1 hecho de silicona alimentaria 100%. Soporta temperaturas de entre -40 \u00b0C y +200 \u00b0C, por lo que es apto tanto para el congelador (r\u00e1pido) como para el horno.<\/p>\n<p><em>*Adem\u00e1s, recibir\u00e1 una tarjeta de recetas impresa de los chefs Mike Klaassen y Arjan Speelman, de Ciel Bleu, con su receta para preparar una farsa de pollo y brioche.<\/em><\/p>","protected":false},"featured_media":172320,"template":"","meta":{"_seopress_robots_primary_cat":"none","_seopress_titles_title":"","_seopress_titles_desc":"","_seopress_robots_index":""},"product_brand":[],"product_cat":[159,184],"product_tag":[1454,513,566,504,1030,515,1437,1032,1009,1451,1453,820,1448,1007,1006,503,1029,999,1033,1005,1004,1003,1000,1450,1034,649,688,501,1008,1452,589,1031,1449,1002,500],"woo-feed-brand":[],"class_list":{"0":"post-172373","1":"product","2":"type-product","3":"status-publish","4":"has-post-thumbnail","6":"product_cat-3dmolds","7":"product_cat-highlighted-products","8":"product_tag-buche","9":"product_tag-chicken","10":"product_tag-chocolate","11":"product_tag-christmas","12":"product_tag-deer","13":"product_tag-farce","14":"product_tag-festive","15":"product_tag-filling","16":"product_tag-flake","17":"product_tag-gift","18":"product_tag-gold","19":"product_tag-green","20":"product_tag-holiday","21":"product_tag-joulou","22":"product_tag-jul","23":"product_tag-kerst","24":"product_tag-lamb","25":"product_tag-merry","26":"product_tag-mixture","27":"product_tag-natal","28":"product_tag-natale","29":"product_tag-navidad","30":"product_tag-noel","31":"product_tag-ornament","32":"product_tag-pate","33":"product_tag-red","34":"product_tag-sneeuwvlok","35":"product_tag-snow","36":"product_tag-snowflake","37":"product_tag-spice","38":"product_tag-star","39":"product_tag-stuffing","40":"product_tag-tree","41":"product_tag-weihnachten","42":"product_tag-winter","44":"first","45":"instock","46":"taxable","47":"shipping-taxable","48":"purchasable","49":"product-type-simple"},"_links":{"self":[{"href":"https:\/\/shop.moldbrothers.com\/es\/wp-json\/wp\/v2\/product\/172373","targetHints":{"allow":["GET"]}}],"collection":[{"href":"https:\/\/shop.moldbrothers.com\/es\/wp-json\/wp\/v2\/product"}],"about":[{"href":"https:\/\/shop.moldbrothers.com\/es\/wp-json\/wp\/v2\/types\/product"}],"wp:featuredmedia":[{"embeddable":true,"href":"https:\/\/shop.moldbrothers.com\/es\/wp-json\/wp\/v2\/media\/172320"}],"wp:attachment":[{"href":"https:\/\/shop.moldbrothers.com\/es\/wp-json\/wp\/v2\/media?parent=172373"}],"wp:term":[{"taxonomy":"product_brand","embeddable":true,"href":"https:\/\/shop.moldbrothers.com\/es\/wp-json\/wp\/v2\/product_brand?post=172373"},{"taxonomy":"product_cat","embeddable":true,"href":"https:\/\/shop.moldbrothers.com\/es\/wp-json\/wp\/v2\/product_cat?post=172373"},{"taxonomy":"product_tag","embeddable":true,"href":"https:\/\/shop.moldbrothers.com\/es\/wp-json\/wp\/v2\/product_tag?post=172373"},{"taxonomy":"woo-feed-brand","embeddable":true,"href":"https:\/\/shop.moldbrothers.com\/es\/wp-json\/wp\/v2\/woo-feed-brand?post=172373"}],"curies":[{"name":"wp","href":"https:\/\/api.w.org\/{rel}","templated":true}]}}