{"id":171729,"date":"2024-10-24T10:27:57","date_gmt":"2024-10-24T08:27:57","guid":{"rendered":"https:\/\/shop.moldbrothers.com\/?post_type=product&#038;p=171729"},"modified":"2025-10-20T14:27:07","modified_gmt":"2025-10-20T12:27:07","slug":"pithivier-set-dome-mold","status":"publish","type":"product","link":"https:\/\/shop.moldbrothers.com\/es\/producto\/pithivier-set-dome-mold\/","title":{"rendered":"Juego Pithivier - C\u00fapula Mold"},"content":{"rendered":"<div class=\"wp-block-columns is-layout-flex wp-container-core-columns-is-layout-9d6595d7 wp-block-columns-is-layout-flex\">\n<div class=\"wp-block-column is-vertically-aligned-center is-layout-flow wp-block-column-is-layout-flow\" style=\"flex-basis:50%\">\n<figure class=\"wp-block-image size-full\"><a href=\"https:\/\/shop.moldbrothers.com\/wp-content\/uploads\/2024\/10\/Image.jpg\"><img decoding=\"async\" width=\"701\" height=\"1067\" src=\"https:\/\/shop.moldbrothers.com\/wp-content\/uploads\/2024\/10\/Image-edited.jpg\" alt=\"\" class=\"wp-image-171727\" srcset=\"https:\/\/shop.moldbrothers.com\/wp-content\/uploads\/2024\/10\/Image-edited.jpg 701w, https:\/\/shop.moldbrothers.com\/wp-content\/uploads\/2024\/10\/Image-edited-8x12.jpg 8w\" sizes=\"(max-width: 701px) 100vw, 701px\" \/><\/a><\/figure>\n<\/div>\n\n\n\n<div class=\"wp-block-column is-layout-flow wp-block-column-is-layout-flow\" style=\"flex-basis:35.09%\">\n<h6 class=\"wp-block-heading\">Colaboraci\u00f3n<\/h6>\n\n\n\n<h2 class=\"wp-block-heading\">Sobre Ron<\/h2>\n\n\n\n<p>Como chef ejecutivo del restaurante Canoe, en Canad\u00e1, Ron McKinlay celebra los ingredientes canadienses con m\u00e1s de una d\u00e9cada de experiencia internacional en las mejores cocinas del Reino Unido, Australia y Oriente Medio. En colaboraci\u00f3n con productores locales, elabora platos inspirados en los diversos paisajes de Canad\u00e1, llevando la cocina canadiense a nuevas cotas.<\/p>\n<\/div>\n<\/div>\n\n\n\n<p><\/p>","protected":false},"excerpt":{"rendered":"<p>Juego de productos de alta calidad para hacer un Pithivier excepcional, desarrollado en colaboraci\u00f3n con Ron McKinlay. El Pithivier Dome Mold incluye una forma y est\u00e1 hecho de silicona alimentaria 100%. Soporta temperaturas de -40\u00b0C a +200\u00b0C, por lo que es perfecto para usar tanto en el congelador (de choque) como en el horno. El set tambi\u00e9n incluye cortapastas para cortar la masa con la forma adecuada. Los cortadores son aptos para alimentos pero <strong>no <\/strong>Se pueden lavar en el lavavajillas. Recomendamos lavarlos en agua tibia sin utilizar detergente. *Tambi\u00e9n recibir\u00e1 una tarjeta de recetas impresa por el Chef Ron McKinlay con su receta de <em>\"Pollo con champi\u00f1ones\"<\/em> Pithivier.<\/p>","protected":false},"featured_media":171731,"template":"","meta":{"_seopress_robots_primary_cat":"none","_seopress_titles_title":"","_seopress_titles_desc":"","_seopress_robots_index":"yes"},"product_brand":[],"product_cat":[159,231],"product_tag":[],"woo-feed-brand":[],"class_list":{"0":"post-171729","1":"product","2":"type-product","3":"status-publish","4":"has-post-thumbnail","6":"product_cat-3dmolds","7":"product_cat-hidden","9":"first","10":"instock","11":"taxable","12":"shipping-taxable","13":"purchasable","14":"product-type-simple"},"_links":{"self":[{"href":"https:\/\/shop.moldbrothers.com\/es\/wp-json\/wp\/v2\/product\/171729","targetHints":{"allow":["GET"]}}],"collection":[{"href":"https:\/\/shop.moldbrothers.com\/es\/wp-json\/wp\/v2\/product"}],"about":[{"href":"https:\/\/shop.moldbrothers.com\/es\/wp-json\/wp\/v2\/types\/product"}],"wp:featuredmedia":[{"embeddable":true,"href":"https:\/\/shop.moldbrothers.com\/es\/wp-json\/wp\/v2\/media\/171731"}],"wp:attachment":[{"href":"https:\/\/shop.moldbrothers.com\/es\/wp-json\/wp\/v2\/media?parent=171729"}],"wp:term":[{"taxonomy":"product_brand","embeddable":true,"href":"https:\/\/shop.moldbrothers.com\/es\/wp-json\/wp\/v2\/product_brand?post=171729"},{"taxonomy":"product_cat","embeddable":true,"href":"https:\/\/shop.moldbrothers.com\/es\/wp-json\/wp\/v2\/product_cat?post=171729"},{"taxonomy":"product_tag","embeddable":true,"href":"https:\/\/shop.moldbrothers.com\/es\/wp-json\/wp\/v2\/product_tag?post=171729"},{"taxonomy":"woo-feed-brand","embeddable":true,"href":"https:\/\/shop.moldbrothers.com\/es\/wp-json\/wp\/v2\/woo-feed-brand?post=171729"}],"curies":[{"name":"wp","href":"https:\/\/api.w.org\/{rel}","templated":true}]}}