{"id":169731,"date":"2024-09-16T20:02:45","date_gmt":"2024-09-16T18:02:45","guid":{"rendered":"https:\/\/shop.moldbrothers.com\/?post_type=product&#038;p=169731"},"modified":"2026-03-25T08:51:01","modified_gmt":"2026-03-25T07:51:01","slug":"st-honore-mold","status":"publish","type":"product","link":"https:\/\/shop.moldbrothers.com\/es\/producto\/st-honore-mold\/","title":{"rendered":"Honor\u00e9 Mold"},"content":{"rendered":"","protected":false},"excerpt":{"rendered":"<p>Un molde de silicona de alta calidad basado en el cl\u00e1sico pastel franc\u00e9s Honor\u00e9 Pastry. Este molde presenta cuatro formas y est\u00e1 hecho de silicona alimentaria 100%.<\/p>\n<p>El molde puede soportar temperaturas de -40 \u00b0C a +200 \u00b0C, por lo que es apto para su uso tanto en congeladores (r\u00e1pidos) como en hornos\".<\/p>","protected":false},"featured_media":169724,"template":"","meta":{"_seopress_robots_primary_cat":"none","_seopress_titles_title":"","_seopress_titles_desc":"","_seopress_robots_index":""},"product_brand":[],"product_cat":[159,194],"product_tag":[711,978,638,662,775,586,979,520],"woo-feed-brand":[],"class_list":{"0":"post-169731","1":"product","2":"type-product","3":"status-publish","4":"has-post-thumbnail","6":"product_cat-3dmolds","7":"product_cat-realistic","8":"product_tag-base","9":"product_tag-classic","10":"product_tag-disc","11":"product_tag-donut","12":"product_tag-french","13":"product_tag-pastry","14":"product_tag-piped","15":"product_tag-ring","17":"first","18":"instock","19":"taxable","20":"shipping-taxable","21":"purchasable","22":"product-type-simple"},"_links":{"self":[{"href":"https:\/\/shop.moldbrothers.com\/es\/wp-json\/wp\/v2\/product\/169731","targetHints":{"allow":["GET"]}}],"collection":[{"href":"https:\/\/shop.moldbrothers.com\/es\/wp-json\/wp\/v2\/product"}],"about":[{"href":"https:\/\/shop.moldbrothers.com\/es\/wp-json\/wp\/v2\/types\/product"}],"wp:featuredmedia":[{"embeddable":true,"href":"https:\/\/shop.moldbrothers.com\/es\/wp-json\/wp\/v2\/media\/169724"}],"wp:attachment":[{"href":"https:\/\/shop.moldbrothers.com\/es\/wp-json\/wp\/v2\/media?parent=169731"}],"wp:term":[{"taxonomy":"product_brand","embeddable":true,"href":"https:\/\/shop.moldbrothers.com\/es\/wp-json\/wp\/v2\/product_brand?post=169731"},{"taxonomy":"product_cat","embeddable":true,"href":"https:\/\/shop.moldbrothers.com\/es\/wp-json\/wp\/v2\/product_cat?post=169731"},{"taxonomy":"product_tag","embeddable":true,"href":"https:\/\/shop.moldbrothers.com\/es\/wp-json\/wp\/v2\/product_tag?post=169731"},{"taxonomy":"woo-feed-brand","embeddable":true,"href":"https:\/\/shop.moldbrothers.com\/es\/wp-json\/wp\/v2\/woo-feed-brand?post=169731"}],"curies":[{"name":"wp","href":"https:\/\/api.w.org\/{rel}","templated":true}]}}