{"id":168907,"date":"2024-09-12T11:54:19","date_gmt":"2024-09-12T09:54:19","guid":{"rendered":"https:\/\/shop.moldbrothers.com\/?post_type=product&#038;p=168907"},"modified":"2026-03-25T15:29:19","modified_gmt":"2026-03-25T14:29:19","slug":"line-cylinder","status":"publish","type":"product","link":"https:\/\/shop.moldbrothers.com\/es\/producto\/line-cylinder\/","title":{"rendered":"Cilindro de l\u00ednea Tuille Mold"},"content":{"rendered":"","protected":false},"excerpt":{"rendered":"<p>Un molde de silicona de alta calidad para hacer un cilindro de l\u00ednea de doble capa. El molde presenta 4 formas y est\u00e1 hecho de silicona alimentaria 100%.<\/p>\n<p>Este molde es capaz de soportar temperaturas que oscilan entre -40\u00b0C y +200\u00b0C, por lo que es adecuado para su uso tanto en congeladores (de choque) como en hornos.<\/p>\n<p><em>*\u00a1Recibir\u00e1s un rascador gratis para hacerte la vida a\u00fan m\u00e1s f\u00e1cil!<\/em><\/p>","protected":false},"featured_media":168910,"template":"","meta":{"_seopress_robots_primary_cat":"none","_seopress_titles_title":"","_seopress_titles_desc":"","_seopress_robots_index":""},"product_brand":[],"product_cat":[228,203],"product_tag":[],"woo-feed-brand":[],"class_list":{"0":"post-168907","1":"product","2":"type-product","3":"status-publish","4":"has-post-thumbnail","6":"product_cat-2dmolds","7":"product_cat-graphic","9":"first","10":"instock","11":"taxable","12":"shipping-taxable","13":"purchasable","14":"product-type-simple"},"_links":{"self":[{"href":"https:\/\/shop.moldbrothers.com\/es\/wp-json\/wp\/v2\/product\/168907","targetHints":{"allow":["GET"]}}],"collection":[{"href":"https:\/\/shop.moldbrothers.com\/es\/wp-json\/wp\/v2\/product"}],"about":[{"href":"https:\/\/shop.moldbrothers.com\/es\/wp-json\/wp\/v2\/types\/product"}],"wp:featuredmedia":[{"embeddable":true,"href":"https:\/\/shop.moldbrothers.com\/es\/wp-json\/wp\/v2\/media\/168910"}],"wp:attachment":[{"href":"https:\/\/shop.moldbrothers.com\/es\/wp-json\/wp\/v2\/media?parent=168907"}],"wp:term":[{"taxonomy":"product_brand","embeddable":true,"href":"https:\/\/shop.moldbrothers.com\/es\/wp-json\/wp\/v2\/product_brand?post=168907"},{"taxonomy":"product_cat","embeddable":true,"href":"https:\/\/shop.moldbrothers.com\/es\/wp-json\/wp\/v2\/product_cat?post=168907"},{"taxonomy":"product_tag","embeddable":true,"href":"https:\/\/shop.moldbrothers.com\/es\/wp-json\/wp\/v2\/product_tag?post=168907"},{"taxonomy":"woo-feed-brand","embeddable":true,"href":"https:\/\/shop.moldbrothers.com\/es\/wp-json\/wp\/v2\/woo-feed-brand?post=168907"}],"curies":[{"name":"wp","href":"https:\/\/api.w.org\/{rel}","templated":true}]}}