{"id":162395,"date":"2024-04-04T12:51:00","date_gmt":"2024-04-04T10:51:00","guid":{"rendered":"https:\/\/shop.moldbrothers.com\/?post_type=product&#038;p=162395"},"modified":"2025-05-19T13:57:31","modified_gmt":"2025-05-19T11:57:31","slug":"woven-grid-mold","status":"publish","type":"product","link":"https:\/\/shop.moldbrothers.com\/es\/producto\/woven-grid-mold\/","title":{"rendered":"Rejilla tejida Mold - 1 ud."},"content":{"rendered":"","protected":false},"excerpt":{"rendered":"<p>Fabricado en silicona alimentaria 100% y resistente al calor hasta 200\u00b0C, este molde de precisi\u00f3n presenta un patr\u00f3n de rejilla tejida inspirado en el trigo y garantiza un horneado tuilles con forma consistente y detalles n\u00edtidos.<\/p>","protected":false},"featured_media":183645,"template":"","meta":{"_seopress_robots_primary_cat":"none","_seopress_titles_title":"","_seopress_titles_desc":"","_seopress_robots_index":"yes"},"product_brand":[],"product_cat":[228,1278,203,231],"product_tag":[847,783,494,782,846,784,845],"woo-feed-brand":[],"class_list":{"0":"post-162395","1":"product","2":"type-product","3":"status-publish","4":"has-post-thumbnail","6":"product_cat-2dmolds","7":"product_cat-grid-ring","8":"product_cat-graphic","9":"product_cat-hidden","10":"product_tag-bread","11":"product_tag-grain","12":"product_tag-spring","13":"product_tag-summer","14":"product_tag-weed","15":"product_tag-whead","16":"product_tag-wheat","18":"first","19":"instock","20":"taxable","21":"shipping-taxable","22":"purchasable","23":"product-type-simple"},"_links":{"self":[{"href":"https:\/\/shop.moldbrothers.com\/es\/wp-json\/wp\/v2\/product\/162395","targetHints":{"allow":["GET"]}}],"collection":[{"href":"https:\/\/shop.moldbrothers.com\/es\/wp-json\/wp\/v2\/product"}],"about":[{"href":"https:\/\/shop.moldbrothers.com\/es\/wp-json\/wp\/v2\/types\/product"}],"wp:featuredmedia":[{"embeddable":true,"href":"https:\/\/shop.moldbrothers.com\/es\/wp-json\/wp\/v2\/media\/183645"}],"wp:attachment":[{"href":"https:\/\/shop.moldbrothers.com\/es\/wp-json\/wp\/v2\/media?parent=162395"}],"wp:term":[{"taxonomy":"product_brand","embeddable":true,"href":"https:\/\/shop.moldbrothers.com\/es\/wp-json\/wp\/v2\/product_brand?post=162395"},{"taxonomy":"product_cat","embeddable":true,"href":"https:\/\/shop.moldbrothers.com\/es\/wp-json\/wp\/v2\/product_cat?post=162395"},{"taxonomy":"product_tag","embeddable":true,"href":"https:\/\/shop.moldbrothers.com\/es\/wp-json\/wp\/v2\/product_tag?post=162395"},{"taxonomy":"woo-feed-brand","embeddable":true,"href":"https:\/\/shop.moldbrothers.com\/es\/wp-json\/wp\/v2\/woo-feed-brand?post=162395"}],"curies":[{"name":"wp","href":"https:\/\/api.w.org\/{rel}","templated":true}]}}