{"id":158627,"date":"2023-06-18T15:55:00","date_gmt":"2023-06-18T13:55:00","guid":{"rendered":"https:\/\/shop.moldbrothers.com\/?post_type=product&#038;p=158627"},"modified":"2025-04-24T13:03:27","modified_gmt":"2025-04-24T11:03:27","slug":"rounded-disc-molds","status":"publish","type":"product","link":"https:\/\/shop.moldbrothers.com\/es\/producto\/rounded-disc-molds\/","title":{"rendered":"Disco redondeado Molds"},"content":{"rendered":"","protected":false},"excerpt":{"rendered":"<p>Este molde de silicona de alta calidad, en forma de disco plano redondeado, con una incrustaci\u00f3n para aceites u otros l\u00edquidos, contiene entre 6 y 18 formas y est\u00e1 fabricado con silicona alimentaria 100%. El molde puede soportar una temperatura de entre -40\u00b0C y +200\u00b0C. Por tanto, el molde es apto tanto para el congelador (de choque) como para el horno.<\/p>","protected":false},"featured_media":158615,"template":"","meta":{"_seopress_robots_primary_cat":"none","_seopress_titles_title":"","_seopress_titles_desc":"","_seopress_robots_index":""},"product_brand":[],"product_cat":[159,193],"product_tag":[681,638,727,739,651,740],"woo-feed-brand":[],"class_list":{"0":"post-158627","1":"product","2":"type-product","3":"status-publish","4":"has-post-thumbnail","6":"product_cat-3dmolds","7":"product_cat-essentials","8":"product_tag-basic","9":"product_tag-disc","10":"product_tag-essential","11":"product_tag-flat","12":"product_tag-round","13":"product_tag-rounded","15":"first","16":"instock","17":"taxable","18":"shipping-taxable","19":"product-type-grouped"},"_links":{"self":[{"href":"https:\/\/shop.moldbrothers.com\/es\/wp-json\/wp\/v2\/product\/158627","targetHints":{"allow":["GET"]}}],"collection":[{"href":"https:\/\/shop.moldbrothers.com\/es\/wp-json\/wp\/v2\/product"}],"about":[{"href":"https:\/\/shop.moldbrothers.com\/es\/wp-json\/wp\/v2\/types\/product"}],"wp:featuredmedia":[{"embeddable":true,"href":"https:\/\/shop.moldbrothers.com\/es\/wp-json\/wp\/v2\/media\/158615"}],"wp:attachment":[{"href":"https:\/\/shop.moldbrothers.com\/es\/wp-json\/wp\/v2\/media?parent=158627"}],"wp:term":[{"taxonomy":"product_brand","embeddable":true,"href":"https:\/\/shop.moldbrothers.com\/es\/wp-json\/wp\/v2\/product_brand?post=158627"},{"taxonomy":"product_cat","embeddable":true,"href":"https:\/\/shop.moldbrothers.com\/es\/wp-json\/wp\/v2\/product_cat?post=158627"},{"taxonomy":"product_tag","embeddable":true,"href":"https:\/\/shop.moldbrothers.com\/es\/wp-json\/wp\/v2\/product_tag?post=158627"},{"taxonomy":"woo-feed-brand","embeddable":true,"href":"https:\/\/shop.moldbrothers.com\/es\/wp-json\/wp\/v2\/woo-feed-brand?post=158627"}],"curies":[{"name":"wp","href":"https:\/\/api.w.org\/{rel}","templated":true}]}}