{"id":158534,"date":"2023-06-22T13:29:00","date_gmt":"2023-06-22T11:29:00","guid":{"rendered":"https:\/\/shop.moldbrothers.com\/?post_type=product&#038;p=158534"},"modified":"2025-04-24T13:25:11","modified_gmt":"2025-04-24T11:25:11","slug":"molde-de-tina-redondeada-4","status":"publish","type":"product","link":"https:\/\/shop.moldbrothers.com\/es\/producto\/molde-de-tina-redondeada-4\/","title":{"rendered":"Ba\u00f1era redondeada Molds"},"content":{"rendered":"","protected":false},"excerpt":{"rendered":"<p>Este molde de silicona de alta calidad, con forma de ba\u00f1era redondeada y una incrustaci\u00f3n para aceites u otros l\u00edquidos, contiene entre 6 y 12 formas y est\u00e1 fabricado con silicona alimentaria 100%. El molde puede soportar una temperatura de entre -40\u00b0C y +200\u00b0C. Por tanto, el molde es apto tanto para el congelador (de choque) como para el horno.<\/p>","protected":false},"featured_media":158535,"template":"","meta":{"_seopress_robots_primary_cat":"none","_seopress_titles_title":"","_seopress_titles_desc":"","_seopress_robots_index":""},"product_brand":[],"product_cat":[159,193],"product_tag":[521,619,559,606,599,630,631,651,710],"woo-feed-brand":[],"class_list":{"0":"post-158534","1":"product","2":"type-product","3":"status-publish","4":"has-post-thumbnail","6":"product_cat-3dmolds","7":"product_cat-essentials","8":"product_tag-circle","9":"product_tag-moul","10":"product_tag-moule","11":"product_tag-moulle","12":"product_tag-oil","13":"product_tag-ovaal","14":"product_tag-rond","15":"product_tag-round","16":"product_tag-tubs","18":"first","19":"instock","20":"taxable","21":"shipping-taxable","22":"product-type-grouped"},"_links":{"self":[{"href":"https:\/\/shop.moldbrothers.com\/es\/wp-json\/wp\/v2\/product\/158534","targetHints":{"allow":["GET"]}}],"collection":[{"href":"https:\/\/shop.moldbrothers.com\/es\/wp-json\/wp\/v2\/product"}],"about":[{"href":"https:\/\/shop.moldbrothers.com\/es\/wp-json\/wp\/v2\/types\/product"}],"wp:featuredmedia":[{"embeddable":true,"href":"https:\/\/shop.moldbrothers.com\/es\/wp-json\/wp\/v2\/media\/158535"}],"wp:attachment":[{"href":"https:\/\/shop.moldbrothers.com\/es\/wp-json\/wp\/v2\/media?parent=158534"}],"wp:term":[{"taxonomy":"product_brand","embeddable":true,"href":"https:\/\/shop.moldbrothers.com\/es\/wp-json\/wp\/v2\/product_brand?post=158534"},{"taxonomy":"product_cat","embeddable":true,"href":"https:\/\/shop.moldbrothers.com\/es\/wp-json\/wp\/v2\/product_cat?post=158534"},{"taxonomy":"product_tag","embeddable":true,"href":"https:\/\/shop.moldbrothers.com\/es\/wp-json\/wp\/v2\/product_tag?post=158534"},{"taxonomy":"woo-feed-brand","embeddable":true,"href":"https:\/\/shop.moldbrothers.com\/es\/wp-json\/wp\/v2\/woo-feed-brand?post=158534"}],"curies":[{"name":"wp","href":"https:\/\/api.w.org\/{rel}","templated":true}]}}