{"id":153668,"date":"2023-11-15T15:55:00","date_gmt":"2023-11-15T14:55:00","guid":{"rendered":"https:\/\/shop.moldbrothers.com\/?post_type=product&#038;p=153668"},"modified":"2026-05-13T14:43:58","modified_gmt":"2026-05-13T12:43:58","slug":"tree-silhouette-stencil","status":"publish","type":"product","link":"https:\/\/shop.moldbrothers.com\/es\/producto\/tree-silhouette-stencil\/","title":{"rendered":"Plantilla de silueta de \u00e1rbol"},"content":{"rendered":"","protected":false},"excerpt":{"rendered":"<p>Esta plantilla, con formas de una silueta de \u00e1rboles invernales, est\u00e1 hecha de poliestireno de 1 mm de grosor y contiene 7 formas. Perfecta para a\u00f1adir un toque invernal crujiente a sus platos utilizando tuilles, patatas fritas isomalt aromatizadas o polvos. La plantilla es <em>no<\/em> Se puede lavar en el lavavajillas; recomendamos aclararlo con agua tibia (40\u00b0C) sin utilizar productos de limpieza.<\/p>","protected":false},"featured_media":153631,"template":"","meta":{"_seopress_robots_primary_cat":"none","_seopress_titles_title":"","_seopress_titles_desc":"","_seopress_robots_index":""},"product_brand":[],"product_cat":[170,198],"product_tag":[1454,566,504,1437,1451,1453,820,1448,1007,1006,503,999,1005,1004,1003,1000,1450,1011,649,1008,1452,589,1449,1002,500],"woo-feed-brand":[],"class_list":{"0":"post-153668","1":"product","2":"type-product","3":"status-publish","4":"has-post-thumbnail","6":"product_cat-stencils","7":"product_cat-a3-stencils","8":"product_tag-buche","9":"product_tag-chocolate","10":"product_tag-christmas","11":"product_tag-festive","12":"product_tag-gift","13":"product_tag-gold","14":"product_tag-green","15":"product_tag-holiday","16":"product_tag-joulou","17":"product_tag-jul","18":"product_tag-kerst","19":"product_tag-merry","20":"product_tag-natal","21":"product_tag-natale","22":"product_tag-navidad","23":"product_tag-noel","24":"product_tag-ornament","25":"product_tag-pochoir","26":"product_tag-red","27":"product_tag-snowflake","28":"product_tag-spice","29":"product_tag-star","30":"product_tag-tree","31":"product_tag-weihnachten","32":"product_tag-winter","34":"first","35":"instock","36":"taxable","37":"shipping-taxable","38":"purchasable","39":"product-type-simple"},"_links":{"self":[{"href":"https:\/\/shop.moldbrothers.com\/es\/wp-json\/wp\/v2\/product\/153668","targetHints":{"allow":["GET"]}}],"collection":[{"href":"https:\/\/shop.moldbrothers.com\/es\/wp-json\/wp\/v2\/product"}],"about":[{"href":"https:\/\/shop.moldbrothers.com\/es\/wp-json\/wp\/v2\/types\/product"}],"wp:featuredmedia":[{"embeddable":true,"href":"https:\/\/shop.moldbrothers.com\/es\/wp-json\/wp\/v2\/media\/153631"}],"wp:attachment":[{"href":"https:\/\/shop.moldbrothers.com\/es\/wp-json\/wp\/v2\/media?parent=153668"}],"wp:term":[{"taxonomy":"product_brand","embeddable":true,"href":"https:\/\/shop.moldbrothers.com\/es\/wp-json\/wp\/v2\/product_brand?post=153668"},{"taxonomy":"product_cat","embeddable":true,"href":"https:\/\/shop.moldbrothers.com\/es\/wp-json\/wp\/v2\/product_cat?post=153668"},{"taxonomy":"product_tag","embeddable":true,"href":"https:\/\/shop.moldbrothers.com\/es\/wp-json\/wp\/v2\/product_tag?post=153668"},{"taxonomy":"woo-feed-brand","embeddable":true,"href":"https:\/\/shop.moldbrothers.com\/es\/wp-json\/wp\/v2\/woo-feed-brand?post=153668"}],"curies":[{"name":"wp","href":"https:\/\/api.w.org\/{rel}","templated":true}]}}