{"id":153407,"date":"2023-11-10T08:56:24","date_gmt":"2023-11-10T07:56:24","guid":{"rendered":"https:\/\/shop.moldbrothers.com\/?post_type=product&#038;p=153407"},"modified":"2026-03-24T16:33:55","modified_gmt":"2026-03-24T15:33:55","slug":"alex-dilling-x-moldbrothers-hunter-pollo-molde-2","status":"publish","type":"product","link":"https:\/\/shop.moldbrothers.com\/es\/producto\/alex-dilling-x-moldbrothers-hunter-pollo-molde-2\/","title":{"rendered":"Alex Dilling - Codorniz Forestiere Mold"},"content":{"rendered":"<div class=\"wp-block-columns is-layout-flex wp-container-core-columns-is-layout-9d6595d7 wp-block-columns-is-layout-flex\">\n<div class=\"wp-block-column is-layout-flow wp-block-column-is-layout-flow\" style=\"flex-basis:45%\">\n<figure class=\"wp-block-image size-full\"><a href=\"https:\/\/shop.moldbrothers.com\/wp-content\/uploads\/2023\/11\/WhatsApp-Image-2023-11-09-at-16.15.21.jpeg\"><img decoding=\"async\" width=\"800\" height=\"1206\" src=\"https:\/\/shop.moldbrothers.com\/wp-content\/uploads\/2023\/11\/WhatsApp-Image-2023-11-09-at-16.15.21.jpeg\" alt=\"Alex Dilling\" class=\"wp-image-153396\" srcset=\"https:\/\/shop.moldbrothers.com\/wp-content\/uploads\/2023\/11\/WhatsApp-Image-2023-11-09-at-16.15.21.jpeg 800w, https:\/\/shop.moldbrothers.com\/wp-content\/uploads\/2023\/11\/WhatsApp-Image-2023-11-09-at-16.15.21-768x1158.jpeg 768w, https:\/\/shop.moldbrothers.com\/wp-content\/uploads\/2023\/11\/WhatsApp-Image-2023-11-09-at-16.15.21-8x12.jpeg 8w\" sizes=\"(max-width: 800px) 100vw, 800px\" \/><\/a><\/figure>\n<\/div>\n\n\n\n<div class=\"wp-block-column is-layout-flow wp-block-column-is-layout-flow\" style=\"flex-basis:35.09%\">\n<h6 class=\"wp-block-heading\">Colaboraci\u00f3n<\/h6>\n\n\n\n<h2 class=\"wp-block-heading\">Sobre el Chef<\/h2>\n\n\n\n<p>El chef Alex Dilling fue el antiguo jefe de cocina del renombrado restaurante The Greenhouse** de Londres. Alex est\u00e1 considerado uno de los chefs con m\u00e1s conocimientos t\u00e9cnicos del mundo. Cuando a Alex se le ocurri\u00f3 su idea del molde \"Pollo a la cazadora\" nos pidi\u00f3 que le ayud\u00e1ramos. Muchos de ustedes s\u00f3lo pod\u00edan adivinar c\u00f3mo se hizo este incre\u00edble plato, el secreto: mucha habilidad, perseverancia y un poco de ayuda de un molde a medida.<\/p>\n\n\n<div class=\"wp-block-image\">\n<figure class=\"alignleft size-full is-resized\"><img decoding=\"async\" width=\"856\" height=\"857\" src=\"https:\/\/shop.moldbrothers.com\/wp-content\/uploads\/2022\/02\/ad-logo.jpeg\" alt=\"\" class=\"wp-image-124029\" style=\"aspect-ratio:0.9988331388564761;width:164px;height:auto\" srcset=\"https:\/\/shop.moldbrothers.com\/wp-content\/uploads\/2022\/02\/ad-logo.jpeg 856w, https:\/\/shop.moldbrothers.com\/wp-content\/uploads\/2022\/02\/ad-logo-100x100.jpeg 100w, https:\/\/shop.moldbrothers.com\/wp-content\/uploads\/2022\/02\/ad-logo-600x601.jpeg 600w, https:\/\/shop.moldbrothers.com\/wp-content\/uploads\/2022\/02\/ad-logo-150x150.jpeg 150w, https:\/\/shop.moldbrothers.com\/wp-content\/uploads\/2022\/02\/ad-logo-12x12.jpeg 12w\" sizes=\"(max-width: 856px) 100vw, 856px\" \/><\/figure>\n<\/div><\/div>\n<\/div>","protected":false},"excerpt":{"rendered":"<p>Molde de silicona de alta calidad con la forma del plato \"Qual Forrestiere\" de Alex Dilling. El molde contiene 1 forma y es de silicona alimentaria 100%. El molde puede soportar una temperatura de entre -40 \u00b0C y +200 \u00b0C. Por lo tanto, el molde es apto tanto para el congelador (de choque) como para el horno.<\/p>\n<p>*Adem\u00e1s, recibir\u00e1s una tarjeta de recetas impresa del chef Alex Dilling, con la receta de su plato \"Codorniz Forrestiere\".<\/p>","protected":false},"featured_media":153412,"template":"","meta":{"_seopress_robots_primary_cat":"none","_seopress_titles_title":"","_seopress_titles_desc":"","_seopress_robots_index":"yes"},"product_brand":[],"product_cat":[159,229,231],"product_tag":[513,515,514,516,518,517],"woo-feed-brand":[],"class_list":{"0":"post-153407","1":"product","2":"type-product","3":"status-publish","4":"has-post-thumbnail","6":"product_cat-3dmolds","7":"product_cat-abstract","8":"product_cat-hidden","9":"product_tag-chicken","10":"product_tag-farce","11":"product_tag-kip","12":"product_tag-poultry","13":"product_tag-recept","14":"product_tag-recipe","16":"first","17":"instock","18":"taxable","19":"shipping-taxable","20":"purchasable","21":"product-type-simple"},"_links":{"self":[{"href":"https:\/\/shop.moldbrothers.com\/es\/wp-json\/wp\/v2\/product\/153407","targetHints":{"allow":["GET"]}}],"collection":[{"href":"https:\/\/shop.moldbrothers.com\/es\/wp-json\/wp\/v2\/product"}],"about":[{"href":"https:\/\/shop.moldbrothers.com\/es\/wp-json\/wp\/v2\/types\/product"}],"wp:featuredmedia":[{"embeddable":true,"href":"https:\/\/shop.moldbrothers.com\/es\/wp-json\/wp\/v2\/media\/153412"}],"wp:attachment":[{"href":"https:\/\/shop.moldbrothers.com\/es\/wp-json\/wp\/v2\/media?parent=153407"}],"wp:term":[{"taxonomy":"product_brand","embeddable":true,"href":"https:\/\/shop.moldbrothers.com\/es\/wp-json\/wp\/v2\/product_brand?post=153407"},{"taxonomy":"product_cat","embeddable":true,"href":"https:\/\/shop.moldbrothers.com\/es\/wp-json\/wp\/v2\/product_cat?post=153407"},{"taxonomy":"product_tag","embeddable":true,"href":"https:\/\/shop.moldbrothers.com\/es\/wp-json\/wp\/v2\/product_tag?post=153407"},{"taxonomy":"woo-feed-brand","embeddable":true,"href":"https:\/\/shop.moldbrothers.com\/es\/wp-json\/wp\/v2\/woo-feed-brand?post=153407"}],"curies":[{"name":"wp","href":"https:\/\/api.w.org\/{rel}","templated":true}]}}